{"id":22038,"date":"2022-09-10T19:36:18","date_gmt":"2022-09-10T19:36:18","guid":{"rendered":"https:\/\/eltiomascotas.com.mx\/?page_id=22038"},"modified":"2023-02-14T00:53:04","modified_gmt":"2023-02-14T00:53:04","slug":"aviso-de-privacidad","status":"publish","type":"page","link":"https:\/\/eltiomascotas.com.mx\/index.php\/aviso-de-privacidad\/","title":{"rendered":"Aviso de Privacidad"},"content":{"rendered":"\t\t<div data-elementor-type=\"wp-page\" data-elementor-id=\"22038\" class=\"elementor elementor-22038\">\n\t\t\t\t\t\t<section class=\"elementor-section elementor-top-section elementor-element elementor-element-b3f3fbb elementor-section-boxed elementor-section-height-default elementor-section-height-default\" data-id=\"b3f3fbb\" data-element_type=\"section\">\n\t\t\t\t\t\t<div class=\"elementor-container elementor-column-gap-default\">\n\t\t\t\t\t<div class=\"elementor-column elementor-col-100 elementor-top-column elementor-element elementor-element-fa3c0ac\" data-id=\"fa3c0ac\" data-element_type=\"column\">\n\t\t\t<div class=\"elementor-widget-wrap elementor-element-populated\">\n\t\t\t\t\t\t<div class=\"elementor-element elementor-element-5f54d62 elementor-widget elementor-widget-text-editor\" data-id=\"5f54d62\" data-element_type=\"widget\" data-widget_type=\"text-editor.default\">\n\t\t\t\t<div class=\"elementor-widget-container\">\n\t\t\t\t\t\t\t<div class=\"container\"><span style=\"color: #000000;\"><strong>Aviso de Privacidad<\/strong><\/span> Con base en la Ley Federal de Protecci\u00f3n de Datos Personales de Particulares,<span style=\"color: #000000;\"> El T\u00edo<\/span> <span style=\"color: #f54949;\">Ma<\/span><span style=\"color: #e3b605;\">sc<\/span><span style=\"color: #6bbbcf;\">ot<\/span><span style=\"color: #339966;\">as<\/span> reconoce que la privacidad de su informaci\u00f3n es de suma importancia para usted y nosotros, por lo cual <span style=\"color: #000000;\">El T\u00edo<\/span> <span style=\"color: #f54949;\">Ma<\/span><span style=\"color: #e3b605;\">sc<\/span><span style=\"color: #6bbbcf;\">ot<\/span><span style=\"color: #339966;\">as<\/span> se encuentra comprometido a resguardar su informaci\u00f3n personal con la mayor discreci\u00f3n, seguridad legal, tecnol\u00f3gica y administrativa. As\u00ed mismo, a no vender, alquilar, compartir o divulgar su informaci\u00f3n personal a terceros con fines il\u00edcitos o contrarios a los de su titular.<\/div><div class=\"container\">\u00a0<\/div><div class=\"container\">De acuerdo a lo anterior, el presente <span style=\"color: #000000;\">\u201c<strong>AVISO DE PRIVACIDAD<\/strong>\u201d<\/span> se aplica a toda la informaci\u00f3n, incluyendo a la informaci\u00f3n personal recopilada por nuestra empresa, as\u00ed como de terceros con los que celebremos o vayamos a celebrar relaci\u00f3n contractual, a efecto de brindarle servicios personalizados, contando siempre con los mismos niveles de seguridad exigidos por la ley.<\/div><div class=\"container\">\u00a0<\/div><div class=\"container\">Por lo antes mencionado, y al momento de leer el presente<strong>\u00a0<span style=\"color: #000000;\">\u201cAVISO DE PRIVACIDAD\u201d<\/span><\/strong>, usted otorga su consentimiento a <span style=\"color: #000000;\">El T\u00edo<\/span> <span style=\"color: #f54949;\">Ma<\/span><span style=\"color: #e3b605;\">sc<\/span><span style=\"color: #6bbbcf;\">ot<\/span><span style=\"color: #339966;\">as<\/span> para recopilar y utilizar sus datos personales para los fines que m\u00e1s adelante se especifican.<\/div><div class=\"container\">\u00a0<\/div><div class=\"container\"><span style=\"color: #333333;\"><strong>\u00bfQu\u00e9 tipo de informaci\u00f3n recopilamos?<\/strong><\/span><\/div><div class=\"container\">\u00a0<\/div><div class=\"container\">En esta recopilaci\u00f3n nosotros nos comprometemos a observar y cumplir con los principios de legalidad, consentimiento, informaci\u00f3n, lealtad y responsabilidad. Esto es, todos los datos que le solicitamos son recabados de manera l\u00edcita conforme a la Ley Federal de Protecci\u00f3n de Datos en Posesi\u00f3n de los Particulares, con el consentimiento de usted, recopilando \u00fanica y exclusivamente los datos, pertinentes , correctos, actualizados y necesarios para cumplir con nuestro fin \u00fanico de cumplir con nuestro objeto social.<\/div><div class=\"container\">\u00a0<\/div><div class=\"container\"><span style=\"color: #333333;\"><strong>\u00bfCu\u00e1ndo recopilamos la informaci\u00f3n?<\/strong><\/span><\/div><div class=\"container\">\u00a0<\/div><div class=\"container\">Cuando solicita nuestros productos a trav\u00e9s de nuestro sitio web de comercio electr\u00f3nico, cuando visita nuestro sitio web informativo y por medio telef\u00f3nico, as\u00ed como tambi\u00e9n ahora que usted puede modificar los datos registrados.<\/div><div class=\"container\">\u00a0<\/div><div class=\"container\"><span style=\"color: #333333;\"><strong>RECTIFICACI\u00d3N:<\/strong><\/span><\/div><div class=\"container\">\u00a0<\/div><div class=\"container\">Usted podr\u00e1 solicitarnos que cualquiera de sus datos sea corregido, en caso de que tengamos registrado alguno err\u00f3neamente.<\/div><div class=\"container\">\u00a0<\/div><div class=\"container\"><span style=\"color: #333333;\"><strong>CANCELACI\u00d3N:<\/strong><\/span><\/div><div>\u00a0<\/div><div class=\"container\">Podr\u00e1 pedir que cancelemos o demos de baja sus datos siempre y cuando exista una causa que justifique dicha acci\u00f3n y no tenga obligaci\u00f3n pendiente con <span style=\"color: #000000;\">El T\u00edo<\/span> <span style=\"color: #f54949;\">Ma<\/span><span style=\"color: #e3b605;\">sc<\/span><span style=\"color: #6bbbcf;\">ot<\/span><span style=\"color: #339966;\">as<\/span>.<\/div>\t\t\t\t\t\t<\/div>\n\t\t\t\t<\/div>\n\t\t\t\t\t<\/div>\n\t\t<\/div>\n\t\t\t\t\t<\/div>\n\t\t<\/section>\n\t\t\t\t<\/div>\n\t\t","protected":false},"excerpt":{"rendered":"<p>Aviso de Privacidad Con base en la Ley Federal de Protecci\u00f3n de Datos Personales de Particulares, El T\u00edo Mascotas reconoce que la privacidad de su informaci\u00f3n es de suma importancia para usted y nosotros, por lo cual El T\u00edo Mascotas se encuentra comprometido a resguardar su informaci\u00f3n personal con la mayor discreci\u00f3n, seguridad legal, tecnol\u00f3gica [&hellip;]<\/p>\n","protected":false},"author":1,"featured_media":0,"parent":0,"menu_order":0,"comment_status":"closed","ping_status":"closed","template":"","meta":{"footnotes":""},"class_list":["post-22038","page","type-page","status-publish","hentry"],"jetpack_sharing_enabled":true,"_links":{"self":[{"href":"https:\/\/eltiomascotas.com.mx\/index.php\/wp-json\/wp\/v2\/pages\/22038","targetHints":{"allow":["GET"]}}],"collection":[{"href":"https:\/\/eltiomascotas.com.mx\/index.php\/wp-json\/wp\/v2\/pages"}],"about":[{"href":"https:\/\/eltiomascotas.com.mx\/index.php\/wp-json\/wp\/v2\/types\/page"}],"author":[{"embeddable":true,"href":"https:\/\/eltiomascotas.com.mx\/index.php\/wp-json\/wp\/v2\/users\/1"}],"replies":[{"embeddable":true,"href":"https:\/\/eltiomascotas.com.mx\/index.php\/wp-json\/wp\/v2\/comments?post=22038"}],"version-history":[{"count":24,"href":"https:\/\/eltiomascotas.com.mx\/index.php\/wp-json\/wp\/v2\/pages\/22038\/revisions"}],"predecessor-version":[{"id":22412,"href":"https:\/\/eltiomascotas.com.mx\/index.php\/wp-json\/wp\/v2\/pages\/22038\/revisions\/22412"}],"wp:attachment":[{"href":"https:\/\/eltiomascotas.com.mx\/index.php\/wp-json\/wp\/v2\/media?parent=22038"}],"curies":[{"name":"wp","href":"https:\/\/api.w.org\/{rel}","templated":true}]}}