{"id":16315,"date":"2020-12-05T09:00:25","date_gmt":"2020-12-05T09:00:25","guid":{"rendered":"https:\/\/wpbingosite.com\/wordpress\/petio\/?post_type=product&#038;p=16315"},"modified":"2024-10-09T15:28:39","modified_gmt":"2024-10-09T20:28:39","slug":"phasellus-rhoncus-vulputate-eros-ac-ultrices-magna","status":"publish","type":"product","link":"https:\/\/eltiomascotas.com.mx\/index.php\/product\/phasellus-rhoncus-vulputate-eros-ac-ultrices-magna\/","title":{"rendered":"Filtro Interno Acuario Pecera De 40 A 80 Lts 650 L\/h 4390"},"content":{"rendered":"<p>FILTRO INTERNO PARA ACUARIOS DE 40 A 80 LITROS<\/p>\n<p>El Filtro Interno Acuario Aqua-Kril 4390 es la soluci\u00f3n perfecta para mantener el agua de tu acuario limpia y saludable. Con una capacidad m\u00e1xima de 80 litros y un caudal m\u00e1ximo por hora de 650 l\/h, garantiza una filtraci\u00f3n eficiente y constante. Su dise\u00f1o compacto y dimensiones de 17 cm de altura, 10 cm de largo y 7 cm de ancho lo hacen ideal para acuarios de diferentes tama\u00f1os. Adem\u00e1s, su potencia de 15 W asegura un funcionamiento \u00f3ptimo sin consumir demasiada energ\u00eda.<\/p>\n","protected":false},"excerpt":{"rendered":"<p>FILTRO INTERNO PARA ACUARIOS DE 40 A 80 LITROS<\/p>\n","protected":false},"featured_media":24043,"comment_status":"open","ping_status":"closed","template":"","meta":[],"product_cat":[256],"product_tag":[266,268,267],"class_list":{"0":"post-16315","1":"product","2":"type-product","3":"status-publish","4":"has-post-thumbnail","6":"product_brand-aquakril","7":"product_cat-filtros-bombas","8":"product_tag-alimento","9":"product_tag-sunny","10":"product_tag-tortuga","13":"first","14":"instock","15":"taxable","16":"shipping-taxable","17":"purchasable","18":"product-type-simple"},"jetpack_sharing_enabled":true,"_links":{"self":[{"href":"https:\/\/eltiomascotas.com.mx\/index.php\/wp-json\/wp\/v2\/product\/16315","targetHints":{"allow":["GET"]}}],"collection":[{"href":"https:\/\/eltiomascotas.com.mx\/index.php\/wp-json\/wp\/v2\/product"}],"about":[{"href":"https:\/\/eltiomascotas.com.mx\/index.php\/wp-json\/wp\/v2\/types\/product"}],"replies":[{"embeddable":true,"href":"https:\/\/eltiomascotas.com.mx\/index.php\/wp-json\/wp\/v2\/comments?post=16315"}],"version-history":[{"count":4,"href":"https:\/\/eltiomascotas.com.mx\/index.php\/wp-json\/wp\/v2\/product\/16315\/revisions"}],"predecessor-version":[{"id":24047,"href":"https:\/\/eltiomascotas.com.mx\/index.php\/wp-json\/wp\/v2\/product\/16315\/revisions\/24047"}],"wp:featuredmedia":[{"embeddable":true,"href":"https:\/\/eltiomascotas.com.mx\/index.php\/wp-json\/wp\/v2\/media\/24043"}],"wp:attachment":[{"href":"https:\/\/eltiomascotas.com.mx\/index.php\/wp-json\/wp\/v2\/media?parent=16315"}],"wp:term":[{"taxonomy":"product_cat","embeddable":true,"href":"https:\/\/eltiomascotas.com.mx\/index.php\/wp-json\/wp\/v2\/product_cat?post=16315"},{"taxonomy":"product_tag","embeddable":true,"href":"https:\/\/eltiomascotas.com.mx\/index.php\/wp-json\/wp\/v2\/product_tag?post=16315"}],"curies":[{"name":"wp","href":"https:\/\/api.w.org\/{rel}","templated":true}]}}