{"id":16541,"date":"2020-12-08T02:50:12","date_gmt":"2020-12-08T02:50:12","guid":{"rendered":"https:\/\/wpbingosite.com\/wordpress\/petio\/?post_type=product&#038;p=16541"},"modified":"2024-06-25T23:07:08","modified_gmt":"2024-06-26T04:07:08","slug":"suspendisse-eu-mauris-dapibus-gravida-enim-vel","status":"publish","type":"product","link":"https:\/\/eltiomascotas.com.mx\/index.php\/product\/suspendisse-eu-mauris-dapibus-gravida-enim-vel\/","title":{"rendered":"N\u00e9ctar Para Colibr\u00ed &#8211; 5L"},"content":{"rendered":"<p>ALIMENTO N\u00c9CTAR PARA COLIBR\u00cd &#8211; LISTO PARA USAR<\/p>\n<p>CONTENIDO:<br \/>\n5 BOTELLAS DE 1L C\/U<\/p>\n<p>MODO DE USO:<br \/>\nLlene el contenedor de su bebedero para colibr\u00ed con el n\u00e9ctar de EL TIO MASCOTAS sin diluir, arme el bebedero, cu\u00e9lguelo en su jard\u00edn y listo.<\/p>\n<p>INGREDIENTES:<br \/>\nSacarosa, \u00e1cido c\u00edtrico, agua destilada, colorantes artificiales, saborizantes artificiales y sorbato de potasio como conservador.<\/p>\n","protected":false},"excerpt":{"rendered":"<p>ALIMENTO N\u00c9CTAR PARA COLIBR\u00cd &#8211; LISTO PARA USAR<\/p>\n<p>CONTENIDO:<br \/>\n5 BOTELLAS DE 1L CADA UNA; EN TOTAL 5L<\/p>\n","protected":false},"featured_media":21367,"comment_status":"open","ping_status":"closed","template":"","meta":[],"product_cat":[82],"product_tag":[278,279],"class_list":{"0":"post-16541","1":"product","2":"type-product","3":"status-publish","4":"has-post-thumbnail","6":"product_brand-eltiomascotas","7":"product_cat-alimento-para-colibries","8":"product_tag-alimento-para-colibries","9":"product_tag-nectar-para-colibries","12":"first","13":"instock","14":"purchasable","15":"product-type-simple"},"jetpack_sharing_enabled":true,"_links":{"self":[{"href":"https:\/\/eltiomascotas.com.mx\/index.php\/wp-json\/wp\/v2\/product\/16541","targetHints":{"allow":["GET"]}}],"collection":[{"href":"https:\/\/eltiomascotas.com.mx\/index.php\/wp-json\/wp\/v2\/product"}],"about":[{"href":"https:\/\/eltiomascotas.com.mx\/index.php\/wp-json\/wp\/v2\/types\/product"}],"replies":[{"embeddable":true,"href":"https:\/\/eltiomascotas.com.mx\/index.php\/wp-json\/wp\/v2\/comments?post=16541"}],"version-history":[{"count":3,"href":"https:\/\/eltiomascotas.com.mx\/index.php\/wp-json\/wp\/v2\/product\/16541\/revisions"}],"predecessor-version":[{"id":22868,"href":"https:\/\/eltiomascotas.com.mx\/index.php\/wp-json\/wp\/v2\/product\/16541\/revisions\/22868"}],"wp:featuredmedia":[{"embeddable":true,"href":"https:\/\/eltiomascotas.com.mx\/index.php\/wp-json\/wp\/v2\/media\/21367"}],"wp:attachment":[{"href":"https:\/\/eltiomascotas.com.mx\/index.php\/wp-json\/wp\/v2\/media?parent=16541"}],"wp:term":[{"taxonomy":"product_cat","embeddable":true,"href":"https:\/\/eltiomascotas.com.mx\/index.php\/wp-json\/wp\/v2\/product_cat?post=16541"},{"taxonomy":"product_tag","embeddable":true,"href":"https:\/\/eltiomascotas.com.mx\/index.php\/wp-json\/wp\/v2\/product_tag?post=16541"}],"curies":[{"name":"wp","href":"https:\/\/api.w.org\/{rel}","templated":true}]}}