{"id":16588,"date":"2020-12-08T08:04:02","date_gmt":"2020-12-08T08:04:02","guid":{"rendered":"https:\/\/wpbingosite.com\/wordpress\/petio\/?post_type=product&#038;p=16588"},"modified":"2024-06-25T23:04:03","modified_gmt":"2024-06-26T04:04:03","slug":"donec-faucibus-odio-felis-nec-viverra-nisi-sollicitudin","status":"publish","type":"product","link":"https:\/\/eltiomascotas.com.mx\/index.php\/product\/donec-faucibus-odio-felis-nec-viverra-nisi-sollicitudin\/","title":{"rendered":"N\u00e9ctar Para Colibr\u00ed &#8211; 2L"},"content":{"rendered":"<p>ALIMENTO N\u00c9CTAR PARA COLIBR\u00cd &#8211; LISTO PARA USAR<\/p>\n<p>CONTENIDO:<br \/>\n2 BOTELLAS DE 1L C\/U<\/p>\n<p>MODO DE USO:<br \/>\nLlene el contenedor de su bebedero para colibr\u00ed con el n\u00e9ctar de EL TIO MASCOTAS sin diluir, arme el bebedero, cu\u00e9lguelo en su jard\u00edn y listo.<\/p>\n<p>INGREDIENTES:<br \/>\nSacarosa, \u00e1cido c\u00edtrico, agua destilada, colorantes artificiales, saborizantes artificiales y sorbato de potasio como conservador.<\/p>\n","protected":false},"excerpt":{"rendered":"<p>ALIMENTO N\u00c9CTAR PARA COLIBR\u00cd &#8211; LISTO PARA USAR<\/p>\n<p>CONTENIDO:<br \/>\n2 BOTELLAS DE 1L CADA UNA; EN TOTAL 2L<\/p>\n<p>INCLUYE REGALO:<\/p>\n<p>1 BEBEDERO PARA COLIBRIES<\/p>\n","protected":false},"featured_media":23417,"comment_status":"open","ping_status":"closed","template":"","meta":[],"product_cat":[82],"product_tag":[275,279],"class_list":{"0":"post-16588","1":"product","2":"type-product","3":"status-publish","4":"has-post-thumbnail","6":"product_brand-eltiomascotas","7":"product_cat-alimento-para-colibries","8":"product_tag-alimento-para-aves","9":"product_tag-nectar-para-colibries","12":"first","13":"instock","14":"taxable","15":"shipping-taxable","16":"purchasable","17":"product-type-simple"},"jetpack_sharing_enabled":true,"_links":{"self":[{"href":"https:\/\/eltiomascotas.com.mx\/index.php\/wp-json\/wp\/v2\/product\/16588","targetHints":{"allow":["GET"]}}],"collection":[{"href":"https:\/\/eltiomascotas.com.mx\/index.php\/wp-json\/wp\/v2\/product"}],"about":[{"href":"https:\/\/eltiomascotas.com.mx\/index.php\/wp-json\/wp\/v2\/types\/product"}],"replies":[{"embeddable":true,"href":"https:\/\/eltiomascotas.com.mx\/index.php\/wp-json\/wp\/v2\/comments?post=16588"}],"version-history":[{"count":2,"href":"https:\/\/eltiomascotas.com.mx\/index.php\/wp-json\/wp\/v2\/product\/16588\/revisions"}],"predecessor-version":[{"id":22698,"href":"https:\/\/eltiomascotas.com.mx\/index.php\/wp-json\/wp\/v2\/product\/16588\/revisions\/22698"}],"wp:featuredmedia":[{"embeddable":true,"href":"https:\/\/eltiomascotas.com.mx\/index.php\/wp-json\/wp\/v2\/media\/23417"}],"wp:attachment":[{"href":"https:\/\/eltiomascotas.com.mx\/index.php\/wp-json\/wp\/v2\/media?parent=16588"}],"wp:term":[{"taxonomy":"product_cat","embeddable":true,"href":"https:\/\/eltiomascotas.com.mx\/index.php\/wp-json\/wp\/v2\/product_cat?post=16588"},{"taxonomy":"product_tag","embeddable":true,"href":"https:\/\/eltiomascotas.com.mx\/index.php\/wp-json\/wp\/v2\/product_tag?post=16588"}],"curies":[{"name":"wp","href":"https:\/\/api.w.org\/{rel}","templated":true}]}}