{"id":22067,"date":"2022-09-11T19:21:14","date_gmt":"2022-09-11T19:21:14","guid":{"rendered":"https:\/\/eltiomascotas.com.mx\/?post_type=product&#038;p=22067"},"modified":"2024-01-30T13:47:50","modified_gmt":"2024-01-30T19:47:50","slug":"arnes-de-capitan-america-con-correa","status":"publish","type":"product","link":"https:\/\/eltiomascotas.com.mx\/index.php\/product\/arnes-de-capitan-america-con-correa\/","title":{"rendered":"Arn\u00e9s De Capitan Am\u00e9rica Con Correa"},"content":{"rendered":"<p>ARN\u00c9S DE CAPITAN AM\u00c9RICA CON CORREA PARA AVES<\/p>\n<p>Ideal para todo tipo de aves<\/p>\n","protected":false},"excerpt":{"rendered":"<p>XCH: Ideal para (Periquitos Australianos, Agapornis o Similares)<br \/>\nCH: Ideal para (Cotorritos, Pericos, Ninfas o Similares)<br \/>\nMED: Ideal para (Loros Cabeza Amarilla o Similares)<br \/>\nGDE: Ideal para (Loros Grandes, Cacatuas o Similares)<\/p>\n","protected":false},"featured_media":22069,"comment_status":"open","ping_status":"closed","template":"","meta":[],"product_cat":[134],"product_tag":[193,194],"class_list":{"0":"post-22067","1":"product","2":"type-product","3":"status-publish","4":"has-post-thumbnail","6":"product_brand-eltiomascotas","7":"product_cat-arnes-para-aves","8":"product_tag-arnes-ave","9":"product_tag-correa-ave","12":"first","13":"instock","14":"taxable","15":"shipping-taxable","16":"purchasable","17":"product-type-variable"},"jetpack_sharing_enabled":true,"_links":{"self":[{"href":"https:\/\/eltiomascotas.com.mx\/index.php\/wp-json\/wp\/v2\/product\/22067","targetHints":{"allow":["GET"]}}],"collection":[{"href":"https:\/\/eltiomascotas.com.mx\/index.php\/wp-json\/wp\/v2\/product"}],"about":[{"href":"https:\/\/eltiomascotas.com.mx\/index.php\/wp-json\/wp\/v2\/types\/product"}],"replies":[{"embeddable":true,"href":"https:\/\/eltiomascotas.com.mx\/index.php\/wp-json\/wp\/v2\/comments?post=22067"}],"version-history":[{"count":5,"href":"https:\/\/eltiomascotas.com.mx\/index.php\/wp-json\/wp\/v2\/product\/22067\/revisions"}],"predecessor-version":[{"id":22781,"href":"https:\/\/eltiomascotas.com.mx\/index.php\/wp-json\/wp\/v2\/product\/22067\/revisions\/22781"}],"wp:featuredmedia":[{"embeddable":true,"href":"https:\/\/eltiomascotas.com.mx\/index.php\/wp-json\/wp\/v2\/media\/22069"}],"wp:attachment":[{"href":"https:\/\/eltiomascotas.com.mx\/index.php\/wp-json\/wp\/v2\/media?parent=22067"}],"wp:term":[{"taxonomy":"product_cat","embeddable":true,"href":"https:\/\/eltiomascotas.com.mx\/index.php\/wp-json\/wp\/v2\/product_cat?post=22067"},{"taxonomy":"product_tag","embeddable":true,"href":"https:\/\/eltiomascotas.com.mx\/index.php\/wp-json\/wp\/v2\/product_tag?post=22067"}],"curies":[{"name":"wp","href":"https:\/\/api.w.org\/{rel}","templated":true}]}}