{"id":22446,"date":"2023-11-20T19:03:40","date_gmt":"2023-11-20T19:03:40","guid":{"rendered":"https:\/\/eltiomascotas.com.mx\/?post_type=product&#038;p=22446"},"modified":"2023-11-27T19:42:53","modified_gmt":"2023-11-27T19:42:53","slug":"juguete-hueso-triple-bambu-pollo","status":"publish","type":"product","link":"https:\/\/eltiomascotas.com.mx\/index.php\/product\/juguete-hueso-triple-bambu-pollo\/","title":{"rendered":"Juguete Hueso Triple Bambu Pollo"},"content":{"rendered":"<p>Juguete masticable, resistente, en forma de hueso, ideal para satisfacer el instinto de morder de los perros. Gracias a su material de fabricaci\u00f3n con fibra de bamb\u00fa, proporciona textura y consistencia como si mordiera una rama de \u00e1rbol. Beneficios: Satisface el instinto natural de masticaci\u00f3n al mismo tiempo que su textura limpia los dientes.<\/p>\n","protected":false},"excerpt":{"rendered":"<p>Juguete masticable, resistente, en forma de hueso, ideal para satisfacer el instinto de morder de los perros. Gracias a su material de fabricaci\u00f3n con fibra de bamb\u00fa, proporciona textura y consistencia como si mordiera una rama de \u00e1rbol. Beneficios: Satisface el instinto natural de masticaci\u00f3n al mismo tiempo que su textura limpia los dientes.<\/p>\n","protected":false},"featured_media":22447,"comment_status":"open","ping_status":"closed","template":"","meta":[],"product_cat":[213],"product_tag":[],"class_list":{"0":"post-22446","1":"product","2":"type-product","3":"status-publish","4":"has-post-thumbnail","6":"product_cat-juguetes-para-perros","9":"first","10":"instock","11":"taxable","12":"shipping-taxable","13":"purchasable","14":"product-type-simple"},"jetpack_sharing_enabled":true,"_links":{"self":[{"href":"https:\/\/eltiomascotas.com.mx\/index.php\/wp-json\/wp\/v2\/product\/22446","targetHints":{"allow":["GET"]}}],"collection":[{"href":"https:\/\/eltiomascotas.com.mx\/index.php\/wp-json\/wp\/v2\/product"}],"about":[{"href":"https:\/\/eltiomascotas.com.mx\/index.php\/wp-json\/wp\/v2\/types\/product"}],"replies":[{"embeddable":true,"href":"https:\/\/eltiomascotas.com.mx\/index.php\/wp-json\/wp\/v2\/comments?post=22446"}],"version-history":[{"count":2,"href":"https:\/\/eltiomascotas.com.mx\/index.php\/wp-json\/wp\/v2\/product\/22446\/revisions"}],"predecessor-version":[{"id":22450,"href":"https:\/\/eltiomascotas.com.mx\/index.php\/wp-json\/wp\/v2\/product\/22446\/revisions\/22450"}],"wp:featuredmedia":[{"embeddable":true,"href":"https:\/\/eltiomascotas.com.mx\/index.php\/wp-json\/wp\/v2\/media\/22447"}],"wp:attachment":[{"href":"https:\/\/eltiomascotas.com.mx\/index.php\/wp-json\/wp\/v2\/media?parent=22446"}],"wp:term":[{"taxonomy":"product_cat","embeddable":true,"href":"https:\/\/eltiomascotas.com.mx\/index.php\/wp-json\/wp\/v2\/product_cat?post=22446"},{"taxonomy":"product_tag","embeddable":true,"href":"https:\/\/eltiomascotas.com.mx\/index.php\/wp-json\/wp\/v2\/product_tag?post=22446"}],"curies":[{"name":"wp","href":"https:\/\/api.w.org\/{rel}","templated":true}]}}