{"id":22464,"date":"2023-11-27T20:39:08","date_gmt":"2023-11-27T20:39:08","guid":{"rendered":"https:\/\/eltiomascotas.com.mx\/?post_type=product&#038;p=22464"},"modified":"2025-06-18T17:36:41","modified_gmt":"2025-06-18T23:36:41","slug":"iguanabits-300g","status":"publish","type":"product","link":"https:\/\/eltiomascotas.com.mx\/index.php\/product\/iguanabits-300g\/","title":{"rendered":"Alimento Comida Para Iguanas Bolitas Iguana Bits Bolsa 500g"},"content":{"rendered":"<p>Alimento Premium Para Iguanas Iguanabits 500g<\/p>\n<p>Alimento premium balanceado para Iguanas, con ingredientes naturales y elaborado en M\u00e9xico.<\/p>\n<p>Este alimento es id\u00f3neo para el sano desarrollo de tu Iguana, es esencial en el desarrollo normal del esqueleto y de las funciones vitales del organismo.<\/p>\n<p>Est\u00e1 recomendado como alimento \u00fanico (nutrici\u00f3n total), para no perder el balance nutricional perfecto.<\/p>\n<p>En ejemplares de tallas grandes, se puede usar junto con vegetales frescos adecuados por su contenido Ca:P. Previene y ayuda a recuperar ejemplares que han sufrido descalcificaci\u00f3n severa.<\/p>\n<p>Sin colorantes ni saborizantes artificiales.<\/p>\n<p>INSTRUCCIONES DE USO:<br \/>\nPon a hidratar en agua limpia la cantidad de esferas que consideres que tu iguana comer\u00e1. Una vez que el alimento tiene consistencia de esponja est\u00e1 listo podr\u00e1s ofrecerlo en un plato, ya sea solo o mezclado con vegetales frescos. La frecuencia de alimentaci\u00f3n ideal es de al menos 3 veces por semana, aunque en la temporada de calor probablemente se requiera incrementar a 4 d\u00edas o incluso diario, dependiendo del apetito mostrado por el ejemplar.<\/p>\n","protected":false},"excerpt":{"rendered":"<p>BOLSA IGUANABITS 500G<\/p>\n","protected":false},"featured_media":24992,"comment_status":"open","ping_status":"closed","template":"","meta":[],"product_cat":[215],"product_tag":[401,437,438],"class_list":{"0":"post-22464","1":"product","2":"type-product","3":"status-publish","4":"has-post-thumbnail","6":"product_brand-petmmal","7":"product_cat-alimento-para-iguanas","8":"product_tag-alimento-iguana","9":"product_tag-comida-para-iguana","10":"product_tag-iguanabits-500g","13":"first","14":"instock","15":"sale","16":"taxable","17":"shipping-taxable","18":"purchasable","19":"product-type-simple"},"jetpack_sharing_enabled":true,"_links":{"self":[{"href":"https:\/\/eltiomascotas.com.mx\/index.php\/wp-json\/wp\/v2\/product\/22464","targetHints":{"allow":["GET"]}}],"collection":[{"href":"https:\/\/eltiomascotas.com.mx\/index.php\/wp-json\/wp\/v2\/product"}],"about":[{"href":"https:\/\/eltiomascotas.com.mx\/index.php\/wp-json\/wp\/v2\/types\/product"}],"replies":[{"embeddable":true,"href":"https:\/\/eltiomascotas.com.mx\/index.php\/wp-json\/wp\/v2\/comments?post=22464"}],"version-history":[{"count":6,"href":"https:\/\/eltiomascotas.com.mx\/index.php\/wp-json\/wp\/v2\/product\/22464\/revisions"}],"predecessor-version":[{"id":25305,"href":"https:\/\/eltiomascotas.com.mx\/index.php\/wp-json\/wp\/v2\/product\/22464\/revisions\/25305"}],"wp:featuredmedia":[{"embeddable":true,"href":"https:\/\/eltiomascotas.com.mx\/index.php\/wp-json\/wp\/v2\/media\/24992"}],"wp:attachment":[{"href":"https:\/\/eltiomascotas.com.mx\/index.php\/wp-json\/wp\/v2\/media?parent=22464"}],"wp:term":[{"taxonomy":"product_cat","embeddable":true,"href":"https:\/\/eltiomascotas.com.mx\/index.php\/wp-json\/wp\/v2\/product_cat?post=22464"},{"taxonomy":"product_tag","embeddable":true,"href":"https:\/\/eltiomascotas.com.mx\/index.php\/wp-json\/wp\/v2\/product_tag?post=22464"}],"curies":[{"name":"wp","href":"https:\/\/api.w.org\/{rel}","templated":true}]}}