{"id":22469,"date":"2023-11-27T21:08:49","date_gmt":"2023-11-27T21:08:49","guid":{"rendered":"https:\/\/eltiomascotas.com.mx\/?post_type=product&#038;p=22469"},"modified":"2025-06-19T01:30:42","modified_gmt":"2025-06-19T07:30:42","slug":"sustrato-organico-fibra-de-coco-10l","status":"publish","type":"product","link":"https:\/\/eltiomascotas.com.mx\/index.php\/product\/sustrato-organico-fibra-de-coco-10l\/","title":{"rendered":"Sustrato Org\u00e1nico &#8211; Fibra Coco &#8211; 1kg"},"content":{"rendered":"<p>Ayuda a mantener una humedad adecuada en tu terrario, ya que este sustrato tiene alta capacidad de retenci\u00f3n de agua, ideal para r\u00e9ptiles, anfibios, insectos, ar\u00e1cnidos, etc. Es adecuado para animales excavadores. Por sus propiedades nutritivos tambi\u00e9n funciona para el mantenimiento de plantas vivos dentro del terrario.<\/p>\n<p>BENEFICIOS:<\/p>\n<p>&#8211; Ideal para reptiles, anfibios, insectos, ar\u00e1cnidos y m\u00e1s.<br \/>\n&#8211; Ayuda a mantener la humedad adecuada del terrario<br \/>\n&#8211; alta capacidad de retenci\u00f3n de agua.<br \/>\n&#8211; 100% Natural<\/p>\n","protected":false},"excerpt":{"rendered":"<p>BOLSA SUSTRATO DE FIBRA DE COCO PARA R\u00c9PTILES, ANFIBIOS, INSECTOS, ARACNIDOS Y M\u00c1S 1KG<\/p>\n","protected":false},"featured_media":25376,"comment_status":"open","ping_status":"closed","template":"","meta":[],"product_cat":[216],"product_tag":[385,458,386],"class_list":{"0":"post-22469","1":"product","2":"type-product","3":"status-publish","4":"has-post-thumbnail","6":"product_brand-eltiomascotas","7":"product_cat-arenas-y-sustratos","8":"product_tag-sustrato-fibra-coco","9":"product_tag-sustrato-para-reptiles","10":"product_tag-sustrato-para-terrario","13":"first","14":"instock","15":"taxable","16":"shipping-taxable","17":"purchasable","18":"product-type-simple"},"jetpack_sharing_enabled":true,"_links":{"self":[{"href":"https:\/\/eltiomascotas.com.mx\/index.php\/wp-json\/wp\/v2\/product\/22469","targetHints":{"allow":["GET"]}}],"collection":[{"href":"https:\/\/eltiomascotas.com.mx\/index.php\/wp-json\/wp\/v2\/product"}],"about":[{"href":"https:\/\/eltiomascotas.com.mx\/index.php\/wp-json\/wp\/v2\/types\/product"}],"replies":[{"embeddable":true,"href":"https:\/\/eltiomascotas.com.mx\/index.php\/wp-json\/wp\/v2\/comments?post=22469"}],"version-history":[{"count":5,"href":"https:\/\/eltiomascotas.com.mx\/index.php\/wp-json\/wp\/v2\/product\/22469\/revisions"}],"predecessor-version":[{"id":25378,"href":"https:\/\/eltiomascotas.com.mx\/index.php\/wp-json\/wp\/v2\/product\/22469\/revisions\/25378"}],"wp:featuredmedia":[{"embeddable":true,"href":"https:\/\/eltiomascotas.com.mx\/index.php\/wp-json\/wp\/v2\/media\/25376"}],"wp:attachment":[{"href":"https:\/\/eltiomascotas.com.mx\/index.php\/wp-json\/wp\/v2\/media?parent=22469"}],"wp:term":[{"taxonomy":"product_cat","embeddable":true,"href":"https:\/\/eltiomascotas.com.mx\/index.php\/wp-json\/wp\/v2\/product_cat?post=22469"},{"taxonomy":"product_tag","embeddable":true,"href":"https:\/\/eltiomascotas.com.mx\/index.php\/wp-json\/wp\/v2\/product_tag?post=22469"}],"curies":[{"name":"wp","href":"https:\/\/api.w.org\/{rel}","templated":true}]}}