{"id":22591,"date":"2023-11-30T21:58:17","date_gmt":"2023-11-30T21:58:17","guid":{"rendered":"https:\/\/eltiomascotas.com.mx\/?post_type=product&#038;p=22591"},"modified":"2023-11-30T21:58:17","modified_gmt":"2023-11-30T21:58:17","slug":"red-malla-fina-3-8cm","status":"publish","type":"product","link":"https:\/\/eltiomascotas.com.mx\/index.php\/product\/red-malla-fina-3-8cm\/","title":{"rendered":"Red Malla Fina 3\u201c (8cm)"},"content":{"rendered":"<p>Red de malla resistente y el\u00e1stica que facilita el manejo de peces de tama\u00f1o mediano, seca r\u00e1pido, con mango plastificado que evita la oxidaci\u00f3n.<\/p>\n<p>Ventajas:<br \/>\nFuerte y flexible.<br \/>\nPractica y f\u00e1cil de limpiar.<\/p>\n","protected":false},"excerpt":{"rendered":"<div class=\"card\">\n<div id=\"prod_caracteristicas\" class=\"collapse show\" data-parent=\"#productPanels\">\n<div class=\"card-body\"><small>Elaborada con materiales suaves que no lastiman la mucosa de los peces.<\/small><\/div>\n<\/div>\n<\/div>\n","protected":false},"featured_media":22592,"comment_status":"open","ping_status":"closed","template":"","meta":[],"product_cat":[252],"product_tag":[],"class_list":{"0":"post-22591","1":"product","2":"type-product","3":"status-publish","4":"has-post-thumbnail","6":"product_cat-redes-parideras","9":"first","10":"instock","11":"taxable","12":"shipping-taxable","13":"purchasable","14":"product-type-simple"},"jetpack_sharing_enabled":true,"_links":{"self":[{"href":"https:\/\/eltiomascotas.com.mx\/index.php\/wp-json\/wp\/v2\/product\/22591","targetHints":{"allow":["GET"]}}],"collection":[{"href":"https:\/\/eltiomascotas.com.mx\/index.php\/wp-json\/wp\/v2\/product"}],"about":[{"href":"https:\/\/eltiomascotas.com.mx\/index.php\/wp-json\/wp\/v2\/types\/product"}],"replies":[{"embeddable":true,"href":"https:\/\/eltiomascotas.com.mx\/index.php\/wp-json\/wp\/v2\/comments?post=22591"}],"version-history":[{"count":2,"href":"https:\/\/eltiomascotas.com.mx\/index.php\/wp-json\/wp\/v2\/product\/22591\/revisions"}],"predecessor-version":[{"id":22594,"href":"https:\/\/eltiomascotas.com.mx\/index.php\/wp-json\/wp\/v2\/product\/22591\/revisions\/22594"}],"wp:featuredmedia":[{"embeddable":true,"href":"https:\/\/eltiomascotas.com.mx\/index.php\/wp-json\/wp\/v2\/media\/22592"}],"wp:attachment":[{"href":"https:\/\/eltiomascotas.com.mx\/index.php\/wp-json\/wp\/v2\/media?parent=22591"}],"wp:term":[{"taxonomy":"product_cat","embeddable":true,"href":"https:\/\/eltiomascotas.com.mx\/index.php\/wp-json\/wp\/v2\/product_cat?post=22591"},{"taxonomy":"product_tag","embeddable":true,"href":"https:\/\/eltiomascotas.com.mx\/index.php\/wp-json\/wp\/v2\/product_tag?post=22591"}],"curies":[{"name":"wp","href":"https:\/\/api.w.org\/{rel}","templated":true}]}}