{"id":22637,"date":"2023-11-30T23:54:04","date_gmt":"2023-11-30T23:54:04","guid":{"rendered":"https:\/\/eltiomascotas.com.mx\/?post_type=product&#038;p=22637"},"modified":"2025-08-10T17:41:43","modified_gmt":"2025-08-10T23:41:43","slug":"comedero-de-tapa-amarilla-1pza","status":"publish","type":"product","link":"https:\/\/eltiomascotas.com.mx\/index.php\/product\/comedero-de-tapa-amarilla-1pza\/","title":{"rendered":"Comedero Cuadrado Con Tapa Para Gallos Gallinas Aves &#8211; 10pz"},"content":{"rendered":"<p>PACK 10 COMEDEROS DE TAPA PARA GALLOS Y GALLINAS.<\/p>\n<p>El Comedero Cuadrado Con Tapa Para Gallos, Gallinas y Otras Aves es la soluci\u00f3n ideal para la alimentaci\u00f3n de tus gallos. Con una capacidad de 200 mL y 200 g, este comedero proporciona un espacio adecuado para que tus aves disfruten de sus alimentos de manera c\u00f3moda, pr\u00e1ctica y segura. Su dise\u00f1o cuadrado con tapa facilita su uso en cualquier espacio, manteniendo el contenido siempre protegido.<\/p>\n<p>Fabricado en pl\u00e1stico resistente, este comedero es f\u00e1cil de limpiar y durable para un uso prolongado. Las tapas incluidas aseguran que la comida se mantenga fresca y protegida, evitando que otros animales o el clima afecten la alimentaci\u00f3n de tus aves. Con dimensiones de 7 cm de largo y 6 cm de ancho, se adapta perfectamente a cualquier entorno.<\/p>\n","protected":false},"excerpt":{"rendered":"<p>PAQUETE CON 10 COMEDEROS DE TAPA PARA GALLOS<\/p>\n","protected":false},"featured_media":25752,"comment_status":"open","ping_status":"closed","template":"","meta":[],"product_cat":[263],"product_tag":[591,590],"class_list":{"0":"post-22637","1":"product","2":"type-product","3":"status-publish","4":"has-post-thumbnail","6":"product_cat-comedero-bebedero-accesorios-para-gallo","7":"product_tag-comedero-de-tapa","8":"product_tag-comedero-de-tapa-para-gallos","11":"first","12":"instock","13":"taxable","14":"shipping-taxable","15":"purchasable","16":"product-type-simple"},"jetpack_sharing_enabled":true,"_links":{"self":[{"href":"https:\/\/eltiomascotas.com.mx\/index.php\/wp-json\/wp\/v2\/product\/22637","targetHints":{"allow":["GET"]}}],"collection":[{"href":"https:\/\/eltiomascotas.com.mx\/index.php\/wp-json\/wp\/v2\/product"}],"about":[{"href":"https:\/\/eltiomascotas.com.mx\/index.php\/wp-json\/wp\/v2\/types\/product"}],"replies":[{"embeddable":true,"href":"https:\/\/eltiomascotas.com.mx\/index.php\/wp-json\/wp\/v2\/comments?post=22637"}],"version-history":[{"count":3,"href":"https:\/\/eltiomascotas.com.mx\/index.php\/wp-json\/wp\/v2\/product\/22637\/revisions"}],"predecessor-version":[{"id":25753,"href":"https:\/\/eltiomascotas.com.mx\/index.php\/wp-json\/wp\/v2\/product\/22637\/revisions\/25753"}],"wp:featuredmedia":[{"embeddable":true,"href":"https:\/\/eltiomascotas.com.mx\/index.php\/wp-json\/wp\/v2\/media\/25752"}],"wp:attachment":[{"href":"https:\/\/eltiomascotas.com.mx\/index.php\/wp-json\/wp\/v2\/media?parent=22637"}],"wp:term":[{"taxonomy":"product_cat","embeddable":true,"href":"https:\/\/eltiomascotas.com.mx\/index.php\/wp-json\/wp\/v2\/product_cat?post=22637"},{"taxonomy":"product_tag","embeddable":true,"href":"https:\/\/eltiomascotas.com.mx\/index.php\/wp-json\/wp\/v2\/product_tag?post=22637"}],"curies":[{"name":"wp","href":"https:\/\/api.w.org\/{rel}","templated":true}]}}