{"id":22704,"date":"2023-12-04T14:18:56","date_gmt":"2023-12-04T20:18:56","guid":{"rendered":"https:\/\/eltiomascotas.com.mx\/?post_type=product&#038;p=22704"},"modified":"2024-06-17T19:23:36","modified_gmt":"2024-06-18T00:23:36","slug":"columpio-con-3-perchas-para-canario-o-aves-pequenas","status":"publish","type":"product","link":"https:\/\/eltiomascotas.com.mx\/index.php\/product\/columpio-con-3-perchas-para-canario-o-aves-pequenas\/","title":{"rendered":"Columpio con 3 Perchas Para Canario o Aves Peque\u00f1as"},"content":{"rendered":"<p>Columpio colgante con 3 perchas para canarios, finces o aves peque\u00f1as.<\/p>\n<p>Aportale diversi\u00f3n y libera el estr\u00e9s de tu ave con este incre\u00edble columpio de 3 perchas.<\/p>\n","protected":false},"excerpt":{"rendered":"<p>juguete para aves peque\u00f1as<\/p>\n","protected":false},"featured_media":22705,"comment_status":"open","ping_status":"closed","template":"","meta":[],"product_cat":[128],"product_tag":[],"class_list":{"0":"post-22704","1":"product","2":"type-product","3":"status-publish","4":"has-post-thumbnail","6":"product_brand-eltiomascotas","7":"product_cat-columpios-colgantes-para-aves","10":"first","11":"instock","12":"sale","13":"taxable","14":"shipping-taxable","15":"purchasable","16":"product-type-simple"},"jetpack_sharing_enabled":true,"_links":{"self":[{"href":"https:\/\/eltiomascotas.com.mx\/index.php\/wp-json\/wp\/v2\/product\/22704","targetHints":{"allow":["GET"]}}],"collection":[{"href":"https:\/\/eltiomascotas.com.mx\/index.php\/wp-json\/wp\/v2\/product"}],"about":[{"href":"https:\/\/eltiomascotas.com.mx\/index.php\/wp-json\/wp\/v2\/types\/product"}],"replies":[{"embeddable":true,"href":"https:\/\/eltiomascotas.com.mx\/index.php\/wp-json\/wp\/v2\/comments?post=22704"}],"version-history":[{"count":2,"href":"https:\/\/eltiomascotas.com.mx\/index.php\/wp-json\/wp\/v2\/product\/22704\/revisions"}],"predecessor-version":[{"id":22709,"href":"https:\/\/eltiomascotas.com.mx\/index.php\/wp-json\/wp\/v2\/product\/22704\/revisions\/22709"}],"wp:featuredmedia":[{"embeddable":true,"href":"https:\/\/eltiomascotas.com.mx\/index.php\/wp-json\/wp\/v2\/media\/22705"}],"wp:attachment":[{"href":"https:\/\/eltiomascotas.com.mx\/index.php\/wp-json\/wp\/v2\/media?parent=22704"}],"wp:term":[{"taxonomy":"product_cat","embeddable":true,"href":"https:\/\/eltiomascotas.com.mx\/index.php\/wp-json\/wp\/v2\/product_cat?post=22704"},{"taxonomy":"product_tag","embeddable":true,"href":"https:\/\/eltiomascotas.com.mx\/index.php\/wp-json\/wp\/v2\/product_tag?post=22704"}],"curies":[{"name":"wp","href":"https:\/\/api.w.org\/{rel}","templated":true}]}}