{"id":23307,"date":"2024-02-23T19:45:33","date_gmt":"2024-02-24T01:45:33","guid":{"rendered":"https:\/\/eltiomascotas.com.mx\/?post_type=product&#038;p=23307"},"modified":"2025-08-11T00:48:50","modified_gmt":"2025-08-11T06:48:50","slug":"proteina-p-gallos-golden-protein-5pzas-envio-gratis","status":"publish","type":"product","link":"https:\/\/eltiomascotas.com.mx\/index.php\/product\/proteina-p-gallos-golden-protein-5pzas-envio-gratis\/","title":{"rendered":"Prote\u00edna P\/ Gallos Golden Protein 5pzas + Envio Gratis"},"content":{"rendered":"<p>PAQUETE CON 5 BOLSAS DE 100G C\/U EN TOTAL 500G DE PROTE\u00cdNA PARA GALLOS O GALLINAS &#8220;GOLDEN PROTEIN ROOSTER&#8221;<\/p>\n<p>La prote\u00edna GOLDEN PROTEIN ROOSTER es una prote\u00edna que contiene altos niveles de prote\u00edna que le aportan a tu gallo una alimentaci\u00f3n correcta y adecuada.<\/p>\n<p>Beneficios:<\/p>\n<p>&#8211; Ayuda a incrementar la masa muscular<br \/>\n&#8211; Mejora considerablemente la fuerza en la patada<br \/>\n&#8211; Fortalece la masa \u00f3sea (esqueleto, pico, u\u00f1as y plumas)<br \/>\n&#8211; Generador de energ\u00eda<br \/>\n&#8211; Aumenta la resistencia<br \/>\n&#8211; F\u00e1cil Digesti\u00f3n<br \/>\n&#8211; Adem\u00e1s, ayuda a gallinas en proceso de cleca a mejorar la calidad de los huevos.<\/p>\n","protected":false},"excerpt":{"rendered":"<p>PACK 5 PROTEINAS PARA GALLO DE 100G C\/U &#8211; TOTAL 500G<\/p>\n","protected":false},"featured_media":25454,"comment_status":"open","ping_status":"closed","template":"","meta":[],"product_cat":[358],"product_tag":[594],"class_list":{"0":"post-23307","1":"product","2":"type-product","3":"status-publish","4":"has-post-thumbnail","6":"product_cat-suplementos","7":"product_tag-proteina-para-gallos","10":"first","11":"instock","12":"taxable","13":"shipping-taxable","14":"purchasable","15":"product-type-simple"},"jetpack_sharing_enabled":true,"_links":{"self":[{"href":"https:\/\/eltiomascotas.com.mx\/index.php\/wp-json\/wp\/v2\/product\/23307","targetHints":{"allow":["GET"]}}],"collection":[{"href":"https:\/\/eltiomascotas.com.mx\/index.php\/wp-json\/wp\/v2\/product"}],"about":[{"href":"https:\/\/eltiomascotas.com.mx\/index.php\/wp-json\/wp\/v2\/types\/product"}],"replies":[{"embeddable":true,"href":"https:\/\/eltiomascotas.com.mx\/index.php\/wp-json\/wp\/v2\/comments?post=23307"}],"version-history":[{"count":2,"href":"https:\/\/eltiomascotas.com.mx\/index.php\/wp-json\/wp\/v2\/product\/23307\/revisions"}],"predecessor-version":[{"id":25765,"href":"https:\/\/eltiomascotas.com.mx\/index.php\/wp-json\/wp\/v2\/product\/23307\/revisions\/25765"}],"wp:featuredmedia":[{"embeddable":true,"href":"https:\/\/eltiomascotas.com.mx\/index.php\/wp-json\/wp\/v2\/media\/25454"}],"wp:attachment":[{"href":"https:\/\/eltiomascotas.com.mx\/index.php\/wp-json\/wp\/v2\/media?parent=23307"}],"wp:term":[{"taxonomy":"product_cat","embeddable":true,"href":"https:\/\/eltiomascotas.com.mx\/index.php\/wp-json\/wp\/v2\/product_cat?post=23307"},{"taxonomy":"product_tag","embeddable":true,"href":"https:\/\/eltiomascotas.com.mx\/index.php\/wp-json\/wp\/v2\/product_tag?post=23307"}],"curies":[{"name":"wp","href":"https:\/\/api.w.org\/{rel}","templated":true}]}}