{"id":23356,"date":"2024-05-12T16:38:18","date_gmt":"2024-05-12T21:38:18","guid":{"rendered":"https:\/\/eltiomascotas.com.mx\/?post_type=product&#038;p=23356"},"modified":"2024-06-25T23:10:21","modified_gmt":"2024-06-26T04:10:21","slug":"2pzas-alimento-para-periquitos-canarios-finches-regalo","status":"publish","type":"product","link":"https:\/\/eltiomascotas.com.mx\/index.php\/product\/2pzas-alimento-para-periquitos-canarios-finches-regalo\/","title":{"rendered":"2pzas Alimento Para Periquitos Canarios Finches + Regalo"},"content":{"rendered":"<p>Este alimento se beneficia por tener un alto contenido de nutrientes que contribuyen a mejorar el metabolismo de su ave, as\u00ed como a una digesti\u00f3n \u00f3ptima que fortalece su sistema inmune, mejora el plumaje y reduce el riesgo de mortalidad.<\/p>\n<p>Alimento balanceado, elaborado y mezclado con materias primas seleccionadas.<\/p>\n","protected":false},"excerpt":{"rendered":"<p>ALIMENTO PARA CANARIOS, PERIQUITOS, FINCHES.<\/p>\n","protected":false},"featured_media":23357,"comment_status":"open","ping_status":"closed","template":"","meta":[],"product_cat":[101],"product_tag":[],"class_list":{"0":"post-23356","1":"product","2":"type-product","3":"status-publish","4":"has-post-thumbnail","6":"product_brand-eltiomascotas","7":"product_cat-aves-ornato","10":"first","11":"instock","12":"taxable","13":"shipping-taxable","14":"purchasable","15":"product-type-simple"},"jetpack_sharing_enabled":true,"_links":{"self":[{"href":"https:\/\/eltiomascotas.com.mx\/index.php\/wp-json\/wp\/v2\/product\/23356","targetHints":{"allow":["GET"]}}],"collection":[{"href":"https:\/\/eltiomascotas.com.mx\/index.php\/wp-json\/wp\/v2\/product"}],"about":[{"href":"https:\/\/eltiomascotas.com.mx\/index.php\/wp-json\/wp\/v2\/types\/product"}],"replies":[{"embeddable":true,"href":"https:\/\/eltiomascotas.com.mx\/index.php\/wp-json\/wp\/v2\/comments?post=23356"}],"version-history":[{"count":1,"href":"https:\/\/eltiomascotas.com.mx\/index.php\/wp-json\/wp\/v2\/product\/23356\/revisions"}],"predecessor-version":[{"id":23358,"href":"https:\/\/eltiomascotas.com.mx\/index.php\/wp-json\/wp\/v2\/product\/23356\/revisions\/23358"}],"wp:featuredmedia":[{"embeddable":true,"href":"https:\/\/eltiomascotas.com.mx\/index.php\/wp-json\/wp\/v2\/media\/23357"}],"wp:attachment":[{"href":"https:\/\/eltiomascotas.com.mx\/index.php\/wp-json\/wp\/v2\/media?parent=23356"}],"wp:term":[{"taxonomy":"product_cat","embeddable":true,"href":"https:\/\/eltiomascotas.com.mx\/index.php\/wp-json\/wp\/v2\/product_cat?post=23356"},{"taxonomy":"product_tag","embeddable":true,"href":"https:\/\/eltiomascotas.com.mx\/index.php\/wp-json\/wp\/v2\/product_tag?post=23356"}],"curies":[{"name":"wp","href":"https:\/\/api.w.org\/{rel}","templated":true}]}}