{"id":23439,"date":"2024-06-26T12:08:31","date_gmt":"2024-06-26T17:08:31","guid":{"rendered":"https:\/\/eltiomascotas.com.mx\/?post_type=product&#038;p=23439"},"modified":"2024-06-26T12:32:28","modified_gmt":"2024-06-26T17:32:28","slug":"aerosol-repelente-para-perros-y-gatos-gdocan","status":"publish","type":"product","link":"https:\/\/eltiomascotas.com.mx\/index.php\/product\/aerosol-repelente-para-perros-y-gatos-gdocan\/","title":{"rendered":"Aerosol Repelente Para Perros y Gatos &#8211; GDocan"},"content":{"rendered":"<p>SPRAY DE REPELENTE DE 480ml<\/p>\n<p>CAR\u00c1CTERISTICAS:<br \/>\n&#8211; Evita el marcaje territorial (No m\u00e1s heces\/orina)<br \/>\n&#8211; No m\u00e1s muebles mordidos<br \/>\n&#8211; Mantiene alejado a perros y gatos de muebles, plantas, zapatos, tapetes, etc.<\/p>\n<p>MODO DE EMPLEO:<br \/>\nRoc\u00ede el \u00e1rea deseada con el producto hasta dejarlo h\u00famedo<\/p>\n","protected":false},"excerpt":{"rendered":"<p>Repelente en aerosol para perros y gatos<\/p>\n","protected":false},"featured_media":23440,"comment_status":"open","ping_status":"closed","template":"","meta":[],"product_cat":[165,201],"product_tag":[166],"class_list":{"0":"post-23439","1":"product","2":"type-product","3":"status-publish","4":"has-post-thumbnail","6":"product_cat-atrayentes-repelentes","7":"product_cat-atrayentes-repelentes-higiene-limpieza-perros","8":"product_tag-repelente-para-perros","11":"first","12":"instock","13":"taxable","14":"shipping-taxable","15":"purchasable","16":"product-type-simple"},"jetpack_sharing_enabled":true,"_links":{"self":[{"href":"https:\/\/eltiomascotas.com.mx\/index.php\/wp-json\/wp\/v2\/product\/23439","targetHints":{"allow":["GET"]}}],"collection":[{"href":"https:\/\/eltiomascotas.com.mx\/index.php\/wp-json\/wp\/v2\/product"}],"about":[{"href":"https:\/\/eltiomascotas.com.mx\/index.php\/wp-json\/wp\/v2\/types\/product"}],"replies":[{"embeddable":true,"href":"https:\/\/eltiomascotas.com.mx\/index.php\/wp-json\/wp\/v2\/comments?post=23439"}],"version-history":[{"count":1,"href":"https:\/\/eltiomascotas.com.mx\/index.php\/wp-json\/wp\/v2\/product\/23439\/revisions"}],"predecessor-version":[{"id":23441,"href":"https:\/\/eltiomascotas.com.mx\/index.php\/wp-json\/wp\/v2\/product\/23439\/revisions\/23441"}],"wp:featuredmedia":[{"embeddable":true,"href":"https:\/\/eltiomascotas.com.mx\/index.php\/wp-json\/wp\/v2\/media\/23440"}],"wp:attachment":[{"href":"https:\/\/eltiomascotas.com.mx\/index.php\/wp-json\/wp\/v2\/media?parent=23439"}],"wp:term":[{"taxonomy":"product_cat","embeddable":true,"href":"https:\/\/eltiomascotas.com.mx\/index.php\/wp-json\/wp\/v2\/product_cat?post=23439"},{"taxonomy":"product_tag","embeddable":true,"href":"https:\/\/eltiomascotas.com.mx\/index.php\/wp-json\/wp\/v2\/product_tag?post=23439"}],"curies":[{"name":"wp","href":"https:\/\/api.w.org\/{rel}","templated":true}]}}