{"id":23451,"date":"2024-06-26T12:28:08","date_gmt":"2024-06-26T17:28:08","guid":{"rendered":"https:\/\/eltiomascotas.com.mx\/?post_type=product&#038;p=23451"},"modified":"2025-03-11T20:20:38","modified_gmt":"2025-03-12T02:20:38","slug":"pack-2-repelentes-perros-gatos-adios-orines-y-heces","status":"publish","type":"product","link":"https:\/\/eltiomascotas.com.mx\/index.php\/product\/pack-2-repelentes-perros-gatos-adios-orines-y-heces\/","title":{"rendered":"Pack 2 | Repelentes Perros Gatos \u00a1adi\u00f3s Orines Y Heces!"},"content":{"rendered":"<p>REPELENTE PARA PERROS Y GATOS \u00a1ADI\u00d3S ORINES Y HECES!<\/p>\n<p>MODO DE EMPLEO:<\/p>\n<p>Paso 1:<br \/>\nSi el \u00e1rea en que desea aplicar el producto, es una \u00e1rea que ya ha sido marcada como territorio de la mascota o animal ajeno, es importante que primeramente se realice una limpieza y desinfecci\u00f3n del \u00e1rea a tratar. Para ello aplicaremos cloro y detergente en el lugar a tratar. (ES IMPORTANTE QUE NO USE PINOL, YA QUE EN ALGUNOS CASOS, EL OLOR DEL PINOL ES ATRAYENTE PARA QUE LAS MASCOTAS VUELVAN A REALIZAR SUS NECESIDADES EN EL \u00c1REA A TRATAR).<\/p>\n<p>Paso 2:<br \/>\nUna vez que se ha desinfectado el \u00e1rea a tratar perfectamente. Aplique el repelente, de preferencia recomendamos aplicar el repelente con un atomizador para que de esta manera el producto quede perfectamente esparcido por toda la superficie y sea m\u00e1s potente.<\/p>\n<p>NOTA:<br \/>\nSi observa que la mascota o animal ajeno continua haciendo sus necesidades en ese mismo lugar, es importante que repita los pasos anteriores hasta que el animal desista.<\/p>\n<p>IMPORTANTE:<br \/>\nEl producto debe aplicarse exclusivamente sobre las superficies, no aplique de manera directa en ojos o mucosa de su mascota o animal ajeno.<\/p>\n<p>EVITA:<br \/>\nEl Marcaje Territorial Dile: \u00a1Adi\u00f3s! a los Orines y Heces.<\/p>\n<p>IDEAL PARA:<br \/>\nPERROS Y GATOS<\/p>\n<p>CONTENIDO NETO: 650ml<\/p>\n","protected":false},"excerpt":{"rendered":"<p>REPELENTE PARA PERROS Y GATOS \u00a1ADI\u00d3S ORINES Y HECES! MODO DE EMPLEO: Paso 1: Si el \u00e1rea en que desea aplicar el producto, es una \u00e1rea que ya ha sido marcada como territorio de la mascota o animal ajeno, es importante que primeramente se realice una limpieza y desinfecci\u00f3n del \u00e1rea a tratar. Para ello [&hellip;]<\/p>\n","protected":false},"featured_media":23453,"comment_status":"open","ping_status":"closed","template":"","meta":[],"product_cat":[165,201],"product_tag":[346],"class_list":{"0":"post-23451","1":"product","2":"type-product","3":"status-publish","4":"has-post-thumbnail","6":"product_brand-eltiomascotas","7":"product_cat-atrayentes-repelentes","8":"product_cat-atrayentes-repelentes-higiene-limpieza-perros","9":"product_tag-repelente-para-perros-y-gatos","12":"first","13":"instock","14":"taxable","15":"shipping-taxable","16":"purchasable","17":"product-type-simple"},"jetpack_sharing_enabled":true,"_links":{"self":[{"href":"https:\/\/eltiomascotas.com.mx\/index.php\/wp-json\/wp\/v2\/product\/23451","targetHints":{"allow":["GET"]}}],"collection":[{"href":"https:\/\/eltiomascotas.com.mx\/index.php\/wp-json\/wp\/v2\/product"}],"about":[{"href":"https:\/\/eltiomascotas.com.mx\/index.php\/wp-json\/wp\/v2\/types\/product"}],"replies":[{"embeddable":true,"href":"https:\/\/eltiomascotas.com.mx\/index.php\/wp-json\/wp\/v2\/comments?post=23451"}],"version-history":[{"count":1,"href":"https:\/\/eltiomascotas.com.mx\/index.php\/wp-json\/wp\/v2\/product\/23451\/revisions"}],"predecessor-version":[{"id":23452,"href":"https:\/\/eltiomascotas.com.mx\/index.php\/wp-json\/wp\/v2\/product\/23451\/revisions\/23452"}],"wp:featuredmedia":[{"embeddable":true,"href":"https:\/\/eltiomascotas.com.mx\/index.php\/wp-json\/wp\/v2\/media\/23453"}],"wp:attachment":[{"href":"https:\/\/eltiomascotas.com.mx\/index.php\/wp-json\/wp\/v2\/media?parent=23451"}],"wp:term":[{"taxonomy":"product_cat","embeddable":true,"href":"https:\/\/eltiomascotas.com.mx\/index.php\/wp-json\/wp\/v2\/product_cat?post=23451"},{"taxonomy":"product_tag","embeddable":true,"href":"https:\/\/eltiomascotas.com.mx\/index.php\/wp-json\/wp\/v2\/product_tag?post=23451"}],"curies":[{"name":"wp","href":"https:\/\/api.w.org\/{rel}","templated":true}]}}