{"id":23632,"date":"2024-07-23T11:15:14","date_gmt":"2024-07-23T16:15:14","guid":{"rendered":"https:\/\/eltiomascotas.com.mx\/?post_type=product&#038;p=23632"},"modified":"2024-10-07T13:31:23","modified_gmt":"2024-10-07T18:31:23","slug":"alimento-para-patos-mezcla-de-semillas-1kg","status":"publish","type":"product","link":"https:\/\/eltiomascotas.com.mx\/index.php\/product\/alimento-para-patos-mezcla-de-semillas-1kg\/","title":{"rendered":"Alimento Para Patos &#8211; Mezcla de Semillas &#8211; 1Kg"},"content":{"rendered":"\t\t<div data-elementor-type=\"wp-post\" data-elementor-id=\"23632\" class=\"elementor elementor-23632\">\n\t\t\t\t\t\t<section class=\"elementor-section elementor-top-section elementor-element elementor-element-57592894 elementor-section-boxed elementor-section-height-default elementor-section-height-default\" data-id=\"57592894\" data-element_type=\"section\">\n\t\t\t\t\t\t<div class=\"elementor-container elementor-column-gap-default\">\n\t\t\t\t\t<div class=\"elementor-column elementor-col-100 elementor-top-column elementor-element elementor-element-277982b1\" data-id=\"277982b1\" data-element_type=\"column\">\n\t\t\t<div class=\"elementor-widget-wrap elementor-element-populated\">\n\t\t\t\t\t\t<div class=\"elementor-element elementor-element-3cdd2eb6 elementor-widget elementor-widget-text-editor\" data-id=\"3cdd2eb6\" data-element_type=\"widget\" data-widget_type=\"text-editor.default\">\n\t\t\t\t<div class=\"elementor-widget-container\">\n\t\t\t\t\t\t\tRedkite Alimento P\/patos 1 Kg\r\n\r\nComida para aves.\r\nComida para patos\r\nAlimento para patos\r\nRedkite mezcla para patos 1 kilo.\r\n\r\nCaracteristicas:\r\n\u2022Pellets fortificados.\r\n\u2022F\u00f3rmula balanceada.\r\n\u2022Alimento para patos de 3 meses en adelante, no requiere de suplementaci\u00f3n.\r\n\u2022Fortificado con vitaminas y minerales.\r\n\u2022100% Natural.\r\n\r\nIngredientes:\r\nTrigo, sorgo, ma\u00edz entero, comprimido de alfalfa (ma\u00edz y\/o sorgo molido, subproducto de cereales, pasta de oleaginosas, harina de alfalfa, melaza de ca\u00f1a, fosfatos, cloruro de sodio, carbonato de calcio, sales de hierro, cobre, cobalto, magnesio, yodo, zinc, selenio, vitamina A, vitamina D3, vitamina E, vitamina K, vitamina B1, vitamina B12, vitamina K, biotina, riboflavina, niacina, \u00e1cido pantot\u00e9nico, colina, lisina, metionina, antioxidantes BHT y ETQ), ch\u00edcharo, alverj\u00f3n, avena en grano, c\u00e1rtamo y aceite de soya.\r\n\r\nAnalisis garantizado:\r\nProte\u00edna M\u00edn. 12%\r\nGrasa M\u00edn. 2%\r\nFibra cruda M\u00e1x. 5%\r\nCenizas M\u00e1x. 4%\r\nHumedad M\u00e1x. 10%\r\n\r\nIntrucciones de uso:\r\nEste alimento es apto para patos de 3 meses en adelante.\r\nColoque diariamente el alimento en un recipiente limpio y seco.\r\nNo olvide proporcionar a las aves agua potable a voluntad.\r\n\r\nGu\u00eda de alimentaci\u00f3n:\r\nPatos de 3 a 7 meses: Deje el alimento a libre acceso.\r\nPatos de 7 a 12 meses: 300g al d\u00eda.\r\nPatos de 12 meses en adelante: 150-180 al d\u00eda.\r\nNo sobre alimente al pato para evitar el sobre peso.\r\n\r\nVia de administraci\u00f3n: Oral.\r\n\r\nAdvertencias:\r\nConserve en un lugar fresco y seco.\r\nMonitoree peri\u00f3dicamente el peso de sus aves.\r\nExclusivo para aves de ornato.\t\t\t\t\t\t<\/div>\n\t\t\t\t<\/div>\n\t\t\t\t\t<\/div>\n\t\t<\/div>\n\t\t\t\t\t<\/div>\n\t\t<\/section>\n\t\t\t\t<section class=\"elementor-section elementor-top-section elementor-element elementor-element-a09d7a0 elementor-section-boxed elementor-section-height-default elementor-section-height-default\" data-id=\"a09d7a0\" data-element_type=\"section\">\n\t\t\t\t\t\t<div class=\"elementor-container elementor-column-gap-default\">\n\t\t\t\t\t<div class=\"elementor-column elementor-col-100 elementor-top-column elementor-element elementor-element-14d3286\" data-id=\"14d3286\" data-element_type=\"column\">\n\t\t\t<div class=\"elementor-widget-wrap elementor-element-populated\">\n\t\t\t\t\t\t<div class=\"elementor-element elementor-element-9c2ffae elementor-widget elementor-widget-bwp_product_list\" data-id=\"9c2ffae\" data-element_type=\"widget\" data-widget_type=\"bwp_product_list.default\">\n\t\t\t\t<div class=\"elementor-widget-container\">\n\t\t\t\r\n\t<div id=\"bwp_default_1184869831778839689\" class=\"bwp_product_list default  no-title\">\r\n\t\t\t\t<div class=\"content products-list grid row\">\t\r\n\t\t\t\t\t<div class=\"item-product col-xl-2 col-lg-3 col-md-6 col-6\">\r\n\t\t\t\t\t\t\t\t\t<div class=\"products-entry content-product3 clearfix product-wapper\">\n\t<div class=\"products-thumb\">\n\t\t\t<div class='product-lable'>\n\t\t\t\t\t\t\t\t\n\t\t\t\t\t<div class=\"onsale\">-10%<\/div>\t\t\t<\/div>\n<div class=\"product-thumb-hover\"><a href=\"https:\/\/eltiomascotas.com.mx\/index.php\/product\/aenean-a-turpis-fermentum-accumsan-urna-a\/\" class=\"woocommerce-LoopProduct-link\"><img fetchpriority=\"high\" decoding=\"async\" width=\"300\" height=\"300\" src=\"https:\/\/eltiomascotas.com.mx\/wp-content\/uploads\/2018\/05\/apc-300x300.png\" class=\"attachment-woocommerce_thumbnail size-woocommerce_thumbnail wp-post-image\" alt=\"\" \/><img decoding=\"async\" width=\"300\" height=\"300\" src=\"https:\/\/eltiomascotas.com.mx\/wp-content\/uploads\/2018\/05\/arbolPercheroCH1-300x300.png\" class=\"hover-image back\" alt=\"\" \/><\/a><\/div>\t\t<div class='product-button'>\n\t\t\t<a rel=\"nofollow\" href=\"?add-to-cart=3986\" data-quantity=\"1\" data-product_id=\"3986\" data-product_sku=\"\" class=\"button product_type_simple add_to_cart_button ajax_add_to_cart\">A\u00f1adir al carrito<\/a><button class=\"woosw-btn woosw-btn-3986\" data-id=\"3986\" data-product_name=\"\u00c1rbol Perchero Para Ninfas Agapornis Aves Peque\u00f1as Medianas\" data-product_image=\"https:\/\/eltiomascotas.com.mx\/wp-content\/uploads\/2018\/05\/apc-150x150.png\" aria-label=\"Add to wishlist\">Add to wishlist<\/button><span class=\"product-quickview\"><a href=\"#\" data-product_id=\"3986\" class=\"quickview quickview-button quickview-3986\" >Quick View <i class=\"icon-search\"><\/i><\/a><\/span>\t\t<\/div>\n\t<\/div>\n\t<div class=\"products-content\">\n\t\t<div class=\"contents\">\n\t\t\t\t\t\t<div class=\"rating none\">\n\t\t\t<div class=\"star-rating none\"><\/div>\n\t\t\t<div class=\"review-count\">\n\t\t\t\t(0)\n\t\t\t<\/div>\n\t\t<\/div>\n\t\t\t\t<h3 class=\"product-title\"><a href=\"https:\/\/eltiomascotas.com.mx\/index.php\/product\/aenean-a-turpis-fermentum-accumsan-urna-a\/\">\u00c1rbol Perchero Para Ninfas Agapornis Aves Peque\u00f1as Medianas<\/a><\/h3>\n\t\t\t\n\t<span class=\"price\"><del aria-hidden=\"true\"><span class=\"woocommerce-Price-amount amount\"><bdi><span class=\"woocommerce-Price-currencySymbol\">&#36;<\/span>499.00<\/bdi><\/span><\/del> <span class=\"screen-reader-text\">Original price was: &#036;499.00.<\/span><ins aria-hidden=\"true\"><span class=\"woocommerce-Price-amount amount\"><bdi><span class=\"woocommerce-Price-currencySymbol\">&#36;<\/span>450.00<\/bdi><\/span><\/ins><span class=\"screen-reader-text\">Current price is: &#036;450.00.<\/span><\/span>\n\t\t<\/div>\n\t\t<div class=\"button-atc\">\n\t\t\t<a rel=\"nofollow\" href=\"?add-to-cart=3986\" data-quantity=\"1\" data-product_id=\"3986\" data-product_sku=\"\" class=\"button product_type_simple add_to_cart_button ajax_add_to_cart\">A\u00f1adir al carrito<\/a>\t\t<\/div>\n\t<\/div>\n<\/div>\t\t\t\t\t\t\t<\/div>\r\n\t\t\t\t\t<div class=\"item-product col-xl-2 col-lg-3 col-md-6 col-6\">\r\n\t\t\t\t\t\t\t\t\t<div class=\"products-entry content-product3 clearfix product-wapper\">\n\t<div class=\"products-thumb\">\n\t\t\t<div class='product-lable'>\n\t\t\t\t\t\t\t\t\n\t\t\t<\/div>\n<div class=\"product-thumb-hover\"><a href=\"https:\/\/eltiomascotas.com.mx\/index.php\/product\/aliquam-quis-enim-diam-commodo-leo-sed\/\" class=\"woocommerce-LoopProduct-link\"><img decoding=\"async\" width=\"300\" height=\"300\" src=\"https:\/\/eltiomascotas.com.mx\/wp-content\/uploads\/2018\/10\/columpioAgaporni1-300x300.png\" class=\"attachment-woocommerce_thumbnail size-woocommerce_thumbnail wp-post-image\" alt=\"\" \/><img loading=\"lazy\" decoding=\"async\" width=\"300\" height=\"300\" src=\"https:\/\/eltiomascotas.com.mx\/wp-content\/uploads\/2018\/10\/columpioCanario1-300x300.png\" class=\"hover-image back\" alt=\"\" \/><\/a><\/div>\t\t<div class='product-button'>\n\t\t\t<a rel=\"nofollow\" href=\"?add-to-cart=1061\" data-quantity=\"1\" data-product_id=\"1061\" data-product_sku=\"\" class=\"button product_type_simple add_to_cart_button ajax_add_to_cart\">A\u00f1adir al carrito<\/a><button class=\"woosw-btn woosw-btn-1061\" data-id=\"1061\" data-product_name=\"Columpio Para Aves Peque\u00f1as\" data-product_image=\"https:\/\/eltiomascotas.com.mx\/wp-content\/uploads\/2018\/10\/columpioAgaporni1-150x150.png\" aria-label=\"Add to wishlist\">Add to wishlist<\/button><span class=\"product-quickview\"><a href=\"#\" data-product_id=\"1061\" class=\"quickview quickview-button quickview-1061\" >Quick View <i class=\"icon-search\"><\/i><\/a><\/span>\t\t<\/div>\n\t<\/div>\n\t<div class=\"products-content\">\n\t\t<div class=\"contents\">\n\t\t\t\t\t\t<div class=\"rating none\">\n\t\t\t<div class=\"star-rating none\"><\/div>\n\t\t\t<div class=\"review-count\">\n\t\t\t\t(0)\n\t\t\t<\/div>\n\t\t<\/div>\n\t\t\t\t<h3 class=\"product-title\"><a href=\"https:\/\/eltiomascotas.com.mx\/index.php\/product\/aliquam-quis-enim-diam-commodo-leo-sed\/\">Columpio Para Aves Peque\u00f1as<\/a><\/h3>\n\t\t\t\n\t<span class=\"price\"><span class=\"woocommerce-Price-amount amount\"><bdi><span class=\"woocommerce-Price-currencySymbol\">&#36;<\/span>49.00<\/bdi><\/span><\/span>\n\t\t<\/div>\n\t\t<div class=\"button-atc\">\n\t\t\t<a rel=\"nofollow\" href=\"?add-to-cart=1061\" data-quantity=\"1\" data-product_id=\"1061\" data-product_sku=\"\" class=\"button product_type_simple add_to_cart_button ajax_add_to_cart\">A\u00f1adir al carrito<\/a>\t\t<\/div>\n\t<\/div>\n<\/div>\t\t\t\t\t\t\t<\/div>\r\n\t\t\t\t\t<div class=\"item-product col-xl-2 col-lg-3 col-md-6 col-6\">\r\n\t\t\t\t\t\t\t\t\t<div class=\"products-entry content-product3 clearfix product-wapper\">\n\t<div class=\"products-thumb\">\n\t\t\t<div class='product-lable'>\n\t\t\t\t\t\t\t\t\n\t\t\t<\/div>\n<div class=\"product-thumb-hover\"><a href=\"https:\/\/eltiomascotas.com.mx\/index.php\/product\/nunc-nibh-elit-mollis-nec-ornare-vel\/\" class=\"woocommerce-LoopProduct-link\"><img loading=\"lazy\" decoding=\"async\" width=\"300\" height=\"300\" src=\"https:\/\/eltiomascotas.com.mx\/wp-content\/uploads\/2018\/10\/nidoCanarioIxtle1-300x300.png\" class=\"attachment-woocommerce_thumbnail size-woocommerce_thumbnail wp-post-image\" alt=\"\" \/><img loading=\"lazy\" decoding=\"async\" width=\"300\" height=\"300\" src=\"https:\/\/eltiomascotas.com.mx\/wp-content\/uploads\/2018\/10\/nidoCanarioIxtle3-300x300.png\" class=\"hover-image back\" alt=\"\" \/><\/a><\/div>\t\t<div class='product-button'>\n\t\t\t<a rel=\"nofollow\" href=\"?add-to-cart=200\" data-quantity=\"1\" data-product_id=\"200\" data-product_sku=\"\" class=\"button product_type_simple add_to_cart_button ajax_add_to_cart\">A\u00f1adir al carrito<\/a><button class=\"woosw-btn woosw-btn-200\" data-id=\"200\" data-product_name=\"Nido de Casa IXTLE CH\" data-product_image=\"https:\/\/eltiomascotas.com.mx\/wp-content\/uploads\/2018\/10\/nidoCanarioIxtle1-150x150.png\" aria-label=\"Add to wishlist\">Add to wishlist<\/button><span class=\"product-quickview\"><a href=\"#\" data-product_id=\"200\" class=\"quickview quickview-button quickview-200\" >Quick View <i class=\"icon-search\"><\/i><\/a><\/span>\t\t<\/div>\n\t<\/div>\n\t<div class=\"products-content\">\n\t\t<div class=\"contents\">\n\t\t\t\t\t\t<div class=\"rating none\">\n\t\t\t<div class=\"star-rating none\"><\/div>\n\t\t\t<div class=\"review-count\">\n\t\t\t\t(0)\n\t\t\t<\/div>\n\t\t<\/div>\n\t\t\t\t<h3 class=\"product-title\"><a href=\"https:\/\/eltiomascotas.com.mx\/index.php\/product\/nunc-nibh-elit-mollis-nec-ornare-vel\/\">Nido de Casa IXTLE CH<\/a><\/h3>\n\t\t\t\n\t<span class=\"price\"><span class=\"woocommerce-Price-amount amount\"><bdi><span class=\"woocommerce-Price-currencySymbol\">&#36;<\/span>59.00<\/bdi><\/span><\/span>\n\t\t<\/div>\n\t\t<div class=\"button-atc\">\n\t\t\t<a rel=\"nofollow\" href=\"?add-to-cart=200\" data-quantity=\"1\" data-product_id=\"200\" data-product_sku=\"\" class=\"button product_type_simple add_to_cart_button ajax_add_to_cart\">A\u00f1adir al carrito<\/a>\t\t<\/div>\n\t<\/div>\n<\/div>\t\t\t\t\t\t\t<\/div>\r\n\t\t\t\t\t<div class=\"item-product col-xl-2 col-lg-3 col-md-6 col-6\">\r\n\t\t\t\t\t\t\t\t\t<div class=\"products-entry content-product3 clearfix product-wapper\">\n\t<div class=\"products-thumb\">\n\t\t\t<div class='product-lable'>\n\t\t\t\t\t\t\t\t\n\t\t\t<\/div>\n<div class=\"product-thumb-hover\"><a href=\"https:\/\/eltiomascotas.com.mx\/index.php\/product\/quisque-eget-eros-sit-amet-neque-tincidunt\/\" class=\"woocommerce-LoopProduct-link\"><img loading=\"lazy\" decoding=\"async\" width=\"300\" height=\"300\" src=\"https:\/\/eltiomascotas.com.mx\/wp-content\/uploads\/2019\/04\/gusano-300x300.png\" class=\"attachment-woocommerce_thumbnail size-woocommerce_thumbnail wp-post-image\" alt=\"\" \/><img loading=\"lazy\" decoding=\"async\" width=\"300\" height=\"300\" src=\"https:\/\/eltiomascotas.com.mx\/wp-content\/uploads\/2019\/04\/NidosTipoKiote3-300x300.png\" class=\"hover-image back\" alt=\"\" \/><\/a><\/div>\t\t<div class='product-button'>\n\t\t\t<a rel=\"nofollow\" href=\"?add-to-cart=7840\" data-quantity=\"1\" data-product_id=\"7840\" data-product_sku=\"U2022\" class=\"button product_type_simple add_to_cart_button ajax_add_to_cart\">A\u00f1adir al carrito<\/a><button class=\"woosw-btn woosw-btn-7840\" data-id=\"7840\" data-product_name=\"Nido Gusano Ixtle\" data-product_image=\"https:\/\/eltiomascotas.com.mx\/wp-content\/uploads\/2019\/04\/gusano-150x150.png\" aria-label=\"Add to wishlist\">Add to wishlist<\/button><span class=\"product-quickview\"><a href=\"#\" data-product_id=\"7840\" class=\"quickview quickview-button quickview-7840\" >Quick View <i class=\"icon-search\"><\/i><\/a><\/span>\t\t<\/div>\n\t<\/div>\n\t<div class=\"products-content\">\n\t\t<div class=\"contents\">\n\t\t\t\t\t\t<div class=\"rating none\">\n\t\t\t<div class=\"star-rating none\"><\/div>\n\t\t\t<div class=\"review-count\">\n\t\t\t\t(0)\n\t\t\t<\/div>\n\t\t<\/div>\n\t\t\t\t<h3 class=\"product-title\"><a href=\"https:\/\/eltiomascotas.com.mx\/index.php\/product\/quisque-eget-eros-sit-amet-neque-tincidunt\/\">Nido Gusano Ixtle<\/a><\/h3>\n\t\t\t\n\t<span class=\"price\"><span class=\"woocommerce-Price-amount amount\"><bdi><span class=\"woocommerce-Price-currencySymbol\">&#36;<\/span>69.00<\/bdi><\/span><\/span>\n\t\t<\/div>\n\t\t<div class=\"button-atc\">\n\t\t\t<a rel=\"nofollow\" href=\"?add-to-cart=7840\" data-quantity=\"1\" data-product_id=\"7840\" data-product_sku=\"U2022\" class=\"button product_type_simple add_to_cart_button ajax_add_to_cart\">A\u00f1adir al carrito<\/a>\t\t<\/div>\n\t<\/div>\n<\/div>\t\t\t\t\t\t\t<\/div>\r\n\t\t\t\t\t<div class=\"item-product col-xl-2 col-lg-3 col-md-6 col-6\">\r\n\t\t\t\t\t\t\t\t\t<div class=\"products-entry content-product3 clearfix product-wapper\">\n\t<div class=\"products-thumb\">\n\t\t\t<div class='product-lable'>\n\t\t\t\t\t\t\t\t\n\t\t\t<\/div>\n<div class=\"product-thumb-hover\"><a href=\"https:\/\/eltiomascotas.com.mx\/index.php\/product\/sed-dolor-tellus-rhoncus-viverra-aliquam-egestas\/\" class=\"woocommerce-LoopProduct-link\"><img loading=\"lazy\" decoding=\"async\" width=\"300\" height=\"300\" src=\"https:\/\/eltiomascotas.com.mx\/wp-content\/uploads\/2020\/04\/modeloAgapornis1-300x300.png\" class=\"attachment-woocommerce_thumbnail size-woocommerce_thumbnail wp-post-image\" alt=\"\" \/><img loading=\"lazy\" decoding=\"async\" width=\"300\" height=\"300\" src=\"https:\/\/eltiomascotas.com.mx\/wp-content\/uploads\/2020\/04\/modeloAgapornis2-300x300.png\" class=\"hover-image back\" alt=\"\" \/><\/a><\/div>\t\t<div class='product-button'>\n\t\t\t<a rel=\"nofollow\" href=\"?add-to-cart=10460\" data-quantity=\"1\" data-product_id=\"10460\" data-product_sku=\"\" class=\"button product_type_simple add_to_cart_button ajax_add_to_cart\">A\u00f1adir al carrito<\/a><button class=\"woosw-btn woosw-btn-10460\" data-id=\"10460\" data-product_name=\"Nido Artesanal Con Percha Para Agapornis\" data-product_image=\"https:\/\/eltiomascotas.com.mx\/wp-content\/uploads\/2020\/04\/modeloAgapornis1-150x150.png\" aria-label=\"Add to wishlist\">Add to wishlist<\/button><span class=\"product-quickview\"><a href=\"#\" data-product_id=\"10460\" class=\"quickview quickview-button quickview-10460\" >Quick View <i class=\"icon-search\"><\/i><\/a><\/span>\t\t<\/div>\n\t<\/div>\n\t<div class=\"products-content\">\n\t\t<div class=\"contents\">\n\t\t\t\t\t\t<div class=\"rating none\">\n\t\t\t<div class=\"star-rating none\"><\/div>\n\t\t\t<div class=\"review-count\">\n\t\t\t\t(0)\n\t\t\t<\/div>\n\t\t<\/div>\n\t\t\t\t<h3 class=\"product-title\"><a href=\"https:\/\/eltiomascotas.com.mx\/index.php\/product\/sed-dolor-tellus-rhoncus-viverra-aliquam-egestas\/\">Nido Artesanal Con Percha Para Agapornis<\/a><\/h3>\n\t\t\t\n\t<span class=\"price\"><span class=\"woocommerce-Price-amount amount\"><bdi><span class=\"woocommerce-Price-currencySymbol\">&#36;<\/span>229.00<\/bdi><\/span><\/span>\n\t\t<\/div>\n\t\t<div class=\"button-atc\">\n\t\t\t<a rel=\"nofollow\" href=\"?add-to-cart=10460\" data-quantity=\"1\" data-product_id=\"10460\" data-product_sku=\"\" class=\"button product_type_simple add_to_cart_button ajax_add_to_cart\">A\u00f1adir al carrito<\/a>\t\t<\/div>\n\t<\/div>\n<\/div>\t\t\t\t\t\t\t<\/div>\r\n\t\t\t\t<\/div>\t\t\r\n\t<\/div>\r\n\t\t\t<\/div>\n\t\t\t\t<\/div>\n\t\t\t\t\t<\/div>\n\t\t<\/div>\n\t\t\t\t\t<\/div>\n\t\t<\/section>\n\t\t\t\t<\/div>\n\t\t","protected":false},"excerpt":{"rendered":"<p>Alimento Balanceado para patos<\/p>\n","protected":false},"featured_media":23633,"comment_status":"open","ping_status":"closed","template":"","meta":[],"product_cat":[101,82,104,130,270],"product_tag":[],"class_list":{"0":"post-23632","1":"product","2":"type-product","3":"status-publish","4":"has-post-thumbnail","6":"product_cat-aves-ornato","7":"product_cat-alimento-para-colibries","8":"product_cat-alimento-psitacidos","9":"product_cat-alimentos-para-aves","10":"product_cat-aves","13":"first","14":"instock","15":"taxable","16":"shipping-taxable","17":"purchasable","18":"product-type-simple"},"jetpack_sharing_enabled":true,"_links":{"self":[{"href":"https:\/\/eltiomascotas.com.mx\/index.php\/wp-json\/wp\/v2\/product\/23632","targetHints":{"allow":["GET"]}}],"collection":[{"href":"https:\/\/eltiomascotas.com.mx\/index.php\/wp-json\/wp\/v2\/product"}],"about":[{"href":"https:\/\/eltiomascotas.com.mx\/index.php\/wp-json\/wp\/v2\/types\/product"}],"replies":[{"embeddable":true,"href":"https:\/\/eltiomascotas.com.mx\/index.php\/wp-json\/wp\/v2\/comments?post=23632"}],"version-history":[{"count":4,"href":"https:\/\/eltiomascotas.com.mx\/index.php\/wp-json\/wp\/v2\/product\/23632\/revisions"}],"predecessor-version":[{"id":23788,"href":"https:\/\/eltiomascotas.com.mx\/index.php\/wp-json\/wp\/v2\/product\/23632\/revisions\/23788"}],"wp:featuredmedia":[{"embeddable":true,"href":"https:\/\/eltiomascotas.com.mx\/index.php\/wp-json\/wp\/v2\/media\/23633"}],"wp:attachment":[{"href":"https:\/\/eltiomascotas.com.mx\/index.php\/wp-json\/wp\/v2\/media?parent=23632"}],"wp:term":[{"taxonomy":"product_cat","embeddable":true,"href":"https:\/\/eltiomascotas.com.mx\/index.php\/wp-json\/wp\/v2\/product_cat?post=23632"},{"taxonomy":"product_tag","embeddable":true,"href":"https:\/\/eltiomascotas.com.mx\/index.php\/wp-json\/wp\/v2\/product_tag?post=23632"}],"curies":[{"name":"wp","href":"https:\/\/api.w.org\/{rel}","templated":true}]}}