{"id":23902,"date":"2024-10-07T21:29:00","date_gmt":"2024-10-08T02:29:00","guid":{"rendered":"https:\/\/eltiomascotas.com.mx\/?post_type=product&#038;p=23902"},"modified":"2024-10-07T21:29:00","modified_gmt":"2024-10-08T02:29:00","slug":"arena-para-gato-aglutinante-con-perlas-garrafa-de-10kg","status":"publish","type":"product","link":"https:\/\/eltiomascotas.com.mx\/index.php\/product\/arena-para-gato-aglutinante-con-perlas-garrafa-de-10kg\/","title":{"rendered":"Arena Para Gato Aglutinante Con Perlas &#8211; Garrafa De 10kg"},"content":{"rendered":"<p>GARRAFA CON ARENA PARA GATO 10kg<\/p>\n<p>Arena aglutinante para gatos, con perlas de aroma fresco que se activan con el contacto de la orina, eliminando los malos olores.<\/p>\n<p>Gran absorci\u00f3n de olores y aglutinamiento formando terrones para facilitar la limpieza.<\/p>\n<p>Adem\u00e1s, su presentaci\u00f3n en garrafa hace m\u00e1s pr\u00e1ctico la distribuci\u00f3n de la arena y a su vez, hace mucho m\u00e1s c\u00f3modo y seguro almacenar la arena restante.<\/p>\n","protected":false},"excerpt":{"rendered":"<p>10kg de arena para gato en garrafa<\/p>\n","protected":false},"featured_media":23903,"comment_status":"open","ping_status":"closed","template":"","meta":[],"product_cat":[108],"product_tag":[373],"class_list":{"0":"post-23902","1":"product","2":"type-product","3":"status-publish","4":"has-post-thumbnail","6":"product_brand-eltiomascotas","7":"product_cat-arena-para-gatos","8":"product_tag-arena-para-gato","11":"first","12":"instock","13":"taxable","14":"shipping-taxable","15":"purchasable","16":"product-type-simple"},"jetpack_sharing_enabled":true,"_links":{"self":[{"href":"https:\/\/eltiomascotas.com.mx\/index.php\/wp-json\/wp\/v2\/product\/23902","targetHints":{"allow":["GET"]}}],"collection":[{"href":"https:\/\/eltiomascotas.com.mx\/index.php\/wp-json\/wp\/v2\/product"}],"about":[{"href":"https:\/\/eltiomascotas.com.mx\/index.php\/wp-json\/wp\/v2\/types\/product"}],"replies":[{"embeddable":true,"href":"https:\/\/eltiomascotas.com.mx\/index.php\/wp-json\/wp\/v2\/comments?post=23902"}],"version-history":[{"count":2,"href":"https:\/\/eltiomascotas.com.mx\/index.php\/wp-json\/wp\/v2\/product\/23902\/revisions"}],"predecessor-version":[{"id":23907,"href":"https:\/\/eltiomascotas.com.mx\/index.php\/wp-json\/wp\/v2\/product\/23902\/revisions\/23907"}],"wp:featuredmedia":[{"embeddable":true,"href":"https:\/\/eltiomascotas.com.mx\/index.php\/wp-json\/wp\/v2\/media\/23903"}],"wp:attachment":[{"href":"https:\/\/eltiomascotas.com.mx\/index.php\/wp-json\/wp\/v2\/media?parent=23902"}],"wp:term":[{"taxonomy":"product_cat","embeddable":true,"href":"https:\/\/eltiomascotas.com.mx\/index.php\/wp-json\/wp\/v2\/product_cat?post=23902"},{"taxonomy":"product_tag","embeddable":true,"href":"https:\/\/eltiomascotas.com.mx\/index.php\/wp-json\/wp\/v2\/product_tag?post=23902"}],"curies":[{"name":"wp","href":"https:\/\/api.w.org\/{rel}","templated":true}]}}