{"id":24086,"date":"2024-10-12T18:08:32","date_gmt":"2024-10-12T23:08:32","guid":{"rendered":"https:\/\/eltiomascotas.com.mx\/?post_type=product&#038;p=24086"},"modified":"2024-10-12T18:30:30","modified_gmt":"2024-10-12T23:30:30","slug":"bote-de-tenebrio-molitor-alimento-vivo-100pzas","status":"publish","type":"product","link":"https:\/\/eltiomascotas.com.mx\/index.php\/product\/bote-de-tenebrio-molitor-alimento-vivo-100pzas\/","title":{"rendered":"Bote De Tenebrio Molitor &#8211; Alimento Vivo &#8211; 100pzas"},"content":{"rendered":"<p>ALIMENTO VIVO TENEBRIO MOLITOR &#8211; 100 PZAS<\/p>\n<p>Mantenga el bote en un lugar fresco y seco, fuera del alcance de los rayos directos del sol.<\/p>\n<p>Ideal para anfibios, reptiles, tar\u00e1ntulas, escorpiones, peces, aves y peque\u00f1os mam\u00edferos.<\/p>\n<p>Alimento balanceado, fuente de prote\u00edna, fibra, grasas y carbohidratos necesarios para la buena nutrici\u00f3n, desarrollo, crecimiento y bienestar de nuestras mascotas.<\/p>\n<p>&nbsp;<\/p>\n","protected":false},"excerpt":{"rendered":"<p>BOTE CON 100 PIEZAS<\/p>\n","protected":false},"featured_media":24087,"comment_status":"open","ping_status":"closed","template":"","meta":[],"product_cat":[361],"product_tag":[400,398,399,396,397],"class_list":{"0":"post-24086","1":"product","2":"type-product","3":"status-publish","4":"has-post-thumbnail","6":"product_brand-eltiomascotas","7":"product_cat-alimentovivoparareptiles","8":"product_tag-alimento-para-anfibios","9":"product_tag-alimento-para-reptiles","10":"product_tag-alimento-para-tarantulas","11":"product_tag-alimento-vivo","12":"product_tag-tenebrios","15":"first","16":"instock","17":"taxable","18":"shipping-taxable","19":"purchasable","20":"product-type-simple"},"jetpack_sharing_enabled":true,"_links":{"self":[{"href":"https:\/\/eltiomascotas.com.mx\/index.php\/wp-json\/wp\/v2\/product\/24086","targetHints":{"allow":["GET"]}}],"collection":[{"href":"https:\/\/eltiomascotas.com.mx\/index.php\/wp-json\/wp\/v2\/product"}],"about":[{"href":"https:\/\/eltiomascotas.com.mx\/index.php\/wp-json\/wp\/v2\/types\/product"}],"replies":[{"embeddable":true,"href":"https:\/\/eltiomascotas.com.mx\/index.php\/wp-json\/wp\/v2\/comments?post=24086"}],"version-history":[{"count":1,"href":"https:\/\/eltiomascotas.com.mx\/index.php\/wp-json\/wp\/v2\/product\/24086\/revisions"}],"predecessor-version":[{"id":24090,"href":"https:\/\/eltiomascotas.com.mx\/index.php\/wp-json\/wp\/v2\/product\/24086\/revisions\/24090"}],"wp:featuredmedia":[{"embeddable":true,"href":"https:\/\/eltiomascotas.com.mx\/index.php\/wp-json\/wp\/v2\/media\/24087"}],"wp:attachment":[{"href":"https:\/\/eltiomascotas.com.mx\/index.php\/wp-json\/wp\/v2\/media?parent=24086"}],"wp:term":[{"taxonomy":"product_cat","embeddable":true,"href":"https:\/\/eltiomascotas.com.mx\/index.php\/wp-json\/wp\/v2\/product_cat?post=24086"},{"taxonomy":"product_tag","embeddable":true,"href":"https:\/\/eltiomascotas.com.mx\/index.php\/wp-json\/wp\/v2\/product_tag?post=24086"}],"curies":[{"name":"wp","href":"https:\/\/api.w.org\/{rel}","templated":true}]}}