{"id":24091,"date":"2024-10-12T18:32:59","date_gmt":"2024-10-12T23:32:59","guid":{"rendered":"https:\/\/eltiomascotas.com.mx\/?post_type=product&#038;p=24091"},"modified":"2025-08-09T11:18:41","modified_gmt":"2025-08-09T17:18:41","slug":"bote-de-tenebrio-molitor-alimento-vivo-500pzas","status":"publish","type":"product","link":"https:\/\/eltiomascotas.com.mx\/index.php\/product\/bote-de-tenebrio-molitor-alimento-vivo-500pzas\/","title":{"rendered":"Bote De Tenebrio Molitor \u2013 Alimento Vivo \u2013 500pzas"},"content":{"rendered":"<p>ALIMENTO VIVO TENEBRIO MOLITOR \u2013 500 PZAS<\/p>\n<p>Mantenga el bote en un lugar fresco y seco, fuera del alcance de los rayos directos del sol.<\/p>\n<p>Ideal para anfibios, reptiles, tar\u00e1ntulas, escorpiones, peces, aves y peque\u00f1os mam\u00edferos.<\/p>\n<p>Alimento balanceado, fuente de prote\u00edna, fibra, grasas y carbohidratos necesarios para la buena nutrici\u00f3n, desarrollo, crecimiento y bienestar de nuestras mascotas.<\/p>\n","protected":false},"excerpt":{"rendered":"<p>BOTE CON 500 PIEZAS<\/p>\n","protected":false},"featured_media":24087,"comment_status":"open","ping_status":"closed","template":"","meta":[],"product_cat":[361],"product_tag":[400,398,399,396,397],"class_list":{"0":"post-24091","1":"product","2":"type-product","3":"status-publish","4":"has-post-thumbnail","6":"product_brand-eltiomascotas","7":"product_cat-alimentovivoparareptiles","8":"product_tag-alimento-para-anfibios","9":"product_tag-alimento-para-reptiles","10":"product_tag-alimento-para-tarantulas","11":"product_tag-alimento-vivo","12":"product_tag-tenebrios","15":"first","16":"instock","17":"taxable","18":"shipping-taxable","19":"purchasable","20":"product-type-simple"},"jetpack_sharing_enabled":true,"_links":{"self":[{"href":"https:\/\/eltiomascotas.com.mx\/index.php\/wp-json\/wp\/v2\/product\/24091","targetHints":{"allow":["GET"]}}],"collection":[{"href":"https:\/\/eltiomascotas.com.mx\/index.php\/wp-json\/wp\/v2\/product"}],"about":[{"href":"https:\/\/eltiomascotas.com.mx\/index.php\/wp-json\/wp\/v2\/types\/product"}],"replies":[{"embeddable":true,"href":"https:\/\/eltiomascotas.com.mx\/index.php\/wp-json\/wp\/v2\/comments?post=24091"}],"version-history":[{"count":2,"href":"https:\/\/eltiomascotas.com.mx\/index.php\/wp-json\/wp\/v2\/product\/24091\/revisions"}],"predecessor-version":[{"id":24096,"href":"https:\/\/eltiomascotas.com.mx\/index.php\/wp-json\/wp\/v2\/product\/24091\/revisions\/24096"}],"wp:featuredmedia":[{"embeddable":true,"href":"https:\/\/eltiomascotas.com.mx\/index.php\/wp-json\/wp\/v2\/media\/24087"}],"wp:attachment":[{"href":"https:\/\/eltiomascotas.com.mx\/index.php\/wp-json\/wp\/v2\/media?parent=24091"}],"wp:term":[{"taxonomy":"product_cat","embeddable":true,"href":"https:\/\/eltiomascotas.com.mx\/index.php\/wp-json\/wp\/v2\/product_cat?post=24091"},{"taxonomy":"product_tag","embeddable":true,"href":"https:\/\/eltiomascotas.com.mx\/index.php\/wp-json\/wp\/v2\/product_tag?post=24091"}],"curies":[{"name":"wp","href":"https:\/\/api.w.org\/{rel}","templated":true}]}}