{"id":24349,"date":"2024-10-13T01:19:11","date_gmt":"2024-10-13T06:19:11","guid":{"rendered":"https:\/\/eltiomascotas.com.mx\/?post_type=product&#038;p=24349"},"modified":"2025-06-18T17:54:40","modified_gmt":"2025-06-18T23:54:40","slug":"alimento-premium-tortugas-tortuguetas-vegetal-1-5kg-petmmal","status":"publish","type":"product","link":"https:\/\/eltiomascotas.com.mx\/index.php\/product\/alimento-premium-tortugas-tortuguetas-vegetal-1-5kg-petmmal\/","title":{"rendered":"Alimento Comida Tortugas Tortuguetas Vegetal Petmmal 1.5kg"},"content":{"rendered":"<p>TORTUGUETAS VEGETAL 1.5KG PETMMAL<\/p>\n<p>Alimento PREMIUM balanceado, seco en forma de esferas extrudizadas de 4.5mm. Posee una f\u00f3rmula exclusivamente VEGETARIANA de inmejorable calidad. Destaca por su alto contenido en fibra y calcio, siendo el mejor alimento para tortugas vegetarianas.<\/p>\n<p>Est\u00e1 formulado para tortugas terrestres herb\u00edvoras de todos los tama\u00f1os y edades, como sulcata, leopardo, carbonaria, mexicanas de desierto, etc. Tambi\u00e9n es adecuado para ejemplares adultos mayores de especies acu\u00e1ticas omn\u00edvoras.<\/p>\n<p>Cuenta con un balance de calcio:f\u00f3sforo, ideal para reptiles. Es indispensable para el desarrollo del caparaz\u00f3n y de las funciones vitales del organismo. Se recomienda como alimento \u00fanico para no perder el balance nutricional perfecto.<\/p>\n<p>En ejemplares grandes se puede usar junto con vegetales frescos que sean adecuados por su contenido Ca:P. Es el alimento preferido por las tortugas, garantizando un crecimiento sano en tiempo y forma. No contiene colorantes, ni saborizantes artificiales.<\/p>\n<p>Usando &#8216;Tortuguetas Vegetal&#8217;, tus mascotas nunca presentar\u00e1n enfermedades metab\u00f3licas, y adem\u00e1s promueven un crecimiento apropiado. Es la mejor opci\u00f3n en el mercado.<\/p>\n<p>Producto 100% mexicano.<\/p>\n","protected":false},"excerpt":{"rendered":"<p>CUBETA TORTUGUETAS VEGETAL (PARA TORTUGAS HERBIBORAS) 1.5KG<\/p>\n","protected":false},"featured_media":24351,"comment_status":"open","ping_status":"closed","template":"","meta":[],"product_cat":[187],"product_tag":[405,404],"class_list":{"0":"post-24349","1":"product","2":"type-product","3":"status-publish","4":"has-post-thumbnail","6":"product_brand-petmmal","7":"product_cat-alimento-para-tortugas","8":"product_tag-alimento-tortuga-vegetal","9":"product_tag-tortuguetas","12":"first","13":"instock","14":"sale","15":"taxable","16":"shipping-taxable","17":"purchasable","18":"product-type-simple"},"jetpack_sharing_enabled":true,"_links":{"self":[{"href":"https:\/\/eltiomascotas.com.mx\/index.php\/wp-json\/wp\/v2\/product\/24349","targetHints":{"allow":["GET"]}}],"collection":[{"href":"https:\/\/eltiomascotas.com.mx\/index.php\/wp-json\/wp\/v2\/product"}],"about":[{"href":"https:\/\/eltiomascotas.com.mx\/index.php\/wp-json\/wp\/v2\/types\/product"}],"replies":[{"embeddable":true,"href":"https:\/\/eltiomascotas.com.mx\/index.php\/wp-json\/wp\/v2\/comments?post=24349"}],"version-history":[{"count":4,"href":"https:\/\/eltiomascotas.com.mx\/index.php\/wp-json\/wp\/v2\/product\/24349\/revisions"}],"predecessor-version":[{"id":25289,"href":"https:\/\/eltiomascotas.com.mx\/index.php\/wp-json\/wp\/v2\/product\/24349\/revisions\/25289"}],"wp:featuredmedia":[{"embeddable":true,"href":"https:\/\/eltiomascotas.com.mx\/index.php\/wp-json\/wp\/v2\/media\/24351"}],"wp:attachment":[{"href":"https:\/\/eltiomascotas.com.mx\/index.php\/wp-json\/wp\/v2\/media?parent=24349"}],"wp:term":[{"taxonomy":"product_cat","embeddable":true,"href":"https:\/\/eltiomascotas.com.mx\/index.php\/wp-json\/wp\/v2\/product_cat?post=24349"},{"taxonomy":"product_tag","embeddable":true,"href":"https:\/\/eltiomascotas.com.mx\/index.php\/wp-json\/wp\/v2\/product_tag?post=24349"}],"curies":[{"name":"wp","href":"https:\/\/api.w.org\/{rel}","templated":true}]}}