{"id":24901,"date":"2024-10-16T17:04:36","date_gmt":"2024-10-16T22:04:36","guid":{"rendered":"https:\/\/eltiomascotas.com.mx\/?post_type=product&#038;p=24901"},"modified":"2024-10-16T17:34:27","modified_gmt":"2024-10-16T22:34:27","slug":"material-natural-organica-para-nido-de-canarios-y-otras-aves","status":"publish","type":"product","link":"https:\/\/eltiomascotas.com.mx\/index.php\/product\/material-natural-organica-para-nido-de-canarios-y-otras-aves\/","title":{"rendered":"Material Natural Org\u00e1nica Para Nido De Canarios Y Otras Aves"},"content":{"rendered":"<p>MATERIAL NATURAL Y ORG\u00c1NICO PARA NIDO DE CANARIO o AVES PEQUE\u00d1AS<\/p>\n<p>Con propiedades altamente t\u00e9rmicas que permiten proteger y mantener en buen estado los huevos en el nido.<\/p>\n<p>Material org\u00e1nico natural, t\u00e9rmico y seleccionado para usarse como base en nidos o para que las aves creen su propio nido. Protege y mantiene los huevos en excelentes condiciones.<\/p>\n","protected":false},"excerpt":{"rendered":"<p>MATERIAL ORG\u00c1NICO PARA NIDOS<\/p>\n","protected":false},"featured_media":24907,"comment_status":"open","ping_status":"closed","template":"","meta":[],"product_cat":[131,107],"product_tag":[412],"class_list":{"0":"post-24901","1":"product","2":"type-product","3":"status-publish","4":"has-post-thumbnail","6":"product_brand-eltiomascotas","7":"product_cat-nidos-para-agapornis","8":"product_cat-nidos-para-canarios","9":"product_tag-material-organico-para-nidos","12":"first","13":"instock","14":"taxable","15":"shipping-taxable","16":"purchasable","17":"product-type-simple"},"jetpack_sharing_enabled":true,"_links":{"self":[{"href":"https:\/\/eltiomascotas.com.mx\/index.php\/wp-json\/wp\/v2\/product\/24901","targetHints":{"allow":["GET"]}}],"collection":[{"href":"https:\/\/eltiomascotas.com.mx\/index.php\/wp-json\/wp\/v2\/product"}],"about":[{"href":"https:\/\/eltiomascotas.com.mx\/index.php\/wp-json\/wp\/v2\/types\/product"}],"replies":[{"embeddable":true,"href":"https:\/\/eltiomascotas.com.mx\/index.php\/wp-json\/wp\/v2\/comments?post=24901"}],"version-history":[{"count":2,"href":"https:\/\/eltiomascotas.com.mx\/index.php\/wp-json\/wp\/v2\/product\/24901\/revisions"}],"predecessor-version":[{"id":24906,"href":"https:\/\/eltiomascotas.com.mx\/index.php\/wp-json\/wp\/v2\/product\/24901\/revisions\/24906"}],"wp:featuredmedia":[{"embeddable":true,"href":"https:\/\/eltiomascotas.com.mx\/index.php\/wp-json\/wp\/v2\/media\/24907"}],"wp:attachment":[{"href":"https:\/\/eltiomascotas.com.mx\/index.php\/wp-json\/wp\/v2\/media?parent=24901"}],"wp:term":[{"taxonomy":"product_cat","embeddable":true,"href":"https:\/\/eltiomascotas.com.mx\/index.php\/wp-json\/wp\/v2\/product_cat?post=24901"},{"taxonomy":"product_tag","embeddable":true,"href":"https:\/\/eltiomascotas.com.mx\/index.php\/wp-json\/wp\/v2\/product_tag?post=24901"}],"curies":[{"name":"wp","href":"https:\/\/api.w.org\/{rel}","templated":true}]}}