{"id":24909,"date":"2024-10-18T02:49:11","date_gmt":"2024-10-18T07:49:11","guid":{"rendered":"https:\/\/eltiomascotas.com.mx\/?post_type=product&#038;p=24909"},"modified":"2024-10-18T02:49:12","modified_gmt":"2024-10-18T07:49:12","slug":"plantas-artificiales-decorativas-para-acuario-20cm-6pzas","status":"publish","type":"product","link":"https:\/\/eltiomascotas.com.mx\/index.php\/product\/plantas-artificiales-decorativas-para-acuario-20cm-6pzas\/","title":{"rendered":"Plantas Artificiales Decorativas Para Acuario 20cm &#8211; 6pzas"},"content":{"rendered":"<p>Decora tu acuario con estas hermosas plantas artificiales de la marca El T\u00edo Mascotas. Con una altura de 20 cm, este paquete de 6 piezas de plantas de pl\u00e1stico le dar\u00e1 un toque natural a tu pecera. El dise\u00f1o de las plantas es perfecto para crear un ambiente acu\u00e1tico \u00fanico y colorido. Adem\u00e1s, su material resistente garantiza durabilidad y f\u00e1cil mantenimiento.<\/p>\n<p>Las plantas artificiales para acuario de 20 cm son ideales para aquellos que buscan una decoraci\u00f3n pr\u00e1ctica y sin complicaciones. Con este modelo de paquete de 6 piezas, podr\u00e1s crear un paisaje atractivo y realista. Su tama\u00f1o compacto permite colocarlas en diferentes \u00e1reas de la pecera, a\u00f1adiendo variedad y movimiento a tu acuario. Adem\u00e1s, al ser de pl\u00e1stico, no requieren cuidados especiales y lucir\u00e1n siempre frescas y vibrantes.<\/p>\n<p>A\u00f1ade vida y color a tu acuario con estas plantas artificiales de 20 cm de altura. El dise\u00f1o de las plantas es perfecto para recrear un entorno natural en tu pecera, sin la necesidad de preocuparte por su mantenimiento. Con este paquete de 6 piezas, podr\u00e1s personalizar la decoraci\u00f3n de tu acuario de manera sencilla y creativa. \u00a1Haz que tus peces se sientan como en casa con estas hermosas plantas artificiales!<\/p>\n","protected":false},"excerpt":{"rendered":"<p>PAQUETE CON 6 PLANTAS DE 20CM<\/p>\n","protected":false},"featured_media":24911,"comment_status":"open","ping_status":"closed","template":"","meta":[],"product_cat":[254],"product_tag":[],"class_list":{"0":"post-24909","1":"product","2":"type-product","3":"status-publish","4":"has-post-thumbnail","6":"product_brand-eltiomascotas","7":"product_cat-adorno","10":"first","11":"instock","12":"taxable","13":"shipping-taxable","14":"purchasable","15":"product-type-simple"},"jetpack_sharing_enabled":true,"_links":{"self":[{"href":"https:\/\/eltiomascotas.com.mx\/index.php\/wp-json\/wp\/v2\/product\/24909","targetHints":{"allow":["GET"]}}],"collection":[{"href":"https:\/\/eltiomascotas.com.mx\/index.php\/wp-json\/wp\/v2\/product"}],"about":[{"href":"https:\/\/eltiomascotas.com.mx\/index.php\/wp-json\/wp\/v2\/types\/product"}],"replies":[{"embeddable":true,"href":"https:\/\/eltiomascotas.com.mx\/index.php\/wp-json\/wp\/v2\/comments?post=24909"}],"version-history":[{"count":1,"href":"https:\/\/eltiomascotas.com.mx\/index.php\/wp-json\/wp\/v2\/product\/24909\/revisions"}],"predecessor-version":[{"id":24915,"href":"https:\/\/eltiomascotas.com.mx\/index.php\/wp-json\/wp\/v2\/product\/24909\/revisions\/24915"}],"wp:featuredmedia":[{"embeddable":true,"href":"https:\/\/eltiomascotas.com.mx\/index.php\/wp-json\/wp\/v2\/media\/24911"}],"wp:attachment":[{"href":"https:\/\/eltiomascotas.com.mx\/index.php\/wp-json\/wp\/v2\/media?parent=24909"}],"wp:term":[{"taxonomy":"product_cat","embeddable":true,"href":"https:\/\/eltiomascotas.com.mx\/index.php\/wp-json\/wp\/v2\/product_cat?post=24909"},{"taxonomy":"product_tag","embeddable":true,"href":"https:\/\/eltiomascotas.com.mx\/index.php\/wp-json\/wp\/v2\/product_tag?post=24909"}],"curies":[{"name":"wp","href":"https:\/\/api.w.org\/{rel}","templated":true}]}}