{"id":25011,"date":"2024-11-08T16:40:22","date_gmt":"2024-11-08T22:40:22","guid":{"rendered":"https:\/\/eltiomascotas.com.mx\/?post_type=product&#038;p=25011"},"modified":"2025-06-18T18:30:10","modified_gmt":"2025-06-19T00:30:10","slug":"alimento-para-peces-betta-betta-plus-petmmal-25g","status":"publish","type":"product","link":"https:\/\/eltiomascotas.com.mx\/index.php\/product\/alimento-para-peces-betta-betta-plus-petmmal-25g\/","title":{"rendered":"Alimento Para Peces Betta Betta-Plus Petmmal 25g"},"content":{"rendered":"<p>ALIMENTO PREMIUM PARA PECES BETTA 25G<\/p>\n<p>Alimento dise\u00f1ado para la alimentaci\u00f3n optima de peces betta, ayuda al crecimiento, salud y resalta los colores de los peces.<\/p>\n<p>El tama\u00f1o de las esferas es ideal para este tipo de peces. Se recomienda como alimento \u00fanico (nutrici\u00f3n total), para no perder el balance nutricional perfecto. Alimento preferido por los peces Betta que garantiza un crecimiento sano en tiempo y forma sin colorantes, ni saborizantes artificiales.<\/p>\n","protected":false},"excerpt":{"rendered":"<p>BOLSA CON 25G ALIMENTO PEZ BETTA<\/p>\n","protected":false},"featured_media":25012,"comment_status":"open","ping_status":"closed","template":"","meta":[],"product_cat":[244],"product_tag":[445,443,444],"class_list":{"0":"post-25011","1":"product","2":"type-product","3":"status-publish","4":"has-post-thumbnail","6":"product_brand-petmmal","7":"product_cat-betta","8":"product_tag-alimento-betta-petmmal","9":"product_tag-alimento-peces-betta","10":"product_tag-comida-peces-betta","13":"first","14":"instock","15":"taxable","16":"shipping-taxable","17":"purchasable","18":"product-type-simple"},"jetpack_sharing_enabled":true,"_links":{"self":[{"href":"https:\/\/eltiomascotas.com.mx\/index.php\/wp-json\/wp\/v2\/product\/25011","targetHints":{"allow":["GET"]}}],"collection":[{"href":"https:\/\/eltiomascotas.com.mx\/index.php\/wp-json\/wp\/v2\/product"}],"about":[{"href":"https:\/\/eltiomascotas.com.mx\/index.php\/wp-json\/wp\/v2\/types\/product"}],"replies":[{"embeddable":true,"href":"https:\/\/eltiomascotas.com.mx\/index.php\/wp-json\/wp\/v2\/comments?post=25011"}],"version-history":[{"count":1,"href":"https:\/\/eltiomascotas.com.mx\/index.php\/wp-json\/wp\/v2\/product\/25011\/revisions"}],"predecessor-version":[{"id":25014,"href":"https:\/\/eltiomascotas.com.mx\/index.php\/wp-json\/wp\/v2\/product\/25011\/revisions\/25014"}],"wp:featuredmedia":[{"embeddable":true,"href":"https:\/\/eltiomascotas.com.mx\/index.php\/wp-json\/wp\/v2\/media\/25012"}],"wp:attachment":[{"href":"https:\/\/eltiomascotas.com.mx\/index.php\/wp-json\/wp\/v2\/media?parent=25011"}],"wp:term":[{"taxonomy":"product_cat","embeddable":true,"href":"https:\/\/eltiomascotas.com.mx\/index.php\/wp-json\/wp\/v2\/product_cat?post=25011"},{"taxonomy":"product_tag","embeddable":true,"href":"https:\/\/eltiomascotas.com.mx\/index.php\/wp-json\/wp\/v2\/product_tag?post=25011"}],"curies":[{"name":"wp","href":"https:\/\/api.w.org\/{rel}","templated":true}]}}