{"id":25192,"date":"2025-05-04T00:37:15","date_gmt":"2025-05-04T06:37:15","guid":{"rendered":"https:\/\/eltiomascotas.com.mx\/?post_type=product&#038;p=25192"},"modified":"2025-05-04T00:41:47","modified_gmt":"2025-05-04T06:41:47","slug":"jabon-medicado-tratamiento-de-sarna-hongos-para-perro-y-gato","status":"publish","type":"product","link":"https:\/\/eltiomascotas.com.mx\/index.php\/product\/jabon-medicado-tratamiento-de-sarna-hongos-para-perro-y-gato\/","title":{"rendered":"Jab\u00f3n Medicado Tratamiento De Sarna Hongos Para Perro y Gato"},"content":{"rendered":"<p>JABON TRATAMIENTO DE SARNA ANTISEBO HONGOS PARA PERROS Y GATOS<\/p>\n<p>Este jab\u00f3n de la marca HOLAND es la soluci\u00f3n ideal para el cuidado de la piel de tus mascotas. Dise\u00f1ado espec\u00edficamente para perros y gatos, este jab\u00f3n se enfoca en combatir problemas comunes como la sarna, dermatitis y hongos, proporcionando un alivio efectivo y duradero.<\/p>\n<p>USO: Para uso externo, simplemente moje todo el cuerpo de su mascota y enjabonelo hasta formar espuma, deje reposar por 5 minutos y posteriormente enjuage con abundante agua. Repita el tratamiento a los 8 y 15 d\u00edas.<\/p>\n","protected":false},"excerpt":{"rendered":"<p>Jabon m\u00e9dicado<\/p>\n","protected":false},"featured_media":25193,"comment_status":"open","ping_status":"closed","template":"","meta":[],"product_cat":[204],"product_tag":[481,480,482],"class_list":{"0":"post-25192","1":"product","2":"type-product","3":"status-publish","4":"has-post-thumbnail","6":"product_cat-cuidado-dental-perro","7":"product_tag-jabon-para-hongos","8":"product_tag-jabon-para-sarna","9":"product_tag-jabon-problemas-de-piel-perros","12":"first","13":"instock","14":"taxable","15":"shipping-taxable","16":"purchasable","17":"product-type-simple"},"jetpack_sharing_enabled":true,"_links":{"self":[{"href":"https:\/\/eltiomascotas.com.mx\/index.php\/wp-json\/wp\/v2\/product\/25192","targetHints":{"allow":["GET"]}}],"collection":[{"href":"https:\/\/eltiomascotas.com.mx\/index.php\/wp-json\/wp\/v2\/product"}],"about":[{"href":"https:\/\/eltiomascotas.com.mx\/index.php\/wp-json\/wp\/v2\/types\/product"}],"replies":[{"embeddable":true,"href":"https:\/\/eltiomascotas.com.mx\/index.php\/wp-json\/wp\/v2\/comments?post=25192"}],"version-history":[{"count":2,"href":"https:\/\/eltiomascotas.com.mx\/index.php\/wp-json\/wp\/v2\/product\/25192\/revisions"}],"predecessor-version":[{"id":25197,"href":"https:\/\/eltiomascotas.com.mx\/index.php\/wp-json\/wp\/v2\/product\/25192\/revisions\/25197"}],"wp:featuredmedia":[{"embeddable":true,"href":"https:\/\/eltiomascotas.com.mx\/index.php\/wp-json\/wp\/v2\/media\/25193"}],"wp:attachment":[{"href":"https:\/\/eltiomascotas.com.mx\/index.php\/wp-json\/wp\/v2\/media?parent=25192"}],"wp:term":[{"taxonomy":"product_cat","embeddable":true,"href":"https:\/\/eltiomascotas.com.mx\/index.php\/wp-json\/wp\/v2\/product_cat?post=25192"},{"taxonomy":"product_tag","embeddable":true,"href":"https:\/\/eltiomascotas.com.mx\/index.php\/wp-json\/wp\/v2\/product_tag?post=25192"}],"curies":[{"name":"wp","href":"https:\/\/api.w.org\/{rel}","templated":true}]}}