{"id":25222,"date":"2025-05-04T22:38:10","date_gmt":"2025-05-05T04:38:10","guid":{"rendered":"https:\/\/eltiomascotas.com.mx\/?post_type=product&#038;p=25222"},"modified":"2025-06-18T17:12:45","modified_gmt":"2025-06-18T23:12:45","slug":"alimento-comida-tortugas-tortuguetas-vegetal-petmmal-3kg","status":"publish","type":"product","link":"https:\/\/eltiomascotas.com.mx\/index.php\/product\/alimento-comida-tortugas-tortuguetas-vegetal-petmmal-3kg\/","title":{"rendered":"Alimento Comida Tortugas Tortuguetas Vegetal Petmmal 3kg"},"content":{"rendered":"<p>Petmmal Tortuguetas Vegetal 3kg Granel&#8217; es un alimento PREMIUM balanceado, seco en forma de esferas extrudizadas de 4.5mm. Su f\u00f3rmula es exclusivamente VEGETARIANA de inmejorable calidad. Contiene alto contenido en fibra y calcio, siendo el mejor alimento en el mercado para tortugas vegetarianas.<\/p>\n<p>Est\u00e1 formulado para tortugas terrestres herb\u00edvoras de todos los tama\u00f1os y edades, tales como sulcata, leopardo, carbonaria, mexicanas de desierto, etc. Tambi\u00e9n puede ser utilizado para ejemplares adultos mayores de especies acu\u00e1ticas omn\u00edvoras.<\/p>\n<p>Posee un balance de calcio:f\u00f3sforo, ideal para reptiles. Es indispensable para el desarrollo del caparaz\u00f3n y de las funciones vitales del organismo. Se recomienda como alimento \u00fanico (nutrici\u00f3n total), para no perder el balance nutricional perfecto.<\/p>\n<p>En ejemplares grandes se puede usar junto con vegetales frescos que sean adecuados por su contenido Ca:P. Es un alimento preferido por las tortugas, garantiza un crecimiento sano en tiempo y forma. No contiene colorantes, ni saborizantes artificiales.<\/p>\n<p>Al utilizar &#8216;Tortuguetas vegetal&#8217; tus mascotas nunca presentar\u00e1n enfermedades metab\u00f3licas, y adem\u00e1s promueven un crecimiento apropiado. Es sin duda la mejor opci\u00f3n en el mercado.<\/p>\n","protected":false},"excerpt":{"rendered":"<p>CAJA TORTUGUETAS VEGETAL (PARA TORTUGAS HERBIBORAS) 3KG<\/p>\n","protected":false},"featured_media":25223,"comment_status":"open","ping_status":"closed","template":"","meta":[],"product_cat":[187],"product_tag":[405,484,487],"class_list":{"0":"post-25222","1":"product","2":"type-product","3":"status-publish","4":"has-post-thumbnail","6":"product_brand-petmmal","7":"product_cat-alimento-para-tortugas","8":"product_tag-alimento-tortuga-vegetal","9":"product_tag-petmmal","10":"product_tag-tortugueta-vegetal","13":"first","14":"instock","15":"sale","16":"featured","17":"taxable","18":"shipping-taxable","19":"purchasable","20":"product-type-simple"},"jetpack_sharing_enabled":true,"_links":{"self":[{"href":"https:\/\/eltiomascotas.com.mx\/index.php\/wp-json\/wp\/v2\/product\/25222","targetHints":{"allow":["GET"]}}],"collection":[{"href":"https:\/\/eltiomascotas.com.mx\/index.php\/wp-json\/wp\/v2\/product"}],"about":[{"href":"https:\/\/eltiomascotas.com.mx\/index.php\/wp-json\/wp\/v2\/types\/product"}],"replies":[{"embeddable":true,"href":"https:\/\/eltiomascotas.com.mx\/index.php\/wp-json\/wp\/v2\/comments?post=25222"}],"version-history":[{"count":3,"href":"https:\/\/eltiomascotas.com.mx\/index.php\/wp-json\/wp\/v2\/product\/25222\/revisions"}],"predecessor-version":[{"id":25292,"href":"https:\/\/eltiomascotas.com.mx\/index.php\/wp-json\/wp\/v2\/product\/25222\/revisions\/25292"}],"wp:featuredmedia":[{"embeddable":true,"href":"https:\/\/eltiomascotas.com.mx\/index.php\/wp-json\/wp\/v2\/media\/25223"}],"wp:attachment":[{"href":"https:\/\/eltiomascotas.com.mx\/index.php\/wp-json\/wp\/v2\/media?parent=25222"}],"wp:term":[{"taxonomy":"product_cat","embeddable":true,"href":"https:\/\/eltiomascotas.com.mx\/index.php\/wp-json\/wp\/v2\/product_cat?post=25222"},{"taxonomy":"product_tag","embeddable":true,"href":"https:\/\/eltiomascotas.com.mx\/index.php\/wp-json\/wp\/v2\/product_tag?post=25222"}],"curies":[{"name":"wp","href":"https:\/\/api.w.org\/{rel}","templated":true}]}}