{"id":25227,"date":"2025-05-04T22:49:12","date_gmt":"2025-05-05T04:49:12","guid":{"rendered":"https:\/\/eltiomascotas.com.mx\/?post_type=product&#038;p=25227"},"modified":"2025-06-18T17:54:22","modified_gmt":"2025-06-18T23:54:22","slug":"alimento-comida-tortugas-tortuguetas-jumbo-petmmal-1kg","status":"publish","type":"product","link":"https:\/\/eltiomascotas.com.mx\/index.php\/product\/alimento-comida-tortugas-tortuguetas-jumbo-petmmal-1kg\/","title":{"rendered":"Alimento Comida Tortugas Tortuguetas Jumbo Petmmal 1kg"},"content":{"rendered":"<p>Alimento PREMIUM balanceado, flotante en forma de barras de 9.5mm x 10mm de grosor.<\/p>\n<p>Formulado por especialistas para tortugas acu\u00e1ticas y semiacu\u00e1ticas de talla GRANDE, como adultos de oreja roja, pavo real, lagarto, blandas y goao. Adecuado como complemento alimenticio para dragones barbados, skinks de lengua azul y geckos leopardo.<\/p>\n<p>F\u00f3rmula omn\u00edvora, predominantemente c\u00e1rnica, con un balance entre calcio y f\u00f3sforo; esencial para el desarrollo normal del caparaz\u00f3n y de las funciones vitales del organismo.<\/p>\n<p>Tama\u00f1o dise\u00f1ado para ser consumido en un solo bocado. Recomendado como alimento \u00fanico para mantener un balance nutricional \u00f3ptimo. Favorece un crecimiento saludable.<\/p>\n<p>Sin colorantes, ni saborizantes artificiales.<\/p>\n<p>Producto 100% mexicano.<\/p>\n","protected":false},"excerpt":{"rendered":"<p>CUBETA TORTUGUETAS JUMBO (PARA TORTUGAS GRANDES) 1KG<\/p>\n","protected":false},"featured_media":25228,"comment_status":"open","ping_status":"closed","template":"","meta":[],"product_cat":[187],"product_tag":[494,495,484,496],"class_list":{"0":"post-25227","1":"product","2":"type-product","3":"status-publish","4":"has-post-thumbnail","6":"product_brand-petmmal","7":"product_cat-alimento-para-tortugas","8":"product_tag-alimento-para-tortuga-jumbo","9":"product_tag-comida-para-tortuga-grande","10":"product_tag-petmmal","11":"product_tag-tortugueta-jumbo","14":"first","15":"instock","16":"sale","17":"taxable","18":"shipping-taxable","19":"purchasable","20":"product-type-simple"},"jetpack_sharing_enabled":true,"_links":{"self":[{"href":"https:\/\/eltiomascotas.com.mx\/index.php\/wp-json\/wp\/v2\/product\/25227","targetHints":{"allow":["GET"]}}],"collection":[{"href":"https:\/\/eltiomascotas.com.mx\/index.php\/wp-json\/wp\/v2\/product"}],"about":[{"href":"https:\/\/eltiomascotas.com.mx\/index.php\/wp-json\/wp\/v2\/types\/product"}],"replies":[{"embeddable":true,"href":"https:\/\/eltiomascotas.com.mx\/index.php\/wp-json\/wp\/v2\/comments?post=25227"}],"version-history":[{"count":2,"href":"https:\/\/eltiomascotas.com.mx\/index.php\/wp-json\/wp\/v2\/product\/25227\/revisions"}],"predecessor-version":[{"id":25300,"href":"https:\/\/eltiomascotas.com.mx\/index.php\/wp-json\/wp\/v2\/product\/25227\/revisions\/25300"}],"wp:featuredmedia":[{"embeddable":true,"href":"https:\/\/eltiomascotas.com.mx\/index.php\/wp-json\/wp\/v2\/media\/25228"}],"wp:attachment":[{"href":"https:\/\/eltiomascotas.com.mx\/index.php\/wp-json\/wp\/v2\/media?parent=25227"}],"wp:term":[{"taxonomy":"product_cat","embeddable":true,"href":"https:\/\/eltiomascotas.com.mx\/index.php\/wp-json\/wp\/v2\/product_cat?post=25227"},{"taxonomy":"product_tag","embeddable":true,"href":"https:\/\/eltiomascotas.com.mx\/index.php\/wp-json\/wp\/v2\/product_tag?post=25227"}],"curies":[{"name":"wp","href":"https:\/\/api.w.org\/{rel}","templated":true}]}}