{"id":25261,"date":"2025-06-18T15:28:54","date_gmt":"2025-06-18T21:28:54","guid":{"rendered":"https:\/\/eltiomascotas.com.mx\/?post_type=product&#038;p=25261"},"modified":"2025-06-18T15:30:59","modified_gmt":"2025-06-18T21:30:59","slug":"alimento-comida-tortugas-juveniles-tortuguetas-inicio-petmmal-500g","status":"publish","type":"product","link":"https:\/\/eltiomascotas.com.mx\/index.php\/product\/alimento-comida-tortugas-juveniles-tortuguetas-inicio-petmmal-500g\/","title":{"rendered":"Alimento Comida Tortugas Tortuguetas Inicio Petmmal 500g"},"content":{"rendered":"<p>Alimento Balanceado PREMIUM flotante, en forma de barritas de 3.5 mm de grosor.<\/p>\n<p>F\u00f3rmula omn\u00edvora, predominantemente c\u00e1rnica.<\/p>\n<p>Excelente balance calcio:f\u00f3sforo para la completa nutrici\u00f3n de tortugas.<\/p>\n<p>Ideal para tortugas acu\u00e1ticas y semiacu\u00e1ticas peque\u00f1as de 5 a 7 cm en etapa de crecimiento. F\u00f3rmula con balance ideal de calcio para favorecer el desarrollo normal del caparaz\u00f3n y funciones vitales del organismo; as\u00ed como evitar enfermedades.<\/p>\n<p>Apto para alimentar anfibios acu\u00e1ticos como ajolotes, ranas pacman y algunas especies de saurios como dragones y skinks; geckos leopardos y varanos.<\/p>\n<p>F\u00f3rmula dise\u00f1ada, probada y comprobada por especialistas en reptiles para un crecimiento sano.<\/p>\n<p>Producto 100% mexicano.<\/p>\n","protected":false},"excerpt":{"rendered":"<p>BOLSA TORTUGUETAS INICIO (PARA TORTUGAS JUVENILES) 500G<\/p>\n","protected":false},"featured_media":25262,"comment_status":"open","ping_status":"closed","template":"","meta":[],"product_cat":[187],"product_tag":[432,436,484,404,490],"class_list":{"0":"post-25261","1":"product","2":"type-product","3":"status-publish","4":"has-post-thumbnail","6":"product_brand-petmmal","7":"product_cat-alimento-para-tortugas","8":"product_tag-alimento-para-tortuga","9":"product_tag-comida-para-tortuga","10":"product_tag-petmmal","11":"product_tag-tortuguetas","12":"product_tag-tortuguetas-inicio","15":"first","16":"instock","17":"sale","18":"taxable","19":"shipping-taxable","20":"purchasable","21":"product-type-simple"},"jetpack_sharing_enabled":true,"_links":{"self":[{"href":"https:\/\/eltiomascotas.com.mx\/index.php\/wp-json\/wp\/v2\/product\/25261","targetHints":{"allow":["GET"]}}],"collection":[{"href":"https:\/\/eltiomascotas.com.mx\/index.php\/wp-json\/wp\/v2\/product"}],"about":[{"href":"https:\/\/eltiomascotas.com.mx\/index.php\/wp-json\/wp\/v2\/types\/product"}],"replies":[{"embeddable":true,"href":"https:\/\/eltiomascotas.com.mx\/index.php\/wp-json\/wp\/v2\/comments?post=25261"}],"version-history":[{"count":3,"href":"https:\/\/eltiomascotas.com.mx\/index.php\/wp-json\/wp\/v2\/product\/25261\/revisions"}],"predecessor-version":[{"id":25267,"href":"https:\/\/eltiomascotas.com.mx\/index.php\/wp-json\/wp\/v2\/product\/25261\/revisions\/25267"}],"wp:featuredmedia":[{"embeddable":true,"href":"https:\/\/eltiomascotas.com.mx\/index.php\/wp-json\/wp\/v2\/media\/25262"}],"wp:attachment":[{"href":"https:\/\/eltiomascotas.com.mx\/index.php\/wp-json\/wp\/v2\/media?parent=25261"}],"wp:term":[{"taxonomy":"product_cat","embeddable":true,"href":"https:\/\/eltiomascotas.com.mx\/index.php\/wp-json\/wp\/v2\/product_cat?post=25261"},{"taxonomy":"product_tag","embeddable":true,"href":"https:\/\/eltiomascotas.com.mx\/index.php\/wp-json\/wp\/v2\/product_tag?post=25261"}],"curies":[{"name":"wp","href":"https:\/\/api.w.org\/{rel}","templated":true}]}}