{"id":25280,"date":"2025-06-18T17:00:15","date_gmt":"2025-06-18T23:00:15","guid":{"rendered":"https:\/\/eltiomascotas.com.mx\/?post_type=product&#038;p=25280"},"modified":"2025-06-18T17:04:03","modified_gmt":"2025-06-18T23:04:03","slug":"alimento-comida-tortugas-tortuguetas-minibits-petmmal-3kg","status":"publish","type":"product","link":"https:\/\/eltiomascotas.com.mx\/index.php\/product\/alimento-comida-tortugas-tortuguetas-minibits-petmmal-3kg\/","title":{"rendered":"Alimento Comida Tortugas Tortuguetas Minibits Petmmal 3Kg"},"content":{"rendered":"<p>Tortuguetas Minibits 3kg Granel Petmmal&#8217; es un alimento PREMIUM flotante en forma de esferas de 2.5mm de grosor. Su f\u00f3rmula omn\u00edvora predominante c\u00e1rnica, con un excelente balance entre calcio y f\u00f3sforo, lo hace ideal para tortugas acu\u00e1ticas y semiacu\u00e1ticas cuyas cr\u00edas son muy peque\u00f1as y tambi\u00e9n para tortugas reci\u00e9n eclosionadas de especies como las japonesas, mapa, cutter y similares.<\/p>\n<p>Adem\u00e1s, puede usarse para alimentar anfibios acu\u00e1ticos como: ranas africanas y ajolotes peque\u00f1os. Este producto es de origen 100% mexicano.<\/p>\n","protected":false},"excerpt":{"rendered":"<p>CAJA TORTUGUETAS MINIBITS (PARA TORTUGAS BEB\u00c9S) 3KG<\/p>\n","protected":false},"featured_media":25281,"comment_status":"open","ping_status":"closed","template":"","meta":[],"product_cat":[187],"product_tag":[432,436,484,492,404],"class_list":{"0":"post-25280","1":"product","2":"type-product","3":"status-publish","4":"has-post-thumbnail","6":"product_brand-petmmal","7":"product_cat-alimento-para-tortugas","8":"product_tag-alimento-para-tortuga","9":"product_tag-comida-para-tortuga","10":"product_tag-petmmal","11":"product_tag-tortugueta-minibits","12":"product_tag-tortuguetas","15":"first","16":"instock","17":"sale","18":"featured","19":"taxable","20":"shipping-taxable","21":"purchasable","22":"product-type-simple"},"jetpack_sharing_enabled":true,"_links":{"self":[{"href":"https:\/\/eltiomascotas.com.mx\/index.php\/wp-json\/wp\/v2\/product\/25280","targetHints":{"allow":["GET"]}}],"collection":[{"href":"https:\/\/eltiomascotas.com.mx\/index.php\/wp-json\/wp\/v2\/product"}],"about":[{"href":"https:\/\/eltiomascotas.com.mx\/index.php\/wp-json\/wp\/v2\/types\/product"}],"replies":[{"embeddable":true,"href":"https:\/\/eltiomascotas.com.mx\/index.php\/wp-json\/wp\/v2\/comments?post=25280"}],"version-history":[{"count":3,"href":"https:\/\/eltiomascotas.com.mx\/index.php\/wp-json\/wp\/v2\/product\/25280\/revisions"}],"predecessor-version":[{"id":25287,"href":"https:\/\/eltiomascotas.com.mx\/index.php\/wp-json\/wp\/v2\/product\/25280\/revisions\/25287"}],"wp:featuredmedia":[{"embeddable":true,"href":"https:\/\/eltiomascotas.com.mx\/index.php\/wp-json\/wp\/v2\/media\/25281"}],"wp:attachment":[{"href":"https:\/\/eltiomascotas.com.mx\/index.php\/wp-json\/wp\/v2\/media?parent=25280"}],"wp:term":[{"taxonomy":"product_cat","embeddable":true,"href":"https:\/\/eltiomascotas.com.mx\/index.php\/wp-json\/wp\/v2\/product_cat?post=25280"},{"taxonomy":"product_tag","embeddable":true,"href":"https:\/\/eltiomascotas.com.mx\/index.php\/wp-json\/wp\/v2\/product_tag?post=25280"}],"curies":[{"name":"wp","href":"https:\/\/api.w.org\/{rel}","templated":true}]}}