{"id":25316,"date":"2025-06-18T18:23:08","date_gmt":"2025-06-19T00:23:08","guid":{"rendered":"https:\/\/eltiomascotas.com.mx\/?post_type=product&#038;p=25316"},"modified":"2025-06-18T18:23:09","modified_gmt":"2025-06-19T00:23:09","slug":"alimento-para-ajolotes-axolotinas-juvenil-petmmal-120g","status":"publish","type":"product","link":"https:\/\/eltiomascotas.com.mx\/index.php\/product\/alimento-para-ajolotes-axolotinas-juvenil-petmmal-120g\/","title":{"rendered":"Alimento Para Ajolotes Axolotinas Juvenil Petmmal 120g"},"content":{"rendered":"<p>Bolsa de 120 gr de Alimento Balanceado flotante en forma de barritas de 3.5 mm de grosor, dise\u00f1ado para ajolotes de talla JUVENIL.<\/p>\n<p>F\u00f3rmula omn\u00edvora, con predominio de ingredientes c\u00e1rnicos.<\/p>\n<p>Incluye un balance \u00f3ptimo de calcio y f\u00f3sforo para una nutrici\u00f3n completa de los ajolotes.<\/p>\n<p>Desarrollado y validado por expertos en la cr\u00eda de ajolotes.<\/p>\n<p>Producto 100% de origen mexicano.<\/p>\n<p>Instrucciones detalladas para la adaptaci\u00f3n al alimento en forma de pellet incluidas en el empaque.<\/p>\n","protected":false},"excerpt":{"rendered":"<p>BOLSA AXOLOTINAS JUVENIL (PARA AJOLOTES) 120g<\/p>\n","protected":false},"featured_media":25319,"comment_status":"open","ping_status":"closed","template":"","meta":[],"product_cat":[497],"product_tag":[502,504,503,484],"class_list":{"0":"post-25316","1":"product","2":"type-product","3":"status-publish","4":"has-post-thumbnail","6":"product_brand-petmmal","7":"product_cat-ajolotes-anfibios","8":"product_tag-alimento-para-ajolotes","9":"product_tag-alimento-para-axolotes","10":"product_tag-axolotina-juvenil","11":"product_tag-petmmal","14":"first","15":"instock","16":"taxable","17":"shipping-taxable","18":"purchasable","19":"product-type-simple"},"jetpack_sharing_enabled":true,"_links":{"self":[{"href":"https:\/\/eltiomascotas.com.mx\/index.php\/wp-json\/wp\/v2\/product\/25316","targetHints":{"allow":["GET"]}}],"collection":[{"href":"https:\/\/eltiomascotas.com.mx\/index.php\/wp-json\/wp\/v2\/product"}],"about":[{"href":"https:\/\/eltiomascotas.com.mx\/index.php\/wp-json\/wp\/v2\/types\/product"}],"replies":[{"embeddable":true,"href":"https:\/\/eltiomascotas.com.mx\/index.php\/wp-json\/wp\/v2\/comments?post=25316"}],"version-history":[{"count":1,"href":"https:\/\/eltiomascotas.com.mx\/index.php\/wp-json\/wp\/v2\/product\/25316\/revisions"}],"predecessor-version":[{"id":25321,"href":"https:\/\/eltiomascotas.com.mx\/index.php\/wp-json\/wp\/v2\/product\/25316\/revisions\/25321"}],"wp:featuredmedia":[{"embeddable":true,"href":"https:\/\/eltiomascotas.com.mx\/index.php\/wp-json\/wp\/v2\/media\/25319"}],"wp:attachment":[{"href":"https:\/\/eltiomascotas.com.mx\/index.php\/wp-json\/wp\/v2\/media?parent=25316"}],"wp:term":[{"taxonomy":"product_cat","embeddable":true,"href":"https:\/\/eltiomascotas.com.mx\/index.php\/wp-json\/wp\/v2\/product_cat?post=25316"},{"taxonomy":"product_tag","embeddable":true,"href":"https:\/\/eltiomascotas.com.mx\/index.php\/wp-json\/wp\/v2\/product_tag?post=25316"}],"curies":[{"name":"wp","href":"https:\/\/api.w.org\/{rel}","templated":true}]}}