{"id":25322,"date":"2025-06-18T18:28:28","date_gmt":"2025-06-19T00:28:28","guid":{"rendered":"https:\/\/eltiomascotas.com.mx\/?post_type=product&#038;p=25322"},"modified":"2025-06-18T18:28:29","modified_gmt":"2025-06-19T00:28:29","slug":"alimento-para-ajolotes-axolotinas-adulto-petmmal-120g","status":"publish","type":"product","link":"https:\/\/eltiomascotas.com.mx\/index.php\/product\/alimento-para-ajolotes-axolotinas-adulto-petmmal-120g\/","title":{"rendered":"Alimento Para Ajolotes Axolotinas Adulto Petmmal 120g"},"content":{"rendered":"<p>Petmmal Axolotinas 120g es un alimento balanceado para ajolotes adultos. Alimento flotante en forma de barritas de 4.5 mm de grosor.<\/p>\n<p>Es una f\u00f3rmula omn\u00edvora, con predominancia c\u00e1rnica, que ofrece un excelente balance calcio:f\u00f3sforo. Es la opci\u00f3n m\u00e1s completa para la nutrici\u00f3n de estos ejemplares.<\/p>\n<p>La f\u00f3rmula ha sido dise\u00f1ada, probada y comprobada por especialistas en cr\u00eda de ajolotes.<\/p>\n","protected":false},"excerpt":{"rendered":"<p>BOLSA AXOLOTINAS ADULTO (PARA AJOLOTES) 120g<\/p>\n","protected":false},"featured_media":25323,"comment_status":"open","ping_status":"closed","template":"","meta":[],"product_cat":[497],"product_tag":[502,506,505],"class_list":{"0":"post-25322","1":"product","2":"type-product","3":"status-publish","4":"has-post-thumbnail","6":"product_brand-petmmal","7":"product_cat-ajolotes-anfibios","8":"product_tag-alimento-para-ajolotes","9":"product_tag-axolotinas-adulto","10":"product_tag-comida-para-ajolotes-adultos","13":"first","14":"instock","15":"taxable","16":"shipping-taxable","17":"purchasable","18":"product-type-simple"},"jetpack_sharing_enabled":true,"_links":{"self":[{"href":"https:\/\/eltiomascotas.com.mx\/index.php\/wp-json\/wp\/v2\/product\/25322","targetHints":{"allow":["GET"]}}],"collection":[{"href":"https:\/\/eltiomascotas.com.mx\/index.php\/wp-json\/wp\/v2\/product"}],"about":[{"href":"https:\/\/eltiomascotas.com.mx\/index.php\/wp-json\/wp\/v2\/types\/product"}],"replies":[{"embeddable":true,"href":"https:\/\/eltiomascotas.com.mx\/index.php\/wp-json\/wp\/v2\/comments?post=25322"}],"version-history":[{"count":2,"href":"https:\/\/eltiomascotas.com.mx\/index.php\/wp-json\/wp\/v2\/product\/25322\/revisions"}],"predecessor-version":[{"id":25326,"href":"https:\/\/eltiomascotas.com.mx\/index.php\/wp-json\/wp\/v2\/product\/25322\/revisions\/25326"}],"wp:featuredmedia":[{"embeddable":true,"href":"https:\/\/eltiomascotas.com.mx\/index.php\/wp-json\/wp\/v2\/media\/25323"}],"wp:attachment":[{"href":"https:\/\/eltiomascotas.com.mx\/index.php\/wp-json\/wp\/v2\/media?parent=25322"}],"wp:term":[{"taxonomy":"product_cat","embeddable":true,"href":"https:\/\/eltiomascotas.com.mx\/index.php\/wp-json\/wp\/v2\/product_cat?post=25322"},{"taxonomy":"product_tag","embeddable":true,"href":"https:\/\/eltiomascotas.com.mx\/index.php\/wp-json\/wp\/v2\/product_tag?post=25322"}],"curies":[{"name":"wp","href":"https:\/\/api.w.org\/{rel}","templated":true}]}}