{"id":25348,"date":"2025-06-18T19:02:16","date_gmt":"2025-06-19T01:02:16","guid":{"rendered":"https:\/\/eltiomascotas.com.mx\/?post_type=product&#038;p=25348"},"modified":"2025-11-03T11:16:52","modified_gmt":"2025-11-03T17:16:52","slug":"calcio-para-reptiles-suplemento-recalpet-petmmal-50g","status":"publish","type":"product","link":"https:\/\/eltiomascotas.com.mx\/index.php\/product\/calcio-para-reptiles-suplemento-recalpet-petmmal-50g\/","title":{"rendered":"Calcio Para Reptiles Suplemento Recalpet Petmmal 50g"},"content":{"rendered":"<p>El suplemento de calcio Recalpet de la marca PETMMAL es ideal para reptiles y anfibios. Con un peso de 50g, este producto es perfecto para proporcionar a tus mascotas la cantidad necesaria de calcio para mantener sus huesos y caparazones fuertes y saludables. Recalpet es un suplemento de alta calidad que garantiza una absorci\u00f3n \u00f3ptima de calcio, ayudando a prevenir enfermedades como la descalcificaci\u00f3n y la deformaci\u00f3n \u00f3sea. Asegura el bienestar de tus reptiles y anfibios con Recalpet, el suplemento de calcio recomendado por expertos en el cuidado de estos animales.<\/p>\n","protected":false},"excerpt":{"rendered":"<p>BOLSA SUPLEMENTO DE CALCIO RECALPET 50G<\/p>\n","protected":false},"featured_media":25349,"comment_status":"open","ping_status":"closed","template":"","meta":[],"product_cat":[511],"product_tag":[516,518,517],"class_list":{"0":"post-25348","1":"product","2":"type-product","3":"status-publish","4":"has-post-thumbnail","6":"product_cat-calcio-y-vitaminas","7":"product_tag-calcio-para-reptiles","8":"product_tag-recalpet-petmmal","9":"product_tag-suplementos-para-reptiles","12":"first","13":"outofstock","14":"sale","15":"taxable","16":"shipping-taxable","17":"purchasable","18":"product-type-simple"},"jetpack_sharing_enabled":true,"_links":{"self":[{"href":"https:\/\/eltiomascotas.com.mx\/index.php\/wp-json\/wp\/v2\/product\/25348","targetHints":{"allow":["GET"]}}],"collection":[{"href":"https:\/\/eltiomascotas.com.mx\/index.php\/wp-json\/wp\/v2\/product"}],"about":[{"href":"https:\/\/eltiomascotas.com.mx\/index.php\/wp-json\/wp\/v2\/types\/product"}],"replies":[{"embeddable":true,"href":"https:\/\/eltiomascotas.com.mx\/index.php\/wp-json\/wp\/v2\/comments?post=25348"}],"version-history":[{"count":1,"href":"https:\/\/eltiomascotas.com.mx\/index.php\/wp-json\/wp\/v2\/product\/25348\/revisions"}],"predecessor-version":[{"id":25351,"href":"https:\/\/eltiomascotas.com.mx\/index.php\/wp-json\/wp\/v2\/product\/25348\/revisions\/25351"}],"wp:featuredmedia":[{"embeddable":true,"href":"https:\/\/eltiomascotas.com.mx\/index.php\/wp-json\/wp\/v2\/media\/25349"}],"wp:attachment":[{"href":"https:\/\/eltiomascotas.com.mx\/index.php\/wp-json\/wp\/v2\/media?parent=25348"}],"wp:term":[{"taxonomy":"product_cat","embeddable":true,"href":"https:\/\/eltiomascotas.com.mx\/index.php\/wp-json\/wp\/v2\/product_cat?post=25348"},{"taxonomy":"product_tag","embeddable":true,"href":"https:\/\/eltiomascotas.com.mx\/index.php\/wp-json\/wp\/v2\/product_tag?post=25348"}],"curies":[{"name":"wp","href":"https:\/\/api.w.org\/{rel}","templated":true}]}}