{"id":25356,"date":"2025-06-19T01:04:26","date_gmt":"2025-06-19T07:04:26","guid":{"rendered":"https:\/\/eltiomascotas.com.mx\/?post_type=product&#038;p=25356"},"modified":"2025-06-19T01:08:10","modified_gmt":"2025-06-19T07:08:10","slug":"alimento-balanceado-para-pez-dorado-golden-plus-petmmal-50g","status":"publish","type":"product","link":"https:\/\/eltiomascotas.com.mx\/index.php\/product\/alimento-balanceado-para-pez-dorado-golden-plus-petmmal-50g\/","title":{"rendered":"Alimento Balanceado Para Pez Dorado Golden-Plus Petmmal 50g"},"content":{"rendered":"<p>Alimento balanceado en forma de mini esferas flotantes de 2.5 mm de di\u00e1metro. Elaborado por especialistas para peces c\u00edclidos (Golden), entre otros peces carn\u00edvoros y omn\u00edvoros de menos de 6cm de longitud.<\/p>\n<p>Proporciona todos los nutrientes necesarios para un desarrollo \u00f3ptimo. Garantiza un crecimiento sano en tiempo y forma. Sin colorantes, ni saborizantes artificiales.<\/p>\n<p>Se recomienda como alimento \u00fanica (nutrici\u00f3n total). No se desintegra en el agua.<\/p>\n<p>Se puede pulverizar para usar en alevines, con excelentes resultados en sobrevivencia y crecimiento.<\/p>\n","protected":false},"excerpt":{"rendered":"<p>BOLSA GOLDEN-PLUS (PARA PECES DORADOS) 50G<\/p>\n","protected":false},"featured_media":25357,"comment_status":"open","ping_status":"closed","template":"","meta":[],"product_cat":[243],"product_tag":[523,522,484],"class_list":{"0":"post-25356","1":"product","2":"type-product","3":"status-publish","4":"has-post-thumbnail","6":"product_brand-petmmal","7":"product_cat-peces-goldfish","8":"product_tag-alimento-goldenfish","9":"product_tag-alimento-par-peces-dorados","10":"product_tag-petmmal","13":"first","14":"instock","15":"taxable","16":"shipping-taxable","17":"purchasable","18":"product-type-simple"},"jetpack_sharing_enabled":true,"_links":{"self":[{"href":"https:\/\/eltiomascotas.com.mx\/index.php\/wp-json\/wp\/v2\/product\/25356","targetHints":{"allow":["GET"]}}],"collection":[{"href":"https:\/\/eltiomascotas.com.mx\/index.php\/wp-json\/wp\/v2\/product"}],"about":[{"href":"https:\/\/eltiomascotas.com.mx\/index.php\/wp-json\/wp\/v2\/types\/product"}],"replies":[{"embeddable":true,"href":"https:\/\/eltiomascotas.com.mx\/index.php\/wp-json\/wp\/v2\/comments?post=25356"}],"version-history":[{"count":3,"href":"https:\/\/eltiomascotas.com.mx\/index.php\/wp-json\/wp\/v2\/product\/25356\/revisions"}],"predecessor-version":[{"id":25366,"href":"https:\/\/eltiomascotas.com.mx\/index.php\/wp-json\/wp\/v2\/product\/25356\/revisions\/25366"}],"wp:featuredmedia":[{"embeddable":true,"href":"https:\/\/eltiomascotas.com.mx\/index.php\/wp-json\/wp\/v2\/media\/25357"}],"wp:attachment":[{"href":"https:\/\/eltiomascotas.com.mx\/index.php\/wp-json\/wp\/v2\/media?parent=25356"}],"wp:term":[{"taxonomy":"product_cat","embeddable":true,"href":"https:\/\/eltiomascotas.com.mx\/index.php\/wp-json\/wp\/v2\/product_cat?post=25356"},{"taxonomy":"product_tag","embeddable":true,"href":"https:\/\/eltiomascotas.com.mx\/index.php\/wp-json\/wp\/v2\/product_tag?post=25356"}],"curies":[{"name":"wp","href":"https:\/\/api.w.org\/{rel}","templated":true}]}}