{"id":25551,"date":"2025-08-10T13:07:38","date_gmt":"2025-08-10T19:07:38","guid":{"rendered":"https:\/\/eltiomascotas.com.mx\/?post_type=product&#038;p=25551"},"modified":"2025-08-10T13:08:10","modified_gmt":"2025-08-10T19:08:10","slug":"juego-paquete-botadores-cosidos-a-mano-para-gallo-12pzas","status":"publish","type":"product","link":"https:\/\/eltiomascotas.com.mx\/index.php\/product\/juego-paquete-botadores-cosidos-a-mano-para-gallo-12pzas\/","title":{"rendered":"Juego Paquete Botadores Cosidos A Mano Para Gallo &#8211; 12pzas"},"content":{"rendered":"<p>PAQUETE CON 12 BOTADORES COSIDOS A MANO<\/p>\n<p>Estos botadores son la elecci\u00f3n perfecta para los amantes de los gallos que buscan calidad y funcionalidad. Este conjunto incluye 12 botadores elaborados en piel de alta calidad, artesanal, cosido a mano con ajuste de liga, dise\u00f1ados espec\u00edficamente para proporcionar comodidad, ajuste, resistencia y durabilidad. Montaje f\u00e1cil y seguro.<\/p>\n","protected":false},"excerpt":{"rendered":"<p>3 JUEGOS DE BOTADORES COSIDOS A MANO &#8211; 12PZAS EN TOTAL<\/p>\n","protected":false},"featured_media":25552,"comment_status":"open","ping_status":"closed","template":"","meta":[],"product_cat":[260],"product_tag":[543,544],"class_list":{"0":"post-25551","1":"product","2":"type-product","3":"status-publish","4":"has-post-thumbnail","6":"product_cat-articulos-para-el-pastor","7":"product_tag-botadores-cosidos-para-gallos","8":"product_tag-juego-de-botadores-para-gallos","11":"first","12":"instock","13":"taxable","14":"shipping-taxable","15":"purchasable","16":"product-type-simple"},"jetpack_sharing_enabled":true,"_links":{"self":[{"href":"https:\/\/eltiomascotas.com.mx\/index.php\/wp-json\/wp\/v2\/product\/25551","targetHints":{"allow":["GET"]}}],"collection":[{"href":"https:\/\/eltiomascotas.com.mx\/index.php\/wp-json\/wp\/v2\/product"}],"about":[{"href":"https:\/\/eltiomascotas.com.mx\/index.php\/wp-json\/wp\/v2\/types\/product"}],"replies":[{"embeddable":true,"href":"https:\/\/eltiomascotas.com.mx\/index.php\/wp-json\/wp\/v2\/comments?post=25551"}],"version-history":[{"count":2,"href":"https:\/\/eltiomascotas.com.mx\/index.php\/wp-json\/wp\/v2\/product\/25551\/revisions"}],"predecessor-version":[{"id":25556,"href":"https:\/\/eltiomascotas.com.mx\/index.php\/wp-json\/wp\/v2\/product\/25551\/revisions\/25556"}],"wp:featuredmedia":[{"embeddable":true,"href":"https:\/\/eltiomascotas.com.mx\/index.php\/wp-json\/wp\/v2\/media\/25552"}],"wp:attachment":[{"href":"https:\/\/eltiomascotas.com.mx\/index.php\/wp-json\/wp\/v2\/media?parent=25551"}],"wp:term":[{"taxonomy":"product_cat","embeddable":true,"href":"https:\/\/eltiomascotas.com.mx\/index.php\/wp-json\/wp\/v2\/product_cat?post=25551"},{"taxonomy":"product_tag","embeddable":true,"href":"https:\/\/eltiomascotas.com.mx\/index.php\/wp-json\/wp\/v2\/product_tag?post=25551"}],"curies":[{"name":"wp","href":"https:\/\/api.w.org\/{rel}","templated":true}]}}