{"id":25563,"date":"2025-08-10T13:20:28","date_gmt":"2025-08-10T19:20:28","guid":{"rendered":"https:\/\/eltiomascotas.com.mx\/?post_type=product&#038;p=25563"},"modified":"2025-08-10T13:20:28","modified_gmt":"2025-08-10T19:20:28","slug":"juego-paquete-botadores-latex-para-gallo-12pzas","status":"publish","type":"product","link":"https:\/\/eltiomascotas.com.mx\/index.php\/product\/juego-paquete-botadores-latex-para-gallo-12pzas\/","title":{"rendered":"Juego Paquete Botadores Latex Para Gallo &#8211; 12pzas"},"content":{"rendered":"<p>PAQUETE CON 12 BOTADORES DE LATEX<\/p>\n<p>Estos botadores son la elecci\u00f3n perfecta para los amantes de los gallos que buscan funcionalidad. Este conjunto incluye 12 botadores elaborados en latex con ajuste de liga, dise\u00f1ados espec\u00edficamente para proporcionar comodidad y ajuste. Montaje f\u00e1cil y seguro.<\/p>\n","protected":false},"excerpt":{"rendered":"<p>3 JUEGOS DE BOTADORES CON 4PZAS &#8211; TOTAL 12PZAS<\/p>\n","protected":false},"featured_media":25564,"comment_status":"open","ping_status":"closed","template":"","meta":[],"product_cat":[260],"product_tag":[546,547],"class_list":{"0":"post-25563","1":"product","2":"type-product","3":"status-publish","4":"has-post-thumbnail","6":"product_cat-articulos-para-el-pastor","7":"product_tag-botadores-para-gallos","8":"product_tag-juego-de-botadores-para-gallos-latex","11":"first","12":"instock","13":"taxable","14":"shipping-taxable","15":"purchasable","16":"product-type-simple"},"jetpack_sharing_enabled":true,"_links":{"self":[{"href":"https:\/\/eltiomascotas.com.mx\/index.php\/wp-json\/wp\/v2\/product\/25563","targetHints":{"allow":["GET"]}}],"collection":[{"href":"https:\/\/eltiomascotas.com.mx\/index.php\/wp-json\/wp\/v2\/product"}],"about":[{"href":"https:\/\/eltiomascotas.com.mx\/index.php\/wp-json\/wp\/v2\/types\/product"}],"replies":[{"embeddable":true,"href":"https:\/\/eltiomascotas.com.mx\/index.php\/wp-json\/wp\/v2\/comments?post=25563"}],"version-history":[{"count":1,"href":"https:\/\/eltiomascotas.com.mx\/index.php\/wp-json\/wp\/v2\/product\/25563\/revisions"}],"predecessor-version":[{"id":25567,"href":"https:\/\/eltiomascotas.com.mx\/index.php\/wp-json\/wp\/v2\/product\/25563\/revisions\/25567"}],"wp:featuredmedia":[{"embeddable":true,"href":"https:\/\/eltiomascotas.com.mx\/index.php\/wp-json\/wp\/v2\/media\/25564"}],"wp:attachment":[{"href":"https:\/\/eltiomascotas.com.mx\/index.php\/wp-json\/wp\/v2\/media?parent=25563"}],"wp:term":[{"taxonomy":"product_cat","embeddable":true,"href":"https:\/\/eltiomascotas.com.mx\/index.php\/wp-json\/wp\/v2\/product_cat?post=25563"},{"taxonomy":"product_tag","embeddable":true,"href":"https:\/\/eltiomascotas.com.mx\/index.php\/wp-json\/wp\/v2\/product_tag?post=25563"}],"curies":[{"name":"wp","href":"https:\/\/api.w.org\/{rel}","templated":true}]}}