{"id":25582,"date":"2025-08-10T13:48:12","date_gmt":"2025-08-10T19:48:12","guid":{"rendered":"https:\/\/eltiomascotas.com.mx\/?post_type=product&#038;p=25582"},"modified":"2025-08-10T13:49:50","modified_gmt":"2025-08-10T19:49:50","slug":"paquete-botadores-cosidos-1-4-de-redonda-para-gallo-12pzas","status":"publish","type":"product","link":"https:\/\/eltiomascotas.com.mx\/index.php\/product\/paquete-botadores-cosidos-1-4-de-redonda-para-gallo-12pzas\/","title":{"rendered":"Paquete Botadores Cosidos 1\/4 De Redonda Para Gallo &#8211; 12pzas"},"content":{"rendered":"<p>PAQUETE CON 12 BOTADORES PARA GALLOS DE 1\/4 DE REDONDA<\/p>\n<p>Estos botadores son la elecci\u00f3n perfecta para los amantes de los gallos de 1\/4 de redonda que buscan calidad y funcionalidad. Este conjunto incluye 12 botadores elaborados en piel de alta calidad, artesanal, cosido a mano con doble ajuste de liga y contactel, dise\u00f1ados espec\u00edficamente para proporcionar comodidad, ajuste, resistencia y durabilidad. Montaje f\u00e1cil y seguro.<\/p>\n","protected":false},"excerpt":{"rendered":"<p>3 JUEGO DE BOTADORES 1\/4 DE REDONDA &#8211; 12PZAS<\/p>\n","protected":false},"featured_media":25584,"comment_status":"open","ping_status":"closed","template":"","meta":[],"product_cat":[260],"product_tag":[553],"class_list":{"0":"post-25582","1":"product","2":"type-product","3":"status-publish","4":"has-post-thumbnail","6":"product_cat-articulos-para-el-pastor","7":"product_tag-botadores-1-4-de-redonda-para-gallos","10":"first","11":"instock","12":"taxable","13":"shipping-taxable","14":"purchasable","15":"product-type-simple"},"jetpack_sharing_enabled":true,"_links":{"self":[{"href":"https:\/\/eltiomascotas.com.mx\/index.php\/wp-json\/wp\/v2\/product\/25582","targetHints":{"allow":["GET"]}}],"collection":[{"href":"https:\/\/eltiomascotas.com.mx\/index.php\/wp-json\/wp\/v2\/product"}],"about":[{"href":"https:\/\/eltiomascotas.com.mx\/index.php\/wp-json\/wp\/v2\/types\/product"}],"replies":[{"embeddable":true,"href":"https:\/\/eltiomascotas.com.mx\/index.php\/wp-json\/wp\/v2\/comments?post=25582"}],"version-history":[{"count":1,"href":"https:\/\/eltiomascotas.com.mx\/index.php\/wp-json\/wp\/v2\/product\/25582\/revisions"}],"predecessor-version":[{"id":25583,"href":"https:\/\/eltiomascotas.com.mx\/index.php\/wp-json\/wp\/v2\/product\/25582\/revisions\/25583"}],"wp:featuredmedia":[{"embeddable":true,"href":"https:\/\/eltiomascotas.com.mx\/index.php\/wp-json\/wp\/v2\/media\/25584"}],"wp:attachment":[{"href":"https:\/\/eltiomascotas.com.mx\/index.php\/wp-json\/wp\/v2\/media?parent=25582"}],"wp:term":[{"taxonomy":"product_cat","embeddable":true,"href":"https:\/\/eltiomascotas.com.mx\/index.php\/wp-json\/wp\/v2\/product_cat?post=25582"},{"taxonomy":"product_tag","embeddable":true,"href":"https:\/\/eltiomascotas.com.mx\/index.php\/wp-json\/wp\/v2\/product_tag?post=25582"}],"curies":[{"name":"wp","href":"https:\/\/api.w.org\/{rel}","templated":true}]}}