{"id":25593,"date":"2025-08-10T14:14:45","date_gmt":"2025-08-10T20:14:45","guid":{"rendered":"https:\/\/eltiomascotas.com.mx\/?post_type=product&#038;p=25593"},"modified":"2025-08-10T14:14:45","modified_gmt":"2025-08-10T20:14:45","slug":"juego-paquete-botadores-de-goma-premium-para-gallo-12pzas","status":"publish","type":"product","link":"https:\/\/eltiomascotas.com.mx\/index.php\/product\/juego-paquete-botadores-de-goma-premium-para-gallo-12pzas\/","title":{"rendered":"Juego Paquete Botadores De Goma Premium Para Gallo &#8211; 12pzas"},"content":{"rendered":"<p>PAQUETE CON 12 BOTADORES DE GOMA PREMIUM TIPO AMERICANO<\/p>\n<p>Estos botadores son la elecci\u00f3n perfecta para los amantes de los gallos que buscan calidad premium y funcionalidad. Este conjunto incluye 12 botadores elaborados en goma con ajuste de tipo americano (lo mejor en el mercado), dise\u00f1ados espec\u00edficamente para proporcionar comodidad, ajuste, resistencia y durabilidad. Montaje f\u00e1cil y seguro.<\/p>\n","protected":false},"excerpt":{"rendered":"<p>3 JUEGOS DE BOTADORES GOMA PREMIUM TIPO AMERICANO 4PZ &#8211; TOTAL 12PZAS<\/p>\n","protected":false},"featured_media":25594,"comment_status":"open","ping_status":"closed","template":"","meta":[],"product_cat":[260],"product_tag":[546,556],"class_list":{"0":"post-25593","1":"product","2":"type-product","3":"status-publish","4":"has-post-thumbnail","6":"product_cat-articulos-para-el-pastor","7":"product_tag-botadores-para-gallos","8":"product_tag-botadores-tipo-americanos","11":"first","12":"instock","13":"taxable","14":"shipping-taxable","15":"purchasable","16":"product-type-simple"},"jetpack_sharing_enabled":true,"_links":{"self":[{"href":"https:\/\/eltiomascotas.com.mx\/index.php\/wp-json\/wp\/v2\/product\/25593","targetHints":{"allow":["GET"]}}],"collection":[{"href":"https:\/\/eltiomascotas.com.mx\/index.php\/wp-json\/wp\/v2\/product"}],"about":[{"href":"https:\/\/eltiomascotas.com.mx\/index.php\/wp-json\/wp\/v2\/types\/product"}],"replies":[{"embeddable":true,"href":"https:\/\/eltiomascotas.com.mx\/index.php\/wp-json\/wp\/v2\/comments?post=25593"}],"version-history":[{"count":1,"href":"https:\/\/eltiomascotas.com.mx\/index.php\/wp-json\/wp\/v2\/product\/25593\/revisions"}],"predecessor-version":[{"id":25597,"href":"https:\/\/eltiomascotas.com.mx\/index.php\/wp-json\/wp\/v2\/product\/25593\/revisions\/25597"}],"wp:featuredmedia":[{"embeddable":true,"href":"https:\/\/eltiomascotas.com.mx\/index.php\/wp-json\/wp\/v2\/media\/25594"}],"wp:attachment":[{"href":"https:\/\/eltiomascotas.com.mx\/index.php\/wp-json\/wp\/v2\/media?parent=25593"}],"wp:term":[{"taxonomy":"product_cat","embeddable":true,"href":"https:\/\/eltiomascotas.com.mx\/index.php\/wp-json\/wp\/v2\/product_cat?post=25593"},{"taxonomy":"product_tag","embeddable":true,"href":"https:\/\/eltiomascotas.com.mx\/index.php\/wp-json\/wp\/v2\/product_tag?post=25593"}],"curies":[{"name":"wp","href":"https:\/\/api.w.org\/{rel}","templated":true}]}}