{"id":25598,"date":"2025-08-10T14:19:11","date_gmt":"2025-08-10T20:19:11","guid":{"rendered":"https:\/\/eltiomascotas.com.mx\/?post_type=product&#038;p=25598"},"modified":"2025-08-10T14:19:11","modified_gmt":"2025-08-10T20:19:11","slug":"juego-botadores-contactel-cosidos-a-mano-para-gallo-4pzas","status":"publish","type":"product","link":"https:\/\/eltiomascotas.com.mx\/index.php\/product\/juego-botadores-contactel-cosidos-a-mano-para-gallo-4pzas\/","title":{"rendered":"Juego Botadores Contactel Cosidos A Mano Para Gallo &#8211; 4pzas"},"content":{"rendered":"<p>PAQUETE CON 4 BOTADORES COSIDOS A MANO Y CONTACTEL<\/p>\n<p>Estos botadores son la elecci\u00f3n perfecta para los amantes de los gallos que buscan calidad y funcionalidad. Este conjunto incluye 4 botadores elaborados en piel con doble ajuste (contactel y liga), dise\u00f1ados espec\u00edficamente para proporcionar comodidad, ajuste, resistencia y durabilidad. Montaje f\u00e1cil y seguro.<\/p>\n","protected":false},"excerpt":{"rendered":"<p>JUEGO BOTADORES COSIDOS CON CONTACTEL &#8211; 4pzas<\/p>\n","protected":false},"featured_media":25599,"comment_status":"open","ping_status":"closed","template":"","meta":[],"product_cat":[260],"product_tag":[557,546],"class_list":{"0":"post-25598","1":"product","2":"type-product","3":"status-publish","4":"has-post-thumbnail","6":"product_cat-articulos-para-el-pastor","7":"product_tag-botadores-con-contactel","8":"product_tag-botadores-para-gallos","11":"first","12":"instock","13":"taxable","14":"shipping-taxable","15":"purchasable","16":"product-type-simple"},"jetpack_sharing_enabled":true,"_links":{"self":[{"href":"https:\/\/eltiomascotas.com.mx\/index.php\/wp-json\/wp\/v2\/product\/25598","targetHints":{"allow":["GET"]}}],"collection":[{"href":"https:\/\/eltiomascotas.com.mx\/index.php\/wp-json\/wp\/v2\/product"}],"about":[{"href":"https:\/\/eltiomascotas.com.mx\/index.php\/wp-json\/wp\/v2\/types\/product"}],"replies":[{"embeddable":true,"href":"https:\/\/eltiomascotas.com.mx\/index.php\/wp-json\/wp\/v2\/comments?post=25598"}],"version-history":[{"count":2,"href":"https:\/\/eltiomascotas.com.mx\/index.php\/wp-json\/wp\/v2\/product\/25598\/revisions"}],"predecessor-version":[{"id":25604,"href":"https:\/\/eltiomascotas.com.mx\/index.php\/wp-json\/wp\/v2\/product\/25598\/revisions\/25604"}],"wp:featuredmedia":[{"embeddable":true,"href":"https:\/\/eltiomascotas.com.mx\/index.php\/wp-json\/wp\/v2\/media\/25599"}],"wp:attachment":[{"href":"https:\/\/eltiomascotas.com.mx\/index.php\/wp-json\/wp\/v2\/media?parent=25598"}],"wp:term":[{"taxonomy":"product_cat","embeddable":true,"href":"https:\/\/eltiomascotas.com.mx\/index.php\/wp-json\/wp\/v2\/product_cat?post=25598"},{"taxonomy":"product_tag","embeddable":true,"href":"https:\/\/eltiomascotas.com.mx\/index.php\/wp-json\/wp\/v2\/product_tag?post=25598"}],"curies":[{"name":"wp","href":"https:\/\/api.w.org\/{rel}","templated":true}]}}