{"id":25603,"date":"2025-08-10T14:53:11","date_gmt":"2025-08-10T20:53:11","guid":{"rendered":"https:\/\/eltiomascotas.com.mx\/?post_type=product&#038;p=25603"},"modified":"2025-08-10T14:53:11","modified_gmt":"2025-08-10T20:53:11","slug":"juego-botadores-contactel-cosidos-a-mano-para-gallo-12pzas","status":"publish","type":"product","link":"https:\/\/eltiomascotas.com.mx\/index.php\/product\/juego-botadores-contactel-cosidos-a-mano-para-gallo-12pzas\/","title":{"rendered":"Juego Botadores Contactel Cosidos A Mano Para Gallo &#8211; 12pzas"},"content":{"rendered":"<p>PAQUETE CON 12 BOTADORES COSIDOS A MANO Y CONTACTEL<\/p>\n<p>Estos botadores son la elecci\u00f3n perfecta para los amantes de los gallos que buscan calidad y funcionalidad. Este conjunto incluye 12 botadores elaborados en piel con doble ajuste (contactel y liga), dise\u00f1ados espec\u00edficamente para proporcionar comodidad, ajuste, resistencia y durabilidad. Montaje f\u00e1cil y seguro.<\/p>\n","protected":false},"excerpt":{"rendered":"<p>3 JUEGO DE BOTADORES COSIDOS CON CONTACTEL &#8211; 12PZAS<\/p>\n","protected":false},"featured_media":25605,"comment_status":"open","ping_status":"closed","template":"","meta":[],"product_cat":[261],"product_tag":[558,546],"class_list":{"0":"post-25603","1":"product","2":"type-product","3":"status-publish","4":"has-post-thumbnail","6":"product_cat-anillos-placas-gallos","7":"product_tag-botadores-cosidos-con-contactel","8":"product_tag-botadores-para-gallos","11":"first","12":"instock","13":"taxable","14":"shipping-taxable","15":"purchasable","16":"product-type-simple"},"jetpack_sharing_enabled":true,"_links":{"self":[{"href":"https:\/\/eltiomascotas.com.mx\/index.php\/wp-json\/wp\/v2\/product\/25603","targetHints":{"allow":["GET"]}}],"collection":[{"href":"https:\/\/eltiomascotas.com.mx\/index.php\/wp-json\/wp\/v2\/product"}],"about":[{"href":"https:\/\/eltiomascotas.com.mx\/index.php\/wp-json\/wp\/v2\/types\/product"}],"replies":[{"embeddable":true,"href":"https:\/\/eltiomascotas.com.mx\/index.php\/wp-json\/wp\/v2\/comments?post=25603"}],"version-history":[{"count":1,"href":"https:\/\/eltiomascotas.com.mx\/index.php\/wp-json\/wp\/v2\/product\/25603\/revisions"}],"predecessor-version":[{"id":25608,"href":"https:\/\/eltiomascotas.com.mx\/index.php\/wp-json\/wp\/v2\/product\/25603\/revisions\/25608"}],"wp:featuredmedia":[{"embeddable":true,"href":"https:\/\/eltiomascotas.com.mx\/index.php\/wp-json\/wp\/v2\/media\/25605"}],"wp:attachment":[{"href":"https:\/\/eltiomascotas.com.mx\/index.php\/wp-json\/wp\/v2\/media?parent=25603"}],"wp:term":[{"taxonomy":"product_cat","embeddable":true,"href":"https:\/\/eltiomascotas.com.mx\/index.php\/wp-json\/wp\/v2\/product_cat?post=25603"},{"taxonomy":"product_tag","embeddable":true,"href":"https:\/\/eltiomascotas.com.mx\/index.php\/wp-json\/wp\/v2\/product_tag?post=25603"}],"curies":[{"name":"wp","href":"https:\/\/api.w.org\/{rel}","templated":true}]}}