{"id":25829,"date":"2025-08-11T21:16:59","date_gmt":"2025-08-12T03:16:59","guid":{"rendered":"https:\/\/eltiomascotas.com.mx\/?post_type=product&#038;p=25829"},"modified":"2025-08-11T21:16:59","modified_gmt":"2025-08-12T03:16:59","slug":"comedero-lineal-de-rejilla-plastico-33cm-para-aves-pollos-gallos-1pz","status":"publish","type":"product","link":"https:\/\/eltiomascotas.com.mx\/index.php\/product\/comedero-lineal-de-rejilla-plastico-33cm-para-aves-pollos-gallos-1pz\/","title":{"rendered":"Comedero Lineal De Rejilla Pl\u00e1stico 33cm Para Aves Pollos Gallos 1pz"},"content":{"rendered":"<p>COMEDERO LINEAL DE REJILLA DE 33cm<\/p>\n<p>Este comedero no solo permite servir alimento, sino que su rejilla evita que las aves ensucien su \u00e1rea de alimentaci\u00f3n, manteniendo todo m\u00e1s limpio y organizado. Fabricado en pl\u00e1stico duradero, es f\u00e1cil de limpiar y se monta de manera manual sin complicaciones.<\/p>\n","protected":false},"excerpt":{"rendered":"<p>COMEDERO DE REJIILLA DE 33cm &#8211; 1pz<\/p>\n","protected":false},"featured_media":25830,"comment_status":"open","ping_status":"closed","template":"","meta":[],"product_cat":[263],"product_tag":[616,617],"class_list":{"0":"post-25829","1":"product","2":"type-product","3":"status-publish","4":"has-post-thumbnail","6":"product_cat-comedero-bebedero-accesorios-para-gallo","7":"product_tag-comedero-de-rejilla","8":"product_tag-comedero-para-gallos-de-rejilla","11":"first","12":"instock","13":"taxable","14":"shipping-taxable","15":"purchasable","16":"product-type-simple"},"jetpack_sharing_enabled":true,"_links":{"self":[{"href":"https:\/\/eltiomascotas.com.mx\/index.php\/wp-json\/wp\/v2\/product\/25829","targetHints":{"allow":["GET"]}}],"collection":[{"href":"https:\/\/eltiomascotas.com.mx\/index.php\/wp-json\/wp\/v2\/product"}],"about":[{"href":"https:\/\/eltiomascotas.com.mx\/index.php\/wp-json\/wp\/v2\/types\/product"}],"replies":[{"embeddable":true,"href":"https:\/\/eltiomascotas.com.mx\/index.php\/wp-json\/wp\/v2\/comments?post=25829"}],"version-history":[{"count":1,"href":"https:\/\/eltiomascotas.com.mx\/index.php\/wp-json\/wp\/v2\/product\/25829\/revisions"}],"predecessor-version":[{"id":25833,"href":"https:\/\/eltiomascotas.com.mx\/index.php\/wp-json\/wp\/v2\/product\/25829\/revisions\/25833"}],"wp:featuredmedia":[{"embeddable":true,"href":"https:\/\/eltiomascotas.com.mx\/index.php\/wp-json\/wp\/v2\/media\/25830"}],"wp:attachment":[{"href":"https:\/\/eltiomascotas.com.mx\/index.php\/wp-json\/wp\/v2\/media?parent=25829"}],"wp:term":[{"taxonomy":"product_cat","embeddable":true,"href":"https:\/\/eltiomascotas.com.mx\/index.php\/wp-json\/wp\/v2\/product_cat?post=25829"},{"taxonomy":"product_tag","embeddable":true,"href":"https:\/\/eltiomascotas.com.mx\/index.php\/wp-json\/wp\/v2\/product_tag?post=25829"}],"curies":[{"name":"wp","href":"https:\/\/api.w.org\/{rel}","templated":true}]}}