{"id":25845,"date":"2025-08-11T22:58:38","date_gmt":"2025-08-12T04:58:38","guid":{"rendered":"https:\/\/eltiomascotas.com.mx\/?post_type=product&#038;p=25845"},"modified":"2025-08-11T22:59:12","modified_gmt":"2025-08-12T04:59:12","slug":"comedero-cuadrado-para-gallos-gallinas-pollos-aves-10pz","status":"publish","type":"product","link":"https:\/\/eltiomascotas.com.mx\/index.php\/product\/comedero-cuadrado-para-gallos-gallinas-pollos-aves-10pz\/","title":{"rendered":"Comedero Cuadrado Para Gallos Gallinas Pollos Aves &#8211; 10pz"},"content":{"rendered":"<p>PACK 10 COMEDEROS CUADRADOS<\/p>\n<p>El comedero cuadrado para gallos, gallinas, pollos y aves es la soluci\u00f3n perfecta para una alimentaci\u00f3n eficiente y c\u00f3moda de tus aves. Con una capacidad de 250 mL, este comedero se adapta a las necesidades nutritivas de tus animales, promoviendo un crecimiento saludable. Su dise\u00f1o manual y compacto, con unas dimensiones de 12 cm de largo, 8 cm de ancho y 8 cm de alto, permite un f\u00e1cil manejo y ubicaci\u00f3n en cualquier espacio.<\/p>\n<p>Fabricado en pl\u00e1stico de alta calidad, este comedero no solo es duradero, sino que tambi\u00e9n es f\u00e1cil de limpiar y mantener. Ideal para todos los tipos de aves, asegura que cada uno de tus animales tenga acceso a la comida y el agua que necesitan. Adem\u00e1s, recibes un paquete que incluye 10 comederos, lo que lo convierte en una opci\u00f3n pr\u00e1ctica y conveniente para quienes tienen m\u00faltiples aves.<\/p>\n","protected":false},"excerpt":{"rendered":"<p>COMEDEROS CUADRADOS &#8211; 10pzs<\/p>\n","protected":false},"featured_media":25846,"comment_status":"open","ping_status":"closed","template":"","meta":[],"product_cat":[263],"product_tag":[618,619],"class_list":{"0":"post-25845","1":"product","2":"type-product","3":"status-publish","4":"has-post-thumbnail","6":"product_cat-comedero-bebedero-accesorios-para-gallo","7":"product_tag-comedero-cuadrado","8":"product_tag-comedero-para-gallos","11":"first","12":"instock","13":"taxable","14":"shipping-taxable","15":"purchasable","16":"product-type-simple"},"jetpack_sharing_enabled":true,"_links":{"self":[{"href":"https:\/\/eltiomascotas.com.mx\/index.php\/wp-json\/wp\/v2\/product\/25845","targetHints":{"allow":["GET"]}}],"collection":[{"href":"https:\/\/eltiomascotas.com.mx\/index.php\/wp-json\/wp\/v2\/product"}],"about":[{"href":"https:\/\/eltiomascotas.com.mx\/index.php\/wp-json\/wp\/v2\/types\/product"}],"replies":[{"embeddable":true,"href":"https:\/\/eltiomascotas.com.mx\/index.php\/wp-json\/wp\/v2\/comments?post=25845"}],"version-history":[{"count":1,"href":"https:\/\/eltiomascotas.com.mx\/index.php\/wp-json\/wp\/v2\/product\/25845\/revisions"}],"predecessor-version":[{"id":25852,"href":"https:\/\/eltiomascotas.com.mx\/index.php\/wp-json\/wp\/v2\/product\/25845\/revisions\/25852"}],"wp:featuredmedia":[{"embeddable":true,"href":"https:\/\/eltiomascotas.com.mx\/index.php\/wp-json\/wp\/v2\/media\/25846"}],"wp:attachment":[{"href":"https:\/\/eltiomascotas.com.mx\/index.php\/wp-json\/wp\/v2\/media?parent=25845"}],"wp:term":[{"taxonomy":"product_cat","embeddable":true,"href":"https:\/\/eltiomascotas.com.mx\/index.php\/wp-json\/wp\/v2\/product_cat?post=25845"},{"taxonomy":"product_tag","embeddable":true,"href":"https:\/\/eltiomascotas.com.mx\/index.php\/wp-json\/wp\/v2\/product_tag?post=25845"}],"curies":[{"name":"wp","href":"https:\/\/api.w.org\/{rel}","templated":true}]}}