{"id":25967,"date":"2025-08-18T18:20:48","date_gmt":"2025-08-19T00:20:48","guid":{"rendered":"https:\/\/eltiomascotas.com.mx\/?post_type=product&#038;p=25967"},"modified":"2025-08-18T18:20:48","modified_gmt":"2025-08-19T00:20:48","slug":"garlic-flakes-150g-alimento-para-peces","status":"publish","type":"product","link":"https:\/\/eltiomascotas.com.mx\/index.php\/product\/garlic-flakes-150g-alimento-para-peces\/","title":{"rendered":"Garlic Flakes 150g ( Alimento Para Peces)"},"content":{"rendered":"<p>Garlic Flakes<\/p>\n<p>Las propiedades medicinales y de palatabilidad del ajo son conocidas desde tiempos inmemoriales, pero hasta hace poco, recientes investigaciones han arrojado resultados sorprendentes de estas conocidas propiedades tambi\u00e9n en los peces tropicales.<br \/>\nEl ajo incluido en Garlic Flakes adem\u00e1s de reforzar el sistema inmunol\u00f3gico del pez, act\u00faa como repelente de par\u00e1sitos externos como el ICH, Oodinium, Costia, etc.; tambi\u00e9n act\u00faa como estimulante del apetito y como t\u00f3nico para mejorar el estado de salud general de sus peces.<br \/>\nGarlic Flakes tambi\u00e9n puede ofrecerse a cualquier otro tipo de pez, incluso a los marinos, las propiedades ben\u00e9ficas del ajo se observar\u00e1n de forma inmediata.<\/p>\n","protected":false},"excerpt":{"rendered":"<p>Garlic Flakes<\/p>\n","protected":false},"featured_media":25968,"comment_status":"open","ping_status":"closed","template":"","meta":[],"product_cat":[241,247,242],"product_tag":[635,639,641],"class_list":{"0":"post-25967","1":"product","2":"type-product","3":"status-publish","4":"has-post-thumbnail","6":"product_brand-biomaa","7":"product_cat-alimento-peces","8":"product_cat-peces-marinos","9":"product_cat-peces-tropicales","10":"product_tag-alimento-para-peces","11":"product_tag-comida-para-peces","12":"product_tag-garlic-flakes","15":"first","16":"instock","17":"taxable","18":"shipping-taxable","19":"purchasable","20":"product-type-simple"},"jetpack_sharing_enabled":true,"_links":{"self":[{"href":"https:\/\/eltiomascotas.com.mx\/index.php\/wp-json\/wp\/v2\/product\/25967","targetHints":{"allow":["GET"]}}],"collection":[{"href":"https:\/\/eltiomascotas.com.mx\/index.php\/wp-json\/wp\/v2\/product"}],"about":[{"href":"https:\/\/eltiomascotas.com.mx\/index.php\/wp-json\/wp\/v2\/types\/product"}],"replies":[{"embeddable":true,"href":"https:\/\/eltiomascotas.com.mx\/index.php\/wp-json\/wp\/v2\/comments?post=25967"}],"version-history":[{"count":2,"href":"https:\/\/eltiomascotas.com.mx\/index.php\/wp-json\/wp\/v2\/product\/25967\/revisions"}],"predecessor-version":[{"id":25973,"href":"https:\/\/eltiomascotas.com.mx\/index.php\/wp-json\/wp\/v2\/product\/25967\/revisions\/25973"}],"wp:featuredmedia":[{"embeddable":true,"href":"https:\/\/eltiomascotas.com.mx\/index.php\/wp-json\/wp\/v2\/media\/25968"}],"wp:attachment":[{"href":"https:\/\/eltiomascotas.com.mx\/index.php\/wp-json\/wp\/v2\/media?parent=25967"}],"wp:term":[{"taxonomy":"product_cat","embeddable":true,"href":"https:\/\/eltiomascotas.com.mx\/index.php\/wp-json\/wp\/v2\/product_cat?post=25967"},{"taxonomy":"product_tag","embeddable":true,"href":"https:\/\/eltiomascotas.com.mx\/index.php\/wp-json\/wp\/v2\/product_tag?post=25967"}],"curies":[{"name":"wp","href":"https:\/\/api.w.org\/{rel}","templated":true}]}}