{"id":25985,"date":"2025-08-18T18:40:09","date_gmt":"2025-08-19T00:40:09","guid":{"rendered":"https:\/\/eltiomascotas.com.mx\/?post_type=product&#038;p=25985"},"modified":"2025-08-18T18:40:09","modified_gmt":"2025-08-19T00:40:09","slug":"goldfish-alimento-comida-para-peces-tropicales-hojuela-150g","status":"publish","type":"product","link":"https:\/\/eltiomascotas.com.mx\/index.php\/product\/goldfish-alimento-comida-para-peces-tropicales-hojuela-150g\/","title":{"rendered":"Goldfish Alimento Comida Para Peces Tropicales Hojuela 150g"},"content":{"rendered":"<p>GOLDFISH FLAKES 150G<\/p>\n<p>Alimento balanceado en en hojuelas dise\u00f1ado para peces dorados y tropicales. Sus finos ingredientes naturales permiten un sano y r\u00e1pido desarrollo de sus peces, que lucir\u00e1n a plenitud sus vivos colores.<\/p>\n<p>MODO DE EMPLEO:<br \/>\nAlimente a sus peces de 2 a 5 veces al d\u00eda con la cantidad suficiente para que ingieran el alimento en un tiempo no mayor a 5 minutos. Nunca sobrealimente.<\/p>\n","protected":false},"excerpt":{"rendered":"<p>GOLDFISH FLAKES 150G<\/p>\n","protected":false},"featured_media":25986,"comment_status":"open","ping_status":"closed","template":"","meta":[],"product_cat":[241,243],"product_tag":[639,525,643],"class_list":{"0":"post-25985","1":"product","2":"type-product","3":"status-publish","4":"has-post-thumbnail","6":"product_brand-biomaa","7":"product_cat-alimento-peces","8":"product_cat-peces-goldfish","9":"product_tag-comida-para-peces","10":"product_tag-comida-peces-goldfhish","11":"product_tag-goldfish-flakes","14":"first","15":"instock","16":"taxable","17":"shipping-taxable","18":"purchasable","19":"product-type-simple"},"jetpack_sharing_enabled":true,"_links":{"self":[{"href":"https:\/\/eltiomascotas.com.mx\/index.php\/wp-json\/wp\/v2\/product\/25985","targetHints":{"allow":["GET"]}}],"collection":[{"href":"https:\/\/eltiomascotas.com.mx\/index.php\/wp-json\/wp\/v2\/product"}],"about":[{"href":"https:\/\/eltiomascotas.com.mx\/index.php\/wp-json\/wp\/v2\/types\/product"}],"replies":[{"embeddable":true,"href":"https:\/\/eltiomascotas.com.mx\/index.php\/wp-json\/wp\/v2\/comments?post=25985"}],"version-history":[{"count":2,"href":"https:\/\/eltiomascotas.com.mx\/index.php\/wp-json\/wp\/v2\/product\/25985\/revisions"}],"predecessor-version":[{"id":25990,"href":"https:\/\/eltiomascotas.com.mx\/index.php\/wp-json\/wp\/v2\/product\/25985\/revisions\/25990"}],"wp:featuredmedia":[{"embeddable":true,"href":"https:\/\/eltiomascotas.com.mx\/index.php\/wp-json\/wp\/v2\/media\/25986"}],"wp:attachment":[{"href":"https:\/\/eltiomascotas.com.mx\/index.php\/wp-json\/wp\/v2\/media?parent=25985"}],"wp:term":[{"taxonomy":"product_cat","embeddable":true,"href":"https:\/\/eltiomascotas.com.mx\/index.php\/wp-json\/wp\/v2\/product_cat?post=25985"},{"taxonomy":"product_tag","embeddable":true,"href":"https:\/\/eltiomascotas.com.mx\/index.php\/wp-json\/wp\/v2\/product_tag?post=25985"}],"curies":[{"name":"wp","href":"https:\/\/api.w.org\/{rel}","templated":true}]}}