{"id":25999,"date":"2025-08-18T19:03:03","date_gmt":"2025-08-19T01:03:03","guid":{"rendered":"https:\/\/eltiomascotas.com.mx\/?post_type=product&#038;p=25999"},"modified":"2025-08-18T19:04:18","modified_gmt":"2025-08-19T01:04:18","slug":"alimento-para-peces-tropicales-spiruflakes-150-g","status":"publish","type":"product","link":"https:\/\/eltiomascotas.com.mx\/index.php\/product\/alimento-para-peces-tropicales-spiruflakes-150-g\/","title":{"rendered":"Alimento Para Peces Tropicales Spiruflakes 150 g"},"content":{"rendered":"<p>Alimento Para Peces Tropicales<\/p>\n<p>Spiruflakes de Biomaa es un alimento balanceado especialmente dise\u00f1ado para la alimentaci\u00f3n de todo tipo de peces tropicales, con preferencias diet\u00e9ticas herb\u00edvoras y omn\u00edvoras.<\/p>\n<p>Las hojuelas con espirulina Biomaa, son una rica fuente de uno de los m\u00e1s importantes alimentos naturales que componen la dieta de muchos de los peces herb\u00edvoros y omn\u00edvoros m\u00e1s importantes del mundo del acuarismo.<\/p>\n<p>El alga espirulina es una rica fuente de prote\u00ednas, colorantes, vitaminas y minerales, y por s\u00ed solo es un alimento completo.<\/p>\n<p>Si usted quiere realmente observar en plenitud a sus peces con los colores e intensidades que en su h\u00e1bitat natural obtienen, tienen que ser alimentados con Spiruflakes.<\/p>\n<p>Sus finos ingredientes naturales de la mejor calidad permiten un sano y r\u00e1pido desarrollo de sus peces, que lucir\u00e1n a plenitud sus colores.<\/p>\n<p>INGREDIENTES:<\/p>\n<p>Espirulina, Harina de pescado, Harina de soya, Harina de trigo, Harina de avena, Harina de arroz integral, Levadura de cerveza, Salvados de trigo y arroz, Harina de alfalfa deshidratada, Harina de g\u00e9rmen de trigo, Hidrolizado de carne de pescado, Harina de krill, Harina de calamar, Lecitina de soya, Gl\u00faten de trigo, Extracto de Yuca, Aceite de pescado estabilizado, Vitaminas A, B1, B2, B6, B12, C, D3, E, K, \u00e1cido f\u00f3lico, Panteonato de calcio, elementos traza y minerales esenciales.<\/p>\n","protected":false},"excerpt":{"rendered":"<p>Alimento Para Peces Tropicales<\/p>\n","protected":false},"featured_media":26000,"comment_status":"open","ping_status":"closed","template":"","meta":[],"product_cat":[241,242],"product_tag":[635,639,648,649],"class_list":{"0":"post-25999","1":"product","2":"type-product","3":"status-publish","4":"has-post-thumbnail","6":"product_brand-biomaa","7":"product_cat-alimento-peces","8":"product_cat-peces-tropicales","9":"product_tag-alimento-para-peces","10":"product_tag-comida-para-peces","11":"product_tag-peces-tropicales","12":"product_tag-spiruflakes","15":"first","16":"instock","17":"taxable","18":"shipping-taxable","19":"purchasable","20":"product-type-simple"},"jetpack_sharing_enabled":true,"_links":{"self":[{"href":"https:\/\/eltiomascotas.com.mx\/index.php\/wp-json\/wp\/v2\/product\/25999","targetHints":{"allow":["GET"]}}],"collection":[{"href":"https:\/\/eltiomascotas.com.mx\/index.php\/wp-json\/wp\/v2\/product"}],"about":[{"href":"https:\/\/eltiomascotas.com.mx\/index.php\/wp-json\/wp\/v2\/types\/product"}],"replies":[{"embeddable":true,"href":"https:\/\/eltiomascotas.com.mx\/index.php\/wp-json\/wp\/v2\/comments?post=25999"}],"version-history":[{"count":2,"href":"https:\/\/eltiomascotas.com.mx\/index.php\/wp-json\/wp\/v2\/product\/25999\/revisions"}],"predecessor-version":[{"id":26005,"href":"https:\/\/eltiomascotas.com.mx\/index.php\/wp-json\/wp\/v2\/product\/25999\/revisions\/26005"}],"wp:featuredmedia":[{"embeddable":true,"href":"https:\/\/eltiomascotas.com.mx\/index.php\/wp-json\/wp\/v2\/media\/26000"}],"wp:attachment":[{"href":"https:\/\/eltiomascotas.com.mx\/index.php\/wp-json\/wp\/v2\/media?parent=25999"}],"wp:term":[{"taxonomy":"product_cat","embeddable":true,"href":"https:\/\/eltiomascotas.com.mx\/index.php\/wp-json\/wp\/v2\/product_cat?post=25999"},{"taxonomy":"product_tag","embeddable":true,"href":"https:\/\/eltiomascotas.com.mx\/index.php\/wp-json\/wp\/v2\/product_tag?post=25999"}],"curies":[{"name":"wp","href":"https:\/\/api.w.org\/{rel}","templated":true}]}}