{"id":26044,"date":"2025-08-19T16:25:07","date_gmt":"2025-08-19T22:25:07","guid":{"rendered":"https:\/\/eltiomascotas.com.mx\/?post_type=product&#038;p=26044"},"modified":"2025-08-19T16:25:08","modified_gmt":"2025-08-19T22:25:08","slug":"rainbow-color-bites-500g-mejora-el-color-de-peces-tropicales","status":"publish","type":"product","link":"https:\/\/eltiomascotas.com.mx\/index.php\/product\/rainbow-color-bites-500g-mejora-el-color-de-peces-tropicales\/","title":{"rendered":"Rainbow Color Bites 500g Mejora El Color De Peces Tropicales"},"content":{"rendered":"<p>RAINBOW COLOR 500G<\/p>\n<p>Alimento con una f\u00f3rmula dise\u00f1ada para satisfacer las necesidades diet\u00e9ticas espec\u00edficas de cada especie de pez, potenciando la expresi\u00f3n de su colorido natural. Los ingredientes naturales de Rainbow Color Bites aseguran la seguridad para la salud de sus peces.<\/p>\n<p>El color en los peces es determinado por su gen\u00e9tica, pero para realzarlo, requieren compuestos qu\u00edmicos que se acumulan en sus cromat\u00f3foros, eritr\u00f3foros (pigmentos rojos), melan\u00f3foros (pigmentos oscuros) y cian\u00f3foros (pigmentos azules). Estos pigmentos, a menudo sintetizados por organismos como algas microsc\u00f3picas, levaduras y crust\u00e1ceos, son adquiridos en su h\u00e1bitat natural a trav\u00e9s de la cadena alimenticia, un proceso que no se replica en el acuario.<\/p>\n<p>Biomaa ha creado esta f\u00f3rmula para proporcionar estos elementos esenciales, permitiendo que los peces muestren su m\u00e1xima potencialidad crom\u00e1tica en el entorno controlado de un acuario.<\/p>\n","protected":false},"excerpt":{"rendered":"<p>RAINBOW COLOR 500G<\/p>\n","protected":false},"featured_media":26049,"comment_status":"open","ping_status":"closed","template":"","meta":[],"product_cat":[241],"product_tag":[635,639,657],"class_list":{"0":"post-26044","1":"product","2":"type-product","3":"status-publish","4":"has-post-thumbnail","6":"product_brand-biomaa","7":"product_cat-alimento-peces","8":"product_tag-alimento-para-peces","9":"product_tag-comida-para-peces","10":"product_tag-rainbow-color","13":"first","14":"instock","15":"taxable","16":"shipping-taxable","17":"purchasable","18":"product-type-simple"},"jetpack_sharing_enabled":true,"_links":{"self":[{"href":"https:\/\/eltiomascotas.com.mx\/index.php\/wp-json\/wp\/v2\/product\/26044","targetHints":{"allow":["GET"]}}],"collection":[{"href":"https:\/\/eltiomascotas.com.mx\/index.php\/wp-json\/wp\/v2\/product"}],"about":[{"href":"https:\/\/eltiomascotas.com.mx\/index.php\/wp-json\/wp\/v2\/types\/product"}],"replies":[{"embeddable":true,"href":"https:\/\/eltiomascotas.com.mx\/index.php\/wp-json\/wp\/v2\/comments?post=26044"}],"version-history":[{"count":2,"href":"https:\/\/eltiomascotas.com.mx\/index.php\/wp-json\/wp\/v2\/product\/26044\/revisions"}],"predecessor-version":[{"id":26054,"href":"https:\/\/eltiomascotas.com.mx\/index.php\/wp-json\/wp\/v2\/product\/26044\/revisions\/26054"}],"wp:featuredmedia":[{"embeddable":true,"href":"https:\/\/eltiomascotas.com.mx\/index.php\/wp-json\/wp\/v2\/media\/26049"}],"wp:attachment":[{"href":"https:\/\/eltiomascotas.com.mx\/index.php\/wp-json\/wp\/v2\/media?parent=26044"}],"wp:term":[{"taxonomy":"product_cat","embeddable":true,"href":"https:\/\/eltiomascotas.com.mx\/index.php\/wp-json\/wp\/v2\/product_cat?post=26044"},{"taxonomy":"product_tag","embeddable":true,"href":"https:\/\/eltiomascotas.com.mx\/index.php\/wp-json\/wp\/v2\/product_tag?post=26044"}],"curies":[{"name":"wp","href":"https:\/\/api.w.org\/{rel}","templated":true}]}}