{"id":26059,"date":"2025-08-19T16:41:38","date_gmt":"2025-08-19T22:41:38","guid":{"rendered":"https:\/\/eltiomascotas.com.mx\/?post_type=product&#038;p=26059"},"modified":"2025-08-19T16:41:39","modified_gmt":"2025-08-19T22:41:39","slug":"shampoo-perros-avena-y-almendras-hipoalergenico-terapeutico-500-ml","status":"publish","type":"product","link":"https:\/\/eltiomascotas.com.mx\/index.php\/product\/shampoo-perros-avena-y-almendras-hipoalergenico-terapeutico-500-ml\/","title":{"rendered":"Shampoo Perros Avena Y Almendras Hipoalerg\u00e9nico Terap\u00e9utico 500 ml"},"content":{"rendered":"<p style=\"text-align: left;\">SHAMPOO ALMONDS &amp; OATS PARA PERRO 500ml<\/p>\n<p>BENEFICIOS:<br \/>\n&#8211; Pelo m\u00e1s brilloso y sedoso<br \/>\n&#8211; Piel y pelo con aroma fresco y radiante<br \/>\n&#8211; Vibrante equilibro energ\u00e9tico<br \/>\n&#8211; Ayuda a relajar a tu perro y ubicarlo en un estado de agradable concentraci\u00f3n.<br \/>\n&#8211; Protecci\u00f3n y cuidado de la piel<\/p>\n<p>Este shampoo cuenta con aceite de almendras que es perfecto para todo tipo de pelo y razas de perros debido a que contiene minerales y altos niveles de vitaminas A, B y E, es un ingrediente muy efectivo para hidratar, nutrir el pelo y hacerlo crecer, dot\u00e1ndole de brillo y suavidad. Evita escamas o caspa, por su alto contenido de magnesio ayudando a mantener el pelo fuerte y sin puntas abiertas.<\/p>\n<p>Los extractos de avena y s\u00e1bila del shampoo, adem\u00e1s de aportar poder exfoliante, facilitan la regeneraci\u00f3n de la piel; son calmantes, reduciendo el prurito, mantienen el pH natural de la piel previniendo picores e irritaciones.<\/p>\n","protected":false},"excerpt":{"rendered":"<p>SHAMPOO ALMONDS &amp; OATS PARA PERRO 500ml<\/p>\n","protected":false},"featured_media":26060,"comment_status":"open","ping_status":"closed","template":"","meta":[],"product_cat":[200,212],"product_tag":[661,662,658],"class_list":{"0":"post-26059","1":"product","2":"type-product","3":"status-publish","4":"has-post-thumbnail","6":"product_brand-biomaa","7":"product_cat-higiene-limpieza-perros","8":"product_cat-jabon-y-shampoo","9":"product_tag-shampoo-almendras-y-avena","10":"product_tag-shampoo-hipoalergenico","11":"product_tag-shampoo-perro","14":"first","15":"instock","16":"taxable","17":"shipping-taxable","18":"purchasable","19":"product-type-simple"},"jetpack_sharing_enabled":true,"_links":{"self":[{"href":"https:\/\/eltiomascotas.com.mx\/index.php\/wp-json\/wp\/v2\/product\/26059","targetHints":{"allow":["GET"]}}],"collection":[{"href":"https:\/\/eltiomascotas.com.mx\/index.php\/wp-json\/wp\/v2\/product"}],"about":[{"href":"https:\/\/eltiomascotas.com.mx\/index.php\/wp-json\/wp\/v2\/types\/product"}],"replies":[{"embeddable":true,"href":"https:\/\/eltiomascotas.com.mx\/index.php\/wp-json\/wp\/v2\/comments?post=26059"}],"version-history":[{"count":2,"href":"https:\/\/eltiomascotas.com.mx\/index.php\/wp-json\/wp\/v2\/product\/26059\/revisions"}],"predecessor-version":[{"id":26065,"href":"https:\/\/eltiomascotas.com.mx\/index.php\/wp-json\/wp\/v2\/product\/26059\/revisions\/26065"}],"wp:featuredmedia":[{"embeddable":true,"href":"https:\/\/eltiomascotas.com.mx\/index.php\/wp-json\/wp\/v2\/media\/26060"}],"wp:attachment":[{"href":"https:\/\/eltiomascotas.com.mx\/index.php\/wp-json\/wp\/v2\/media?parent=26059"}],"wp:term":[{"taxonomy":"product_cat","embeddable":true,"href":"https:\/\/eltiomascotas.com.mx\/index.php\/wp-json\/wp\/v2\/product_cat?post=26059"},{"taxonomy":"product_tag","embeddable":true,"href":"https:\/\/eltiomascotas.com.mx\/index.php\/wp-json\/wp\/v2\/product_tag?post=26059"}],"curies":[{"name":"wp","href":"https:\/\/api.w.org\/{rel}","templated":true}]}}