{"id":26070,"date":"2025-08-19T17:00:32","date_gmt":"2025-08-19T23:00:32","guid":{"rendered":"https:\/\/eltiomascotas.com.mx\/?post_type=product&#038;p=26070"},"modified":"2025-08-19T17:00:33","modified_gmt":"2025-08-19T23:00:33","slug":"shampoo-para-perros-miel-y-karite-hipoalergenico-terapeutico-500-ml","status":"publish","type":"product","link":"https:\/\/eltiomascotas.com.mx\/index.php\/product\/shampoo-para-perros-miel-y-karite-hipoalergenico-terapeutico-500-ml\/","title":{"rendered":"Shampoo Para Perros Miel Y Karit\u00e9 Hipoalerg\u00e9nico Terap\u00e9utico 500 ml"},"content":{"rendered":"<p>SHAMPOO SHEA BUTTER &amp; HONEY PARA PERRO 500ml<\/p>\n<p>BENEFICIOS:<br \/>\n&#8211; Pelo m\u00e1s brilloso y sedoso<br \/>\n&#8211; Piel y pelo con aroma fresco y radiante<br \/>\n&#8211; Vibrante equilibro energ\u00e9tico<br \/>\n&#8211; Ayuda a relajar a tu perro y ubicarlo en un estado de agradable concentraci\u00f3n.<br \/>\n&#8211; Protecci\u00f3n y cuidado de la piel<\/p>\n<p>Es la formulaci\u00f3n ganadora que contiene ingredientes naturales ampliamente reconocidos para el cuidado de la piel y el pelo. La manteca de karite por su contenido de vitaminas A y E, \u00e1cidos grasos esenciales omega o3, o6, es un excelente emoliente y protector para la piel y el pelo y junto con el extracto de aloe vera se logra un maravilloso efecto reparador. La combinaci\u00f3n con miel de abeja suma beneficios adicionales a la f\u00f3rmula, como hidrataci\u00f3n profunda y acciones como antioxidante, tonificante y revitalizante.<\/p>\n<p>Este shampoo es la opci\u00f3n para humectar, suavizar y mejorar la flexibilidad de la piel y el pelo. Limpia suavemente y promueve el crecimiento saludable del pelo, indicado en casos donde el pelo est\u00e1 severamente da\u00f1ado y para la conservaci\u00f3n de la belleza de un pelaje sedoso y brillante. El uso frecuente de este shampoo soluciona y previene la resequedad y maltrato de la piel y el pelo de tu mascota.<\/p>\n","protected":false},"excerpt":{"rendered":"<p>SHAMPOO SHEA BUTTER &amp; HONEY PARA PERRO 500ml<\/p>\n","protected":false},"featured_media":26071,"comment_status":"open","ping_status":"closed","template":"","meta":[],"product_cat":[200,212],"product_tag":[662,665,658],"class_list":{"0":"post-26070","1":"product","2":"type-product","3":"status-publish","4":"has-post-thumbnail","6":"product_brand-biomaa","7":"product_cat-higiene-limpieza-perros","8":"product_cat-jabon-y-shampoo","9":"product_tag-shampoo-hipoalergenico","10":"product_tag-shampoo-miel-y-karite","11":"product_tag-shampoo-perro","14":"first","15":"instock","16":"taxable","17":"shipping-taxable","18":"purchasable","19":"product-type-simple"},"jetpack_sharing_enabled":true,"_links":{"self":[{"href":"https:\/\/eltiomascotas.com.mx\/index.php\/wp-json\/wp\/v2\/product\/26070","targetHints":{"allow":["GET"]}}],"collection":[{"href":"https:\/\/eltiomascotas.com.mx\/index.php\/wp-json\/wp\/v2\/product"}],"about":[{"href":"https:\/\/eltiomascotas.com.mx\/index.php\/wp-json\/wp\/v2\/types\/product"}],"replies":[{"embeddable":true,"href":"https:\/\/eltiomascotas.com.mx\/index.php\/wp-json\/wp\/v2\/comments?post=26070"}],"version-history":[{"count":2,"href":"https:\/\/eltiomascotas.com.mx\/index.php\/wp-json\/wp\/v2\/product\/26070\/revisions"}],"predecessor-version":[{"id":26076,"href":"https:\/\/eltiomascotas.com.mx\/index.php\/wp-json\/wp\/v2\/product\/26070\/revisions\/26076"}],"wp:featuredmedia":[{"embeddable":true,"href":"https:\/\/eltiomascotas.com.mx\/index.php\/wp-json\/wp\/v2\/media\/26071"}],"wp:attachment":[{"href":"https:\/\/eltiomascotas.com.mx\/index.php\/wp-json\/wp\/v2\/media?parent=26070"}],"wp:term":[{"taxonomy":"product_cat","embeddable":true,"href":"https:\/\/eltiomascotas.com.mx\/index.php\/wp-json\/wp\/v2\/product_cat?post=26070"},{"taxonomy":"product_tag","embeddable":true,"href":"https:\/\/eltiomascotas.com.mx\/index.php\/wp-json\/wp\/v2\/product_tag?post=26070"}],"curies":[{"name":"wp","href":"https:\/\/api.w.org\/{rel}","templated":true}]}}