{"id":26085,"date":"2025-08-19T17:15:12","date_gmt":"2025-08-19T23:15:12","guid":{"rendered":"https:\/\/eltiomascotas.com.mx\/?post_type=product&#038;p=26085"},"modified":"2025-08-19T17:15:13","modified_gmt":"2025-08-19T23:15:13","slug":"shampoo-vitaminado-para-perros-de-todas-las-razas-250-ml","status":"publish","type":"product","link":"https:\/\/eltiomascotas.com.mx\/index.php\/product\/shampoo-vitaminado-para-perros-de-todas-las-razas-250-ml\/","title":{"rendered":"Shampoo Vitaminado Para Perros De Todas Las Razas 250 ml"},"content":{"rendered":"<p>SHAMPOO VITAMINADO PARA PERROS 250ml<\/p>\n<p>Este shampoo vitaminado con aroma frutal, vigoriza el pelo desde la ra\u00edz al fortalecer el fol\u00edculo por medio de las vitaminas a\u00f1adidas, adem\u00e1s de ayudar a mantener la piel sana.<\/p>\n","protected":false},"excerpt":{"rendered":"<p>SHAMPOO VITAMINADO PARA PERROS 250ml<\/p>\n","protected":false},"featured_media":26086,"comment_status":"open","ping_status":"closed","template":"","meta":[],"product_cat":[200,212],"product_tag":[658,670],"class_list":{"0":"post-26085","1":"product","2":"type-product","3":"status-publish","4":"has-post-thumbnail","6":"product_brand-biomaa","7":"product_cat-higiene-limpieza-perros","8":"product_cat-jabon-y-shampoo","9":"product_tag-shampoo-perro","10":"product_tag-shampoo-vitaminado","13":"first","14":"instock","15":"taxable","16":"shipping-taxable","17":"purchasable","18":"product-type-simple"},"jetpack_sharing_enabled":true,"_links":{"self":[{"href":"https:\/\/eltiomascotas.com.mx\/index.php\/wp-json\/wp\/v2\/product\/26085","targetHints":{"allow":["GET"]}}],"collection":[{"href":"https:\/\/eltiomascotas.com.mx\/index.php\/wp-json\/wp\/v2\/product"}],"about":[{"href":"https:\/\/eltiomascotas.com.mx\/index.php\/wp-json\/wp\/v2\/types\/product"}],"replies":[{"embeddable":true,"href":"https:\/\/eltiomascotas.com.mx\/index.php\/wp-json\/wp\/v2\/comments?post=26085"}],"version-history":[{"count":2,"href":"https:\/\/eltiomascotas.com.mx\/index.php\/wp-json\/wp\/v2\/product\/26085\/revisions"}],"predecessor-version":[{"id":26088,"href":"https:\/\/eltiomascotas.com.mx\/index.php\/wp-json\/wp\/v2\/product\/26085\/revisions\/26088"}],"wp:featuredmedia":[{"embeddable":true,"href":"https:\/\/eltiomascotas.com.mx\/index.php\/wp-json\/wp\/v2\/media\/26086"}],"wp:attachment":[{"href":"https:\/\/eltiomascotas.com.mx\/index.php\/wp-json\/wp\/v2\/media?parent=26085"}],"wp:term":[{"taxonomy":"product_cat","embeddable":true,"href":"https:\/\/eltiomascotas.com.mx\/index.php\/wp-json\/wp\/v2\/product_cat?post=26085"},{"taxonomy":"product_tag","embeddable":true,"href":"https:\/\/eltiomascotas.com.mx\/index.php\/wp-json\/wp\/v2\/product_tag?post=26085"}],"curies":[{"name":"wp","href":"https:\/\/api.w.org\/{rel}","templated":true}]}}