{"id":26089,"date":"2025-08-19T17:24:40","date_gmt":"2025-08-19T23:24:40","guid":{"rendered":"https:\/\/eltiomascotas.com.mx\/?post_type=product&#038;p=26089"},"modified":"2025-08-19T17:24:40","modified_gmt":"2025-08-19T23:24:40","slug":"alimento-para-aves-polivitaminas-tonico-multivitaminico-65-ml","status":"publish","type":"product","link":"https:\/\/eltiomascotas.com.mx\/index.php\/product\/alimento-para-aves-polivitaminas-tonico-multivitaminico-65-ml\/","title":{"rendered":"Alimento Para Aves Polivitaminas T\u00f3nico Multivitam\u00ednico 65 ml"},"content":{"rendered":"<p>T\u00d3NICO POLIVITAMINAS MULTIVITAMINICO PARA AVES 65ml<\/p>\n<p>El t\u00f3nico polivitaminico, cuyo uso diario es indicado para aves de jaula canoras y de ornato, es un excelente complemento alimenticio para evitar la aparici\u00f3n de enfermedades carenciales, favorece el crecimiento y fortalece las funciones vitales de las aves.<\/p>\n<p>BENEFICIOS:<br \/>\n&#8211; Previene la aparici\u00f3n de enfermedades<br \/>\n&#8211; Refuerza las funciones vitales<br \/>\n&#8211; Favorece al crecimiento<br \/>\n&#8211; Seguro para uso diario<\/p>\n","protected":false},"excerpt":{"rendered":"<p>T\u00d3NICO POLIVITAMINAS MULTIVITAMINICO PARA AVES 65ml<\/p>\n","protected":false},"featured_media":26090,"comment_status":"open","ping_status":"closed","template":"","meta":[],"product_cat":[130,270],"product_tag":[338,671,672],"class_list":{"0":"post-26089","1":"product","2":"type-product","3":"status-publish","4":"has-post-thumbnail","6":"product_brand-biomaa","7":"product_cat-alimentos-para-aves","8":"product_cat-aves","9":"product_tag-alimento-aves","10":"product_tag-polivitaminas","11":"product_tag-tonico-multivitaminico","14":"first","15":"instock","16":"taxable","17":"shipping-taxable","18":"purchasable","19":"product-type-simple"},"jetpack_sharing_enabled":true,"_links":{"self":[{"href":"https:\/\/eltiomascotas.com.mx\/index.php\/wp-json\/wp\/v2\/product\/26089","targetHints":{"allow":["GET"]}}],"collection":[{"href":"https:\/\/eltiomascotas.com.mx\/index.php\/wp-json\/wp\/v2\/product"}],"about":[{"href":"https:\/\/eltiomascotas.com.mx\/index.php\/wp-json\/wp\/v2\/types\/product"}],"replies":[{"embeddable":true,"href":"https:\/\/eltiomascotas.com.mx\/index.php\/wp-json\/wp\/v2\/comments?post=26089"}],"version-history":[{"count":1,"href":"https:\/\/eltiomascotas.com.mx\/index.php\/wp-json\/wp\/v2\/product\/26089\/revisions"}],"predecessor-version":[{"id":26092,"href":"https:\/\/eltiomascotas.com.mx\/index.php\/wp-json\/wp\/v2\/product\/26089\/revisions\/26092"}],"wp:featuredmedia":[{"embeddable":true,"href":"https:\/\/eltiomascotas.com.mx\/index.php\/wp-json\/wp\/v2\/media\/26090"}],"wp:attachment":[{"href":"https:\/\/eltiomascotas.com.mx\/index.php\/wp-json\/wp\/v2\/media?parent=26089"}],"wp:term":[{"taxonomy":"product_cat","embeddable":true,"href":"https:\/\/eltiomascotas.com.mx\/index.php\/wp-json\/wp\/v2\/product_cat?post=26089"},{"taxonomy":"product_tag","embeddable":true,"href":"https:\/\/eltiomascotas.com.mx\/index.php\/wp-json\/wp\/v2\/product_tag?post=26089"}],"curies":[{"name":"wp","href":"https:\/\/api.w.org\/{rel}","templated":true}]}}