{"id":26103,"date":"2025-08-19T17:44:35","date_gmt":"2025-08-19T23:44:35","guid":{"rendered":"https:\/\/eltiomascotas.com.mx\/?post_type=product&#038;p=26103"},"modified":"2025-08-19T17:44:36","modified_gmt":"2025-08-19T23:44:36","slug":"turbidel-agente-antiturbio-aclarador-agua-efectivo-125-ml","status":"publish","type":"product","link":"https:\/\/eltiomascotas.com.mx\/index.php\/product\/turbidel-agente-antiturbio-aclarador-agua-efectivo-125-ml\/","title":{"rendered":"Turbidel Agente Antiturbio Aclarador Agua Efectivo 125 ml"},"content":{"rendered":"<p>TURBIDEL 125ml<\/p>\n<p>Agente antiturbio aclarador efectivo de agua .<\/p>\n<ul>\n<li>ELIMINAR LA TURBIDEZ DEL AGUA, provocada por part\u00edculas en suspensi\u00f3n (restos de comida, excrementos, polvo del sustrato, etc.).<\/li>\n<li>AGRUPAR LAS PART\u00cdCULAS MICROSC\u00d3PICAS, (fl\u00f3culos) para que sean atrapadas por el filtro m\u00e1s f\u00e1cilmente.<\/li>\n<li>MEJORAR LA CLARIDAD DEL AGUA, dejando el acuario m\u00e1s transparente y limpio.<\/li>\n<\/ul>\n","protected":false},"excerpt":{"rendered":"<p>TURBIDEL 125ml<\/p>\n","protected":false},"featured_media":26104,"comment_status":"open","ping_status":"closed","template":"","meta":[],"product_cat":[258,255],"product_tag":[677,678,676],"class_list":{"0":"post-26103","1":"product","2":"type-product","3":"status-publish","4":"has-post-thumbnail","6":"product_brand-biomaa","7":"product_cat-acondicionador-tratamiento","8":"product_cat-limpiezaymantenimientoacuarios","9":"product_tag-aclarador-agua","10":"product_tag-agente-antiturbio","11":"product_tag-turbidel","14":"first","15":"instock","16":"taxable","17":"shipping-taxable","18":"purchasable","19":"product-type-simple"},"jetpack_sharing_enabled":true,"_links":{"self":[{"href":"https:\/\/eltiomascotas.com.mx\/index.php\/wp-json\/wp\/v2\/product\/26103","targetHints":{"allow":["GET"]}}],"collection":[{"href":"https:\/\/eltiomascotas.com.mx\/index.php\/wp-json\/wp\/v2\/product"}],"about":[{"href":"https:\/\/eltiomascotas.com.mx\/index.php\/wp-json\/wp\/v2\/types\/product"}],"replies":[{"embeddable":true,"href":"https:\/\/eltiomascotas.com.mx\/index.php\/wp-json\/wp\/v2\/comments?post=26103"}],"version-history":[{"count":2,"href":"https:\/\/eltiomascotas.com.mx\/index.php\/wp-json\/wp\/v2\/product\/26103\/revisions"}],"predecessor-version":[{"id":26107,"href":"https:\/\/eltiomascotas.com.mx\/index.php\/wp-json\/wp\/v2\/product\/26103\/revisions\/26107"}],"wp:featuredmedia":[{"embeddable":true,"href":"https:\/\/eltiomascotas.com.mx\/index.php\/wp-json\/wp\/v2\/media\/26104"}],"wp:attachment":[{"href":"https:\/\/eltiomascotas.com.mx\/index.php\/wp-json\/wp\/v2\/media?parent=26103"}],"wp:term":[{"taxonomy":"product_cat","embeddable":true,"href":"https:\/\/eltiomascotas.com.mx\/index.php\/wp-json\/wp\/v2\/product_cat?post=26103"},{"taxonomy":"product_tag","embeddable":true,"href":"https:\/\/eltiomascotas.com.mx\/index.php\/wp-json\/wp\/v2\/product_tag?post=26103"}],"curies":[{"name":"wp","href":"https:\/\/api.w.org\/{rel}","templated":true}]}}